{"id":7,"date":"2013-03-20T03:22:05","date_gmt":"2013-03-20T03:22:05","guid":{"rendered":"http:\/\/ultimato.com.br\/sites\/vida-crista-fora-caixa\/?page_id=7"},"modified":"2013-03-20T00:37:04","modified_gmt":"2013-03-20T03:37:04","slug":"o-autor","status":"publish","type":"page","link":"https:\/\/ultimato.com.br\/sites\/vida-crista-fora-caixa\/o-autor\/","title":{"rendered":"O Autor"},"content":{"rendered":"<p><a href=\"http:\/\/ultimato.com.br\/sites\/vida-crista-fora-caixa\/files\/2013\/03\/foto_hs_vcfc.jpg\"><img loading=\"lazy\" decoding=\"async\" class=\"alignright  wp-image-27\" alt=\"foto_hs_vcfc\" src=\"http:\/\/ultimato.com.br\/sites\/vida-crista-fora-caixa\/files\/2013\/03\/foto_hs_vcfc-276x300.jpg\" width=\"186\" height=\"202\" srcset=\"https:\/\/ultimato.com.br\/sites\/vida-crista-fora-caixa\/files\/2013\/03\/foto_hs_vcfc-276x300.jpg 276w, https:\/\/ultimato.com.br\/sites\/vida-crista-fora-caixa\/files\/2013\/03\/foto_hs_vcfc.jpg 442w\" sizes=\"auto, (max-width: 186px) 100vw, 186px\" \/><\/a>Marcos Botelho \u00e9 palha\u00e7o, blogueiro e mission\u00e1rio, n\u00e3o necessariamente nesta ordem. \u00c9 criador do Blog do Marcos Botelho \u2013 Vida Crist\u00e3 Fora da Caixa, pastor de jovens e mission\u00e1rio da miss\u00e3o Jovens da Verdade e da Sepal \u2013 Servindo aos Pastores e L\u00edderes.<\/p>\n","protected":false},"excerpt":{"rendered":"<p>Marcos Botelho \u00e9 palha\u00e7o, blogueiro e mission\u00e1rio, n\u00e3o necessariamente nesta ordem. \u00c9 criador do Blog do Marcos Botelho \u2013 Vida Crist\u00e3 Fora da Caixa, pastor de jovens e mission\u00e1rio da miss\u00e3o Jovens da Verdade e da Sepal \u2013 Servindo aos Pastores e L\u00edderes.<\/p>\n","protected":false},"author":24,"featured_media":0,"parent":0,"menu_order":2,"comment_status":"open","ping_status":"open","template":"","meta":{"footnotes":""},"class_list":["post-7","page","type-page","status-publish","hentry"],"_links":{"self":[{"href":"https:\/\/ultimato.com.br\/sites\/vida-crista-fora-caixa\/wp-json\/wp\/v2\/pages\/7","targetHints":{"allow":["GET"]}}],"collection":[{"href":"https:\/\/ultimato.com.br\/sites\/vida-crista-fora-caixa\/wp-json\/wp\/v2\/pages"}],"about":[{"href":"https:\/\/ultimato.com.br\/sites\/vida-crista-fora-caixa\/wp-json\/wp\/v2\/types\/page"}],"author":[{"embeddable":true,"href":"https:\/\/ultimato.com.br\/sites\/vida-crista-fora-caixa\/wp-json\/wp\/v2\/users\/24"}],"replies":[{"embeddable":true,"href":"https:\/\/ultimato.com.br\/sites\/vida-crista-fora-caixa\/wp-json\/wp\/v2\/comments?post=7"}],"version-history":[{"count":3,"href":"https:\/\/ultimato.com.br\/sites\/vida-crista-fora-caixa\/wp-json\/wp\/v2\/pages\/7\/revisions"}],"predecessor-version":[{"id":28,"href":"https:\/\/ultimato.com.br\/sites\/vida-crista-fora-caixa\/wp-json\/wp\/v2\/pages\/7\/revisions\/28"}],"wp:attachment":[{"href":"https:\/\/ultimato.com.br\/sites\/vida-crista-fora-caixa\/wp-json\/wp\/v2\/media?parent=7"}],"curies":[{"name":"wp","href":"https:\/\/api.w.org\/{rel}","templated":true}]}}