{"id":65,"date":"2013-04-02T10:53:54","date_gmt":"2013-04-02T13:53:54","guid":{"rendered":"http:\/\/ultimato.com.br\/sites\/vida-crista-fora-caixa\/?page_id=65"},"modified":"2013-04-02T10:53:54","modified_gmt":"2013-04-02T13:53:54","slug":"release","status":"publish","type":"page","link":"https:\/\/ultimato.com.br\/sites\/vida-crista-fora-caixa\/extras\/release\/","title":{"rendered":"Release"},"content":{"rendered":"<p>Aqui est\u00e1 o\u00a0<em>press-release<\/em>\u00a0do livro\u00a0<strong>Vida Crist\u00e3 Fora da Caixa<\/strong>\u00a0para voc\u00ea divulgar no seu site, blog, jornal ou outro meio de comunica\u00e7\u00e3o do seu acesso. Ajude-nos a espalhar este conte\u00fado que se faz t\u00e3o necess\u00e1rio para nossa caminhada di\u00e1ria.<\/p>\n<p>&#8211; Arquivo em\u00a0<a href=\"http:\/\/editoraultimato.com.br\/downloads\/vida-crista-fora-da-caixa\/release_vida_crista_fora_caixa_Mar_2013.pdf\" target=\"_blank\">PDF<\/a>.<\/p>\n<p>&#8211; Arquivo em\u00a0<a href=\"http:\/\/editoraultimato.com.br\/downloads\/vida-crista-fora-da-caixa\/Release_Vida_crista_fora_caixa_doc_Mar_2013.zip\" target=\"_blank\">DOC<\/a>.<\/p>\n","protected":false},"excerpt":{"rendered":"<p>Aqui est\u00e1 o\u00a0press-release\u00a0do livro\u00a0Vida Crist\u00e3 Fora da Caixa\u00a0para voc\u00ea divulgar no seu site, blog, jornal ou outro meio de comunica\u00e7\u00e3o do seu acesso. Ajude-nos a espalhar este conte\u00fado que se faz t\u00e3o necess\u00e1rio para nossa caminhada di\u00e1ria. &#8211; Arquivo em\u00a0PDF. &#8211; Arquivo em\u00a0DOC.<\/p>\n","protected":false},"author":8,"featured_media":0,"parent":11,"menu_order":0,"comment_status":"open","ping_status":"open","template":"","meta":{"footnotes":""},"class_list":["post-65","page","type-page","status-publish","hentry"],"_links":{"self":[{"href":"https:\/\/ultimato.com.br\/sites\/vida-crista-fora-caixa\/wp-json\/wp\/v2\/pages\/65","targetHints":{"allow":["GET"]}}],"collection":[{"href":"https:\/\/ultimato.com.br\/sites\/vida-crista-fora-caixa\/wp-json\/wp\/v2\/pages"}],"about":[{"href":"https:\/\/ultimato.com.br\/sites\/vida-crista-fora-caixa\/wp-json\/wp\/v2\/types\/page"}],"author":[{"embeddable":true,"href":"https:\/\/ultimato.com.br\/sites\/vida-crista-fora-caixa\/wp-json\/wp\/v2\/users\/8"}],"replies":[{"embeddable":true,"href":"https:\/\/ultimato.com.br\/sites\/vida-crista-fora-caixa\/wp-json\/wp\/v2\/comments?post=65"}],"version-history":[{"count":1,"href":"https:\/\/ultimato.com.br\/sites\/vida-crista-fora-caixa\/wp-json\/wp\/v2\/pages\/65\/revisions"}],"predecessor-version":[{"id":66,"href":"https:\/\/ultimato.com.br\/sites\/vida-crista-fora-caixa\/wp-json\/wp\/v2\/pages\/65\/revisions\/66"}],"up":[{"embeddable":true,"href":"https:\/\/ultimato.com.br\/sites\/vida-crista-fora-caixa\/wp-json\/wp\/v2\/pages\/11"}],"wp:attachment":[{"href":"https:\/\/ultimato.com.br\/sites\/vida-crista-fora-caixa\/wp-json\/wp\/v2\/media?parent=65"}],"curies":[{"name":"wp","href":"https:\/\/api.w.org\/{rel}","templated":true}]}}