{"id":4,"date":"2013-03-20T03:21:50","date_gmt":"2013-03-20T03:21:50","guid":{"rendered":"http:\/\/ultimato.com.br\/sites\/vida-crista-fora-caixa\/?page_id=4"},"modified":"2013-04-08T14:50:20","modified_gmt":"2013-04-08T17:50:20","slug":"o-livro","status":"publish","type":"page","link":"https:\/\/ultimato.com.br\/sites\/vida-crista-fora-caixa\/","title":{"rendered":"O Livro"},"content":{"rendered":"<p><iframe loading=\"lazy\" width=\"600\" height=\"338\" src=\"http:\/\/www.youtube.com\/embed\/JfU3zpv79w4\" frameborder=\"0\" allowfullscreen><\/iframe><br \/>\nOs valores b\u00edblicos de um jeito que voc\u00ea nunca viu.<\/p>\n<p>Sexo, voca\u00e7\u00e3o, igreja e mais um monte de assuntos sobre os quais quase sempre temos vergonha de perguntar, agora reunidos nesta colet\u00e2nea dos melhores textos publicados no blog <a href=\"http:\/\/ultimato.com.br\/sites\/marcosbotelho\/\">Vida Crist\u00e3 Fora da Caixa<\/a>, para jovens, pastores de jovens e os milhares de seguidores do blogueiro Marcos Botelho.<\/p>\n<p><i>Vida Crist\u00e3 Fora da Caixa<\/i> \u00e9 um livro para quem tem pressa. Para quem tem um olho na B\u00edblia e o outro no mundo. Para quem n\u00e3o vive sem internet e para quem n\u00e3o sabe bem o que fazer com a f\u00e9 crist\u00e3. Para quem n\u00e3o gosta de religi\u00e3o e para quem ama a Deus, mas precisa de respostas para suas perguntas.<\/p>\n","protected":false},"excerpt":{"rendered":"<p>Os valores b\u00edblicos de um jeito que voc\u00ea nunca viu. Sexo, voca\u00e7\u00e3o, igreja e mais um monte de assuntos sobre os quais quase sempre temos vergonha de perguntar, agora reunidos nesta colet\u00e2nea dos melhores textos publicados no blog Vida Crist\u00e3 Fora da Caixa, para jovens, pastores de jovens e os milhares de seguidores do blogueiro [&hellip;]<\/p>\n","protected":false},"author":24,"featured_media":0,"parent":0,"menu_order":1,"comment_status":"open","ping_status":"open","template":"","meta":{"footnotes":""},"class_list":["post-4","page","type-page","status-publish","hentry"],"_links":{"self":[{"href":"https:\/\/ultimato.com.br\/sites\/vida-crista-fora-caixa\/wp-json\/wp\/v2\/pages\/4","targetHints":{"allow":["GET"]}}],"collection":[{"href":"https:\/\/ultimato.com.br\/sites\/vida-crista-fora-caixa\/wp-json\/wp\/v2\/pages"}],"about":[{"href":"https:\/\/ultimato.com.br\/sites\/vida-crista-fora-caixa\/wp-json\/wp\/v2\/types\/page"}],"author":[{"embeddable":true,"href":"https:\/\/ultimato.com.br\/sites\/vida-crista-fora-caixa\/wp-json\/wp\/v2\/users\/24"}],"replies":[{"embeddable":true,"href":"https:\/\/ultimato.com.br\/sites\/vida-crista-fora-caixa\/wp-json\/wp\/v2\/comments?post=4"}],"version-history":[{"count":5,"href":"https:\/\/ultimato.com.br\/sites\/vida-crista-fora-caixa\/wp-json\/wp\/v2\/pages\/4\/revisions"}],"predecessor-version":[{"id":74,"href":"https:\/\/ultimato.com.br\/sites\/vida-crista-fora-caixa\/wp-json\/wp\/v2\/pages\/4\/revisions\/74"}],"wp:attachment":[{"href":"https:\/\/ultimato.com.br\/sites\/vida-crista-fora-caixa\/wp-json\/wp\/v2\/media?parent=4"}],"curies":[{"name":"wp","href":"https:\/\/api.w.org\/{rel}","templated":true}]}}