{"id":17,"date":"2013-03-20T03:24:44","date_gmt":"2013-03-20T03:24:44","guid":{"rendered":"http:\/\/ultimato.com.br\/sites\/vida-crista-fora-caixa\/?page_id=17"},"modified":"2013-03-20T10:34:12","modified_gmt":"2013-03-20T13:34:12","slug":"divulgue","status":"publish","type":"page","link":"https:\/\/ultimato.com.br\/sites\/vida-crista-fora-caixa\/extras\/divulgue\/","title":{"rendered":"Divulgue"},"content":{"rendered":"<p><strong>Banner 120&#215;60<\/strong><\/p>\n<table width=\"100%\" border=\"0\" cellspacing=\"0\" cellpadding=\"0\">\n<tbody>\n<tr>\n<td>\u00a0<a href=\"http:\/\/ultimato.com.br\/sites\/vida-crista-fora-caixa\/files\/2013\/03\/bannerB_vcfc.gif\"><img loading=\"lazy\" decoding=\"async\" class=\"size-full wp-image-36 aligncenter\" alt=\"bannerB_vcfc\" src=\"http:\/\/ultimato.com.br\/sites\/vida-crista-fora-caixa\/files\/2013\/03\/bannerB_vcfc.gif\" width=\"120\" height=\"60\" \/><\/a><\/td>\n<\/tr>\n<tr>\n<td><a href=\"http:\/\/ultimato.com.br\/sites\/teologia-pura-simples\/files\/2012\/10\/bannerE_tps.gif\" target=\"_blank\">[120&#215;60]<\/a><\/td>\n<\/tr>\n<\/tbody>\n<\/table>\n<p><em>C\u00f3digo de incorpora\u00e7\u00e3o:<\/em>\u00a0<br \/>\n<textarea name=\"code\" rows=\"5\" style=\"width: 100%;\"><a href=\"http:\/\/ultimato.com.br\/sites\/vida-crista-fora-caixa\/\" target=\"_blank\" title=\"Vida Crist\u00e3 Fora da Caixa\"><img loading=\"lazy\" decoding=\"async\" style=\"border: 0px initial initial;\" title=\"Banner 120\u00d760\" src=\"http:\/\/ultimato.com.br\/sites\/vida-crista-fora-caixa\/files\/2013\/03\/bannerB_vcfc.gif\" alt=\"\" width=\"120\" height=\"60\" \/><\/a><\/textarea><\/p>\n<p>&nbsp;<\/p>\n<p><strong>Banner 120&#215;240<\/strong><\/p>\n<table width=\"100%\" border=\"0\" cellspacing=\"0\" cellpadding=\"0\">\n<tbody>\n<tr>\n<td><a href=\"http:\/\/ultimato.com.br\/sites\/vida-crista-fora-caixa\/files\/2013\/03\/bannerD_vcfc1.gif\"><img loading=\"lazy\" decoding=\"async\" class=\"size-full wp-image-39 aligncenter\" alt=\"bannerD_vcfc\" src=\"http:\/\/ultimato.com.br\/sites\/vida-crista-fora-caixa\/files\/2013\/03\/bannerD_vcfc1.gif\" width=\"120\" height=\"240\" \/><\/a><\/td>\n<\/tr>\n<tr>\n<td><a href=\"http:\/\/ultimato.com.br\/sites\/teologia-pura-simples\/files\/2012\/10\/bannerD_tps.gif\" target=\"_blank\">[120&#215;240]<\/a><\/td>\n<\/tr>\n<\/tbody>\n<\/table>\n<p><em>C\u00f3digo de incorpora\u00e7\u00e3o:<\/em><br \/>\n<textarea name=\"code\" rows=\"5\" style=\"width: 100%;\"><a href=\"http:\/\/ultimato.com.br\/sites\/vida-crista-fora-caixa\/\" target=\"_blank\" title=\"Vida Crist\u00e3 Fora da Caixa\"><img loading=\"lazy\" decoding=\"async\" style=\"border: 0px initial initial;\" title=\"Banner 120\u00d7240\" src=\"http:\/\/ultimato.com.br\/sites\/vida-crista-fora-caixa\/files\/2013\/03\/bannerD_vcfc.gif\" alt=\"\" width=\"120\" height=\"240\" \/><\/a><\/textarea><\/p>\n","protected":false},"excerpt":{"rendered":"<p>Banner 120&#215;60 \u00a0 [120&#215;60] C\u00f3digo de incorpora\u00e7\u00e3o:\u00a0 &nbsp; Banner 120&#215;240 [120&#215;240] C\u00f3digo de incorpora\u00e7\u00e3o:<\/p>\n","protected":false},"author":24,"featured_media":0,"parent":11,"menu_order":3,"comment_status":"open","ping_status":"open","template":"","meta":{"footnotes":""},"class_list":["post-17","page","type-page","status-publish","hentry"],"_links":{"self":[{"href":"https:\/\/ultimato.com.br\/sites\/vida-crista-fora-caixa\/wp-json\/wp\/v2\/pages\/17","targetHints":{"allow":["GET"]}}],"collection":[{"href":"https:\/\/ultimato.com.br\/sites\/vida-crista-fora-caixa\/wp-json\/wp\/v2\/pages"}],"about":[{"href":"https:\/\/ultimato.com.br\/sites\/vida-crista-fora-caixa\/wp-json\/wp\/v2\/types\/page"}],"author":[{"embeddable":true,"href":"https:\/\/ultimato.com.br\/sites\/vida-crista-fora-caixa\/wp-json\/wp\/v2\/users\/24"}],"replies":[{"embeddable":true,"href":"https:\/\/ultimato.com.br\/sites\/vida-crista-fora-caixa\/wp-json\/wp\/v2\/comments?post=17"}],"version-history":[{"count":12,"href":"https:\/\/ultimato.com.br\/sites\/vida-crista-fora-caixa\/wp-json\/wp\/v2\/pages\/17\/revisions"}],"predecessor-version":[{"id":37,"href":"https:\/\/ultimato.com.br\/sites\/vida-crista-fora-caixa\/wp-json\/wp\/v2\/pages\/17\/revisions\/37"}],"up":[{"embeddable":true,"href":"https:\/\/ultimato.com.br\/sites\/vida-crista-fora-caixa\/wp-json\/wp\/v2\/pages\/11"}],"wp:attachment":[{"href":"https:\/\/ultimato.com.br\/sites\/vida-crista-fora-caixa\/wp-json\/wp\/v2\/media?parent=17"}],"curies":[{"name":"wp","href":"https:\/\/api.w.org\/{rel}","templated":true}]}}