{"id":7,"date":"2016-03-02T15:12:29","date_gmt":"2016-03-02T15:12:29","guid":{"rendered":"http:\/\/ultimato.com.br\/sites\/verdadeiros-cientistas-fe-verdadeira\/?page_id=7"},"modified":"2016-10-04T13:43:53","modified_gmt":"2016-10-04T13:43:53","slug":"o-livro","status":"publish","type":"page","link":"https:\/\/ultimato.com.br\/sites\/verdadeiros-cientistas-fe-verdadeira\/","title":{"rendered":"O livro"},"content":{"rendered":"<blockquote><p>\u00c9 tradi\u00e7\u00e3o afirmar que Deus escreveu um Livro de Palavras \u2013 a B\u00edblia \u2013, mas tamb\u00e9m um Livro de Obras \u2013 a Cria\u00e7\u00e3o. Ambos t\u00eam o mesmo autor, mas foram escritos em idiomas distintos. A ci\u00eancia \u00e9 o estudo da cria\u00e7\u00e3o; para compreender plenamente os des\u00edgnios de Deus, precisamos ler ambos os livros.<\/p><\/blockquote>\n<p>&nbsp;<\/p>\n<p><strong>Verdadeiros Cientistas, F\u00e9 Verdadeira<\/strong> re\u00fane vinte cientistas crist\u00e3os, que atuam em campos diferentes da ci\u00eancia e apresentam seu relato de como a atividade cient\u00edfica e a f\u00e9 se relacionam e interagem em suas vidas e convic\u00e7\u00f5es.<\/p>\n<p>&nbsp;<\/p>\n<p>Os autores aqui reunidos, entre os quais Francis Collins, Alister McGrath, John Houghton, Jennifer Wiseman, Andrew Briggs, Robert White, R.J. Berry e outros, est\u00e3o vinculados a algumas das principais universidades e organiza\u00e7\u00f5es cient\u00edficas europeias e americanas, e t\u00eam suas contribui\u00e7\u00f5es reconhecidas e premiadas pela comunidade cient\u00edfica internacional.<\/p>\n<p>&nbsp;<\/p>\n<p>Uma leitura fascinante sobre as rela\u00e7\u00f5es entre a f\u00e9 crist\u00e3 e a pr\u00e1tica cient\u00edfica.<\/p>\n<p><iframe loading=\"lazy\" width=\"640\" height=\"360\" src=\"https:\/\/www.youtube.com\/embed\/x31whj6cF2Y\" frameborder=\"0\" allowfullscreen><\/iframe><\/p>\n","protected":false},"excerpt":{"rendered":"<p>\u00c9 tradi\u00e7\u00e3o afirmar que Deus escreveu um Livro de Palavras \u2013 a B\u00edblia \u2013, mas tamb\u00e9m um Livro de Obras \u2013 a Cria\u00e7\u00e3o. Ambos t\u00eam o mesmo autor, mas foram escritos em idiomas distintos. A ci\u00eancia \u00e9 o estudo da cria\u00e7\u00e3o; para compreender plenamente os des\u00edgnios de Deus, precisamos ler ambos os livros. &nbsp; Verdadeiros [&hellip;]<\/p>\n","protected":false},"author":24,"featured_media":0,"parent":0,"menu_order":0,"comment_status":"closed","ping_status":"closed","template":"","meta":{"footnotes":""},"class_list":["post-7","page","type-page","status-publish","hentry"],"_links":{"self":[{"href":"https:\/\/ultimato.com.br\/sites\/verdadeiros-cientistas-fe-verdadeira\/wp-json\/wp\/v2\/pages\/7","targetHints":{"allow":["GET"]}}],"collection":[{"href":"https:\/\/ultimato.com.br\/sites\/verdadeiros-cientistas-fe-verdadeira\/wp-json\/wp\/v2\/pages"}],"about":[{"href":"https:\/\/ultimato.com.br\/sites\/verdadeiros-cientistas-fe-verdadeira\/wp-json\/wp\/v2\/types\/page"}],"author":[{"embeddable":true,"href":"https:\/\/ultimato.com.br\/sites\/verdadeiros-cientistas-fe-verdadeira\/wp-json\/wp\/v2\/users\/24"}],"replies":[{"embeddable":true,"href":"https:\/\/ultimato.com.br\/sites\/verdadeiros-cientistas-fe-verdadeira\/wp-json\/wp\/v2\/comments?post=7"}],"version-history":[{"count":2,"href":"https:\/\/ultimato.com.br\/sites\/verdadeiros-cientistas-fe-verdadeira\/wp-json\/wp\/v2\/pages\/7\/revisions"}],"predecessor-version":[{"id":48,"href":"https:\/\/ultimato.com.br\/sites\/verdadeiros-cientistas-fe-verdadeira\/wp-json\/wp\/v2\/pages\/7\/revisions\/48"}],"wp:attachment":[{"href":"https:\/\/ultimato.com.br\/sites\/verdadeiros-cientistas-fe-verdadeira\/wp-json\/wp\/v2\/media?parent=7"}],"curies":[{"name":"wp","href":"https:\/\/api.w.org\/{rel}","templated":true}]}}