{"id":35,"date":"2016-03-03T00:32:02","date_gmt":"2016-03-03T00:32:02","guid":{"rendered":"http:\/\/ultimato.com.br\/sites\/verdadeiros-cientistas-fe-verdadeira\/?page_id=35"},"modified":"2016-03-03T00:32:02","modified_gmt":"2016-03-03T00:32:02","slug":"release","status":"publish","type":"page","link":"https:\/\/ultimato.com.br\/sites\/verdadeiros-cientistas-fe-verdadeira\/extras\/release\/","title":{"rendered":"Release"},"content":{"rendered":"<p><a href=\"http:\/\/ultimato.com.br\/sites\/verdadeiros-cientistas-fe-verdadeira\/files\/2016\/03\/6-Verdadeiros_Cientistas_Fe_Verdadeira_Mar2016.pdf\">Aqui<\/a> est\u00e1 o press-release do livro Verdadeiros Cientistas, F\u00e9 Verdadeira para voc\u00ea divulgar no seu site, blog, jornal ou outro meio de comunica\u00e7\u00e3o do seu acesso.<\/p>\n","protected":false},"excerpt":{"rendered":"<p>Aqui est\u00e1 o press-release do livro Verdadeiros Cientistas, F\u00e9 Verdadeira para voc\u00ea divulgar no seu site, blog, jornal ou outro meio de comunica\u00e7\u00e3o do seu acesso.<\/p>\n","protected":false},"author":24,"featured_media":0,"parent":11,"menu_order":3,"comment_status":"closed","ping_status":"closed","template":"","meta":{"footnotes":""},"class_list":["post-35","page","type-page","status-publish","hentry"],"_links":{"self":[{"href":"https:\/\/ultimato.com.br\/sites\/verdadeiros-cientistas-fe-verdadeira\/wp-json\/wp\/v2\/pages\/35","targetHints":{"allow":["GET"]}}],"collection":[{"href":"https:\/\/ultimato.com.br\/sites\/verdadeiros-cientistas-fe-verdadeira\/wp-json\/wp\/v2\/pages"}],"about":[{"href":"https:\/\/ultimato.com.br\/sites\/verdadeiros-cientistas-fe-verdadeira\/wp-json\/wp\/v2\/types\/page"}],"author":[{"embeddable":true,"href":"https:\/\/ultimato.com.br\/sites\/verdadeiros-cientistas-fe-verdadeira\/wp-json\/wp\/v2\/users\/24"}],"replies":[{"embeddable":true,"href":"https:\/\/ultimato.com.br\/sites\/verdadeiros-cientistas-fe-verdadeira\/wp-json\/wp\/v2\/comments?post=35"}],"version-history":[{"count":1,"href":"https:\/\/ultimato.com.br\/sites\/verdadeiros-cientistas-fe-verdadeira\/wp-json\/wp\/v2\/pages\/35\/revisions"}],"predecessor-version":[{"id":36,"href":"https:\/\/ultimato.com.br\/sites\/verdadeiros-cientistas-fe-verdadeira\/wp-json\/wp\/v2\/pages\/35\/revisions\/36"}],"up":[{"embeddable":true,"href":"https:\/\/ultimato.com.br\/sites\/verdadeiros-cientistas-fe-verdadeira\/wp-json\/wp\/v2\/pages\/11"}],"wp:attachment":[{"href":"https:\/\/ultimato.com.br\/sites\/verdadeiros-cientistas-fe-verdadeira\/wp-json\/wp\/v2\/media?parent=35"}],"curies":[{"name":"wp","href":"https:\/\/api.w.org\/{rel}","templated":true}]}}