{"id":9,"date":"2018-10-17T08:26:22","date_gmt":"2018-10-17T11:26:22","guid":{"rendered":"http:\/\/ultimato.com.br\/sites\/venha-o-teu-reino\/?page_id=9"},"modified":"2018-10-18T08:55:14","modified_gmt":"2018-10-18T11:55:14","slug":"os-autores","status":"publish","type":"page","link":"https:\/\/ultimato.com.br\/sites\/venha-o-teu-reino\/os-autores\/","title":{"rendered":"Os Autores"},"content":{"rendered":"<p><strong><img loading=\"lazy\" decoding=\"async\" class=\"alignleft wp-image-28\" src=\"http:\/\/ultimato.com.br\/sites\/venha-o-teu-reino\/files\/howard_autor-150x150.jpg\" alt=\"\" width=\"100\" height=\"100\" srcset=\"https:\/\/ultimato.com.br\/sites\/venha-o-teu-reino\/files\/howard_autor-150x150.jpg 150w, https:\/\/ultimato.com.br\/sites\/venha-o-teu-reino\/files\/howard_autor-299x300.jpg 299w, https:\/\/ultimato.com.br\/sites\/venha-o-teu-reino\/files\/howard_autor.jpg 300w\" sizes=\"auto, (max-width: 100px) 100vw, 100px\" \/><\/strong><\/p>\n<p>&nbsp;<\/p>\n<p><strong>Howard A. Snyder:\u00a0<\/strong>Autor de\u00a0<a href=\"http:\/\/www.ultimato.com.br\/loja\/produtos\/a-comunidade-do-rei\">A Comunidade do Rei<\/a>, \u00e9 ph.D em teologia hist\u00f3rica pela Universidade de Notre Dame e professor do Tyndale Seminary, em Toronto, Canad\u00e1. Foi mission\u00e1rio no Brasil na Igreja Metodista Livre.<\/p>\n<p>&nbsp;<\/p>\n<p><strong><img loading=\"lazy\" decoding=\"async\" class=\"alignleft wp-image-33\" src=\"http:\/\/ultimato.com.br\/sites\/venha-o-teu-reino\/files\/valdir_autor-299x300.jpg\" alt=\"\" width=\"100\" height=\"100\" srcset=\"https:\/\/ultimato.com.br\/sites\/venha-o-teu-reino\/files\/valdir_autor-299x300.jpg 299w, https:\/\/ultimato.com.br\/sites\/venha-o-teu-reino\/files\/valdir_autor-150x150.jpg 150w, https:\/\/ultimato.com.br\/sites\/venha-o-teu-reino\/files\/valdir_autor.jpg 300w\" sizes=\"auto, (max-width: 100px) 100vw, 100px\" \/><\/strong><\/p>\n<p>&nbsp;<\/p>\n<p><strong>Valdir Steuernagel:\u00a0<\/strong>Pastor luterano e integrante da Alian\u00e7a Crist\u00e3 Evang\u00e9lica e da Vis\u00e3o Mundial.<\/p>\n<p>&nbsp;<\/p>\n<p>&nbsp;<\/p>\n<p><strong><img loading=\"lazy\" decoding=\"async\" class=\"alignleft wp-image-29\" src=\"http:\/\/ultimato.com.br\/sites\/venha-o-teu-reino\/files\/jos\u00e9marcos_autor-299x300.jpg\" alt=\"\" width=\"100\" height=\"100\" srcset=\"https:\/\/ultimato.com.br\/sites\/venha-o-teu-reino\/files\/jos\u00e9marcos_autor-299x300.jpg 299w, https:\/\/ultimato.com.br\/sites\/venha-o-teu-reino\/files\/jos\u00e9marcos_autor-150x150.jpg 150w, https:\/\/ultimato.com.br\/sites\/venha-o-teu-reino\/files\/jos\u00e9marcos_autor.jpg 300w\" sizes=\"auto, (max-width: 100px) 100vw, 100px\" \/><\/strong><\/p>\n<p>&nbsp;<\/p>\n<p><strong>Jos\u00e9 Marcos da Silva:\u00a0<\/strong>Pastor da Igreja Batista em Coqueiral e Presidente do Instituto Solidare, ambos em Recife \u2013 PE, \u00e9 Te\u00f3logo e P\u00f3s-Graduado em F\u00e9 e Pol\u00edtica pelo Centro Nacional de F\u00e9 e Pol\u00edtica Dom Helder C\u00e2mara \u2013 Bras\u00edlia\/Pontif\u00edcia Universidade Cat\u00f3lica do Rio de Janeiro \u2013 PUC Rio.<\/p>\n<p>&nbsp;<\/p>\n<p><strong><img loading=\"lazy\" decoding=\"async\" class=\"alignleft wp-image-36\" src=\"http:\/\/ultimato.com.br\/sites\/venha-o-teu-reino\/files\/g\u00e9ssica-299x300.jpg\" alt=\"\" width=\"100\" height=\"100\" srcset=\"https:\/\/ultimato.com.br\/sites\/venha-o-teu-reino\/files\/g\u00e9ssica-299x300.jpg 299w, https:\/\/ultimato.com.br\/sites\/venha-o-teu-reino\/files\/g\u00e9ssica-150x150.jpg 150w, https:\/\/ultimato.com.br\/sites\/venha-o-teu-reino\/files\/g\u00e9ssica.jpg 300w\" sizes=\"auto, (max-width: 100px) 100vw, 100px\" \/><\/strong><\/p>\n<p>&nbsp;<\/p>\n<p><strong>G\u00e9ssica Dias Lins de Oliveira:\u00a0<\/strong>Membro da Igreja Batista em Coqueiral, em Recife-PE, foi aluna da Escola de F\u00e9 e Pol\u00edtica Pr. Martin Luther King Jr., \u00e9 Assistente Social pela Universidade Federal de Pernambuco e P\u00f3s-graduanda em F\u00e9 e Pol\u00edtica pelo Centro Nacional de F\u00e9 e Pol\u00edtica Dom Helder C\u00e2mara \u2013 Bras\u00edlia\/Pontif\u00edcia Universidade Cat\u00f3lica do Rio de Janeiro \u2013 PUC Rio.<\/p>\n<p><strong><img loading=\"lazy\" decoding=\"async\" class=\"alignleft wp-image-35\" src=\"http:\/\/ultimato.com.br\/sites\/venha-o-teu-reino\/files\/bebeto_autor-299x300.jpg\" alt=\"\" width=\"100\" height=\"100\" srcset=\"https:\/\/ultimato.com.br\/sites\/venha-o-teu-reino\/files\/bebeto_autor-299x300.jpg 299w, https:\/\/ultimato.com.br\/sites\/venha-o-teu-reino\/files\/bebeto_autor-150x150.jpg 150w, https:\/\/ultimato.com.br\/sites\/venha-o-teu-reino\/files\/bebeto_autor.jpg 300w\" sizes=\"auto, (max-width: 100px) 100vw, 100px\" \/><\/strong><\/p>\n<p>&nbsp;<\/p>\n<p><strong>Bebeto Ara\u00fajo: <\/strong>Diretor nacional da Miss\u00e3o Alian\u00e7a Noruega, organiza\u00e7\u00e3o mission\u00e1ria diaconal que atua em nove pa\u00edses e tem sua sede em Oslo, estudou Missiologia no Centro Evang\u00e9lico de Miss\u00f5es, \u00e9 graduado em Engenharia Florestal e p\u00f3s-graduado em Conserva\u00e7\u00e3o de Solos.<\/p>\n<p>&nbsp;<\/p>\n<h2><strong>Organizadores<\/strong><\/h2>\n<p><strong><img loading=\"lazy\" decoding=\"async\" class=\"alignleft wp-image-30\" src=\"http:\/\/ultimato.com.br\/sites\/venha-o-teu-reino\/files\/leandro_autor-299x300.jpg\" alt=\"\" width=\"100\" height=\"100\" srcset=\"https:\/\/ultimato.com.br\/sites\/venha-o-teu-reino\/files\/leandro_autor-299x300.jpg 299w, https:\/\/ultimato.com.br\/sites\/venha-o-teu-reino\/files\/leandro_autor-150x150.jpg 150w, https:\/\/ultimato.com.br\/sites\/venha-o-teu-reino\/files\/leandro_autor.jpg 300w\" sizes=\"auto, (max-width: 100px) 100vw, 100px\" \/><\/strong><\/p>\n<p><strong>Leandro Silva:\u00a0<\/strong>Mission\u00e1rio da Action International Ministries, servindo juntamente com sua esposa, Adryelle, no Nordeste brasileiro. Presidente da Miss\u00e3o ALEF na cidade de Natal, RN, \u00e9 graduado nacional em Lideran\u00e7a Avan\u00e7ada pelo Instituto Haggai e integrante da equipe executiva do Movimento de Lausanne no Brasil e do comit\u00ea da Rede de Miss\u00e3o Urbana.<\/p>\n<p>&nbsp;<\/p>\n<p><strong><img loading=\"lazy\" decoding=\"async\" class=\"alignleft wp-image-31\" src=\"http:\/\/ultimato.com.br\/sites\/venha-o-teu-reino\/files\/marcosmendes-299x300.jpg\" alt=\"\" width=\"100\" height=\"100\" srcset=\"https:\/\/ultimato.com.br\/sites\/venha-o-teu-reino\/files\/marcosmendes-299x300.jpg 299w, https:\/\/ultimato.com.br\/sites\/venha-o-teu-reino\/files\/marcosmendes-150x150.jpg 150w, https:\/\/ultimato.com.br\/sites\/venha-o-teu-reino\/files\/marcosmendes.jpg 300w\" sizes=\"auto, (max-width: 100px) 100vw, 100px\" \/>Marcos Mendes:\u00a0<\/strong>Pastor e atual vice-presidente da Assembleia de Deus Minist\u00e9rio Internacional Paz e Vida. Mestre em ci\u00eancias sociais (UFRN), especialista em direitos humanos (FLACSO) e em seguran\u00e7a p\u00fablica e cidadania (UERN). Autor de <em>Di\u00e1logos com o Espelho \u2013 \u00c9tica e renova\u00e7\u00e3o na igreja contempor\u00e2nea<\/em> e <em>A Sa\u00edda do Labirinto \u2013 Miss\u00e3o e discipulado na perspectiva do evangelho integral<\/em>. Casado com Rose e pai de Debora, Juliana e Marcos.<\/p>\n<p>&nbsp;<\/p>\n<p><strong><img loading=\"lazy\" decoding=\"async\" class=\"alignleft wp-image-32\" src=\"http:\/\/ultimato.com.br\/sites\/venha-o-teu-reino\/files\/renildo-299x300.jpg\" alt=\"\" width=\"100\" height=\"100\" srcset=\"https:\/\/ultimato.com.br\/sites\/venha-o-teu-reino\/files\/renildo-299x300.jpg 299w, https:\/\/ultimato.com.br\/sites\/venha-o-teu-reino\/files\/renildo-150x150.jpg 150w, https:\/\/ultimato.com.br\/sites\/venha-o-teu-reino\/files\/renildo.jpg 300w\" sizes=\"auto, (max-width: 100px) 100vw, 100px\" \/><\/strong><\/p>\n<p>&nbsp;<\/p>\n<p><strong>Renildo Diniz:\u00a0<\/strong>Pastor da Igreja Batista Esperan\u00e7a, em Natal, RN. Cursou teologia no Semin\u00e1rio e Instituto Batista Bereano e \u00e9 formado em ci\u00eancias sociais (UFRN) e no Semin\u00e1rio Nacional de Lideran\u00e7a Avan\u00e7ada pelo Instituto Haggai. \u00c9 vice-presidente da Miss\u00e3o ALEF. Casado com Micheline e pai de Micael e Bernardo.<\/p>\n<p>&nbsp;<\/p>\n<p><strong><img loading=\"lazy\" decoding=\"async\" class=\"alignleft wp-image-34\" src=\"http:\/\/ultimato.com.br\/sites\/venha-o-teu-reino\/files\/valtenci-299x300.jpg\" alt=\"\" width=\"100\" height=\"100\" srcset=\"https:\/\/ultimato.com.br\/sites\/venha-o-teu-reino\/files\/valtenci-299x300.jpg 299w, https:\/\/ultimato.com.br\/sites\/venha-o-teu-reino\/files\/valtenci-150x150.jpg 150w, https:\/\/ultimato.com.br\/sites\/venha-o-teu-reino\/files\/valtenci.jpg 300w\" sizes=\"auto, (max-width: 100px) 100vw, 100px\" \/><\/strong><\/p>\n<p>&nbsp;<\/p>\n<p><strong>Valtenci Oliveira:\u00a0<\/strong>Pastor batista. Graduado em teologia e filosofia, especialista em teologia b\u00edblica e sistem\u00e1tica pastoral e mestre em ci\u00eancias da religi\u00e3o. \u00c9 autor de <em>F\u00e9 Encarnada \u2013 Por uma espiritualidade genuinamente integral<\/em> e <em>O Que N\u00e3o \u00e9 Miss\u00e3o Integral?<\/em><\/p>\n","protected":false},"excerpt":{"rendered":"<p>&nbsp; Howard A. Snyder:\u00a0Autor de\u00a0A Comunidade do Rei, \u00e9 ph.D em teologia hist\u00f3rica pela Universidade de Notre Dame e professor do Tyndale Seminary, em Toronto, Canad\u00e1. Foi mission\u00e1rio no Brasil na Igreja Metodista Livre. &nbsp; &nbsp; Valdir Steuernagel:\u00a0Pastor luterano e integrante da Alian\u00e7a Crist\u00e3 Evang\u00e9lica e da Vis\u00e3o Mundial. &nbsp; &nbsp; &nbsp; Jos\u00e9 Marcos da [&hellip;]<\/p>\n","protected":false},"author":24,"featured_media":0,"parent":0,"menu_order":2,"comment_status":"closed","ping_status":"closed","template":"","meta":{"footnotes":""},"class_list":["post-9","page","type-page","status-publish","hentry"],"_links":{"self":[{"href":"https:\/\/ultimato.com.br\/sites\/venha-o-teu-reino\/wp-json\/wp\/v2\/pages\/9","targetHints":{"allow":["GET"]}}],"collection":[{"href":"https:\/\/ultimato.com.br\/sites\/venha-o-teu-reino\/wp-json\/wp\/v2\/pages"}],"about":[{"href":"https:\/\/ultimato.com.br\/sites\/venha-o-teu-reino\/wp-json\/wp\/v2\/types\/page"}],"author":[{"embeddable":true,"href":"https:\/\/ultimato.com.br\/sites\/venha-o-teu-reino\/wp-json\/wp\/v2\/users\/24"}],"replies":[{"embeddable":true,"href":"https:\/\/ultimato.com.br\/sites\/venha-o-teu-reino\/wp-json\/wp\/v2\/comments?post=9"}],"version-history":[{"count":5,"href":"https:\/\/ultimato.com.br\/sites\/venha-o-teu-reino\/wp-json\/wp\/v2\/pages\/9\/revisions"}],"predecessor-version":[{"id":54,"href":"https:\/\/ultimato.com.br\/sites\/venha-o-teu-reino\/wp-json\/wp\/v2\/pages\/9\/revisions\/54"}],"wp:attachment":[{"href":"https:\/\/ultimato.com.br\/sites\/venha-o-teu-reino\/wp-json\/wp\/v2\/media?parent=9"}],"curies":[{"name":"wp","href":"https:\/\/api.w.org\/{rel}","templated":true}]}}