{"id":7,"date":"2018-10-17T08:25:56","date_gmt":"2018-10-17T11:25:56","guid":{"rendered":"http:\/\/ultimato.com.br\/sites\/venha-o-teu-reino\/?page_id=7"},"modified":"2018-10-26T12:32:49","modified_gmt":"2018-10-26T14:32:49","slug":"o-livro","status":"publish","type":"page","link":"https:\/\/ultimato.com.br\/sites\/venha-o-teu-reino\/","title":{"rendered":"O Livro"},"content":{"rendered":"<p>QUE TIPO DE IGREJA A SUA CIDADE PRECISA?<\/p>\n<p>QUE BASES OU EXEMPLOS PODEMOS ADOTAR PARA RESPONDER \u00c0 MISS\u00c3O URBANA DA IGREJA LOCAL?<\/p>\n<p>Escrito por Howard A. Snyder, Valdir Steuernagel, Bebeto Ara\u00fajo, entre outros, <strong>Venha Teu Reino<\/strong> <strong>\u2013 uma igreja para hoje <\/strong>responde a estas e outras perguntas sobre o chamado e o envolvimento da igreja local nas demandas cidade.<\/p>\n<p>Com relatos e experi\u00eancias, <strong>Venha Teu Reino<\/strong> tamb\u00e9m aponta caminhos da igreja que sinalizam a presen\u00e7a do reino de Deus na cidade.<em>\u00a0<\/em><\/p>\n<blockquote><p><span style=\"color: #333333;\"><strong>\u00a0Venha o Teu Reino<\/strong>\u00a0\u00e9 uma contribui\u00e7\u00e3o valiosa para a eclesiologia evang\u00e9lica na Am\u00e9rica Latina. Abre com um texto inspirador de Howard Snyder, cuja pr\u00e1tica mission\u00e1ria o levou a contribuir criativamente para a reflex\u00e3o teol\u00f3gica no movimento de Lausanne. E culmina com uma medita\u00e7\u00e3o do te\u00f3logo Valdir Steuernagel, pastor e pensador brasileiro, cujo trabalho une erudi\u00e7\u00e3o e paix\u00e3o por Cristo.<\/span><br \/>\n&nbsp;<br \/>\n<span style=\"color: #333333;\"><em>\u2013 Samuel Escobar<\/em><\/span><\/p><\/blockquote>\n<blockquote><p><span style=\"color: #333333;\"><em>Qualquer pessoa interessada em plantar ou revitalizar igrejas que transformem os seus entornos ter\u00e1 nessa obra um tesouro inestim\u00e1vel&#8221;.<\/em><\/span><br \/>\n&nbsp;<br \/>\n<span style=\"color: #333333;\">\u2014 S\u00e9rgio Queiroz, presidente do Sistema Cidade Viva<\/span><\/p><\/blockquote>\n","protected":false},"excerpt":{"rendered":"<p>QUE TIPO DE IGREJA A SUA CIDADE PRECISA? QUE BASES OU EXEMPLOS PODEMOS ADOTAR PARA RESPONDER \u00c0 MISS\u00c3O URBANA DA IGREJA LOCAL? Escrito por Howard A. Snyder, Valdir Steuernagel, Bebeto Ara\u00fajo, entre outros, Venha Teu Reino \u2013 uma igreja para hoje responde a estas e outras perguntas sobre o chamado e o envolvimento da igreja [&hellip;]<\/p>\n","protected":false},"author":24,"featured_media":0,"parent":0,"menu_order":1,"comment_status":"closed","ping_status":"closed","template":"","meta":{"footnotes":""},"class_list":["post-7","page","type-page","status-publish","hentry"],"_links":{"self":[{"href":"https:\/\/ultimato.com.br\/sites\/venha-o-teu-reino\/wp-json\/wp\/v2\/pages\/7","targetHints":{"allow":["GET"]}}],"collection":[{"href":"https:\/\/ultimato.com.br\/sites\/venha-o-teu-reino\/wp-json\/wp\/v2\/pages"}],"about":[{"href":"https:\/\/ultimato.com.br\/sites\/venha-o-teu-reino\/wp-json\/wp\/v2\/types\/page"}],"author":[{"embeddable":true,"href":"https:\/\/ultimato.com.br\/sites\/venha-o-teu-reino\/wp-json\/wp\/v2\/users\/24"}],"replies":[{"embeddable":true,"href":"https:\/\/ultimato.com.br\/sites\/venha-o-teu-reino\/wp-json\/wp\/v2\/comments?post=7"}],"version-history":[{"count":8,"href":"https:\/\/ultimato.com.br\/sites\/venha-o-teu-reino\/wp-json\/wp\/v2\/pages\/7\/revisions"}],"predecessor-version":[{"id":70,"href":"https:\/\/ultimato.com.br\/sites\/venha-o-teu-reino\/wp-json\/wp\/v2\/pages\/7\/revisions\/70"}],"wp:attachment":[{"href":"https:\/\/ultimato.com.br\/sites\/venha-o-teu-reino\/wp-json\/wp\/v2\/media?parent=7"}],"curies":[{"name":"wp","href":"https:\/\/api.w.org\/{rel}","templated":true}]}}