{"id":8,"date":"2015-09-21T04:35:11","date_gmt":"2015-09-21T04:35:11","guid":{"rendered":"http:\/\/ultimato.com.br\/sites\/um-ano-com-jesus\/?page_id=8"},"modified":"2015-09-21T22:55:40","modified_gmt":"2015-09-21T22:55:40","slug":"o-autor","status":"publish","type":"page","link":"https:\/\/ultimato.com.br\/sites\/um-ano-com-jesus\/o-autor\/","title":{"rendered":"O Autor"},"content":{"rendered":"<p><a href=\"http:\/\/ultimato.com.br\/sites\/um-ano-com-jesus\/files\/2015\/09\/foto_hs-uacj.jpg\"><img loading=\"lazy\" decoding=\"async\" class=\"alignleft size-thumbnail wp-image-26\" src=\"http:\/\/ultimato.com.br\/sites\/um-ano-com-jesus\/files\/2015\/09\/foto_hs-uacj-150x150.jpg\" alt=\"foto_hs-uacj\" width=\"150\" height=\"150\" \/><\/a>Eugene Peterson \u00e9 pastor, escritor e professor em\u00e9rito do Regent College, Canad\u00e1. Autor de mais de trinta t\u00edtulos, traduzidos em v\u00e1rias partes do mundo, Peterson criou e produziu a conhecida tradu\u00e7\u00e3o da B\u00edblia \u201cA Mensagem\u201d e \u00e9 tamb\u00e9m chamado de pastor dos pastores, embora seu alcance ultrapasse tal defini\u00e7\u00e3o.<\/p>\n","protected":false},"excerpt":{"rendered":"<p>Eugene Peterson \u00e9 pastor, escritor e professor em\u00e9rito do Regent College, Canad\u00e1. Autor de mais de trinta t\u00edtulos, traduzidos em v\u00e1rias partes do mundo, Peterson criou e produziu a conhecida tradu\u00e7\u00e3o da B\u00edblia \u201cA Mensagem\u201d e \u00e9 tamb\u00e9m chamado de pastor dos pastores, embora seu alcance ultrapasse tal defini\u00e7\u00e3o.<\/p>\n","protected":false},"author":24,"featured_media":0,"parent":0,"menu_order":3,"comment_status":"closed","ping_status":"closed","template":"","meta":{"footnotes":""},"class_list":["post-8","page","type-page","status-publish","hentry"],"_links":{"self":[{"href":"https:\/\/ultimato.com.br\/sites\/um-ano-com-jesus\/wp-json\/wp\/v2\/pages\/8","targetHints":{"allow":["GET"]}}],"collection":[{"href":"https:\/\/ultimato.com.br\/sites\/um-ano-com-jesus\/wp-json\/wp\/v2\/pages"}],"about":[{"href":"https:\/\/ultimato.com.br\/sites\/um-ano-com-jesus\/wp-json\/wp\/v2\/types\/page"}],"author":[{"embeddable":true,"href":"https:\/\/ultimato.com.br\/sites\/um-ano-com-jesus\/wp-json\/wp\/v2\/users\/24"}],"replies":[{"embeddable":true,"href":"https:\/\/ultimato.com.br\/sites\/um-ano-com-jesus\/wp-json\/wp\/v2\/comments?post=8"}],"version-history":[{"count":3,"href":"https:\/\/ultimato.com.br\/sites\/um-ano-com-jesus\/wp-json\/wp\/v2\/pages\/8\/revisions"}],"predecessor-version":[{"id":39,"href":"https:\/\/ultimato.com.br\/sites\/um-ano-com-jesus\/wp-json\/wp\/v2\/pages\/8\/revisions\/39"}],"wp:attachment":[{"href":"https:\/\/ultimato.com.br\/sites\/um-ano-com-jesus\/wp-json\/wp\/v2\/media?parent=8"}],"curies":[{"name":"wp","href":"https:\/\/api.w.org\/{rel}","templated":true}]}}