{"id":7,"date":"2015-09-21T04:35:05","date_gmt":"2015-09-21T04:35:05","guid":{"rendered":"http:\/\/ultimato.com.br\/sites\/um-ano-com-jesus\/?page_id=7"},"modified":"2015-09-21T22:55:22","modified_gmt":"2015-09-21T22:55:22","slug":"o-que-disseram","status":"publish","type":"page","link":"https:\/\/ultimato.com.br\/sites\/um-ano-com-jesus\/o-que-disseram\/","title":{"rendered":"O que disseram"},"content":{"rendered":"<blockquote><p>Segundo George MacDonald, a pergunta fundamental na vida \u00e9: &#8220;O que fiz hoje simplesmente porque o Senhor pediu?&#8221;. As Escrituras sempre nos confrontam com esta pergunta, e ningu\u00e9m nos ajudou a entender melhor isso do que Peterson.<\/p><\/blockquote>\n<p><em>\u2013 John Ortberg<\/em><\/p>\n<blockquote><p>\nAs habilidades de Peterson na escrita, na reflex\u00e3o devocional e como pastor d\u00e3o ao leitor um ano na companhia divina. Nenhuma voz \u00e9 mais s\u00e1bia nem t\u00e3o profundamente convincente. Acompanhe-o, sabendo que a maior habilidade de Peterson \u00e9, primeiro, seguir a Cristo.<\/p><\/blockquote>\n<p><em>\u2013 <\/em><em>Walter Wangerin Jr.<\/em><\/p>\n<p>&nbsp;<\/p>\n<blockquote><p>Eugene Peterson d\u00e1 uma voz nova e aut\u00eantica \u00e0s Escrituras.<\/p><\/blockquote>\n<p><em>\u2013 Richard Foster<\/em><\/p>\n","protected":false},"excerpt":{"rendered":"<p>Segundo George MacDonald, a pergunta fundamental na vida \u00e9: &#8220;O que fiz hoje simplesmente porque o Senhor pediu?&#8221;. As Escrituras sempre nos confrontam com esta pergunta, e ningu\u00e9m nos ajudou a entender melhor isso do que Peterson. \u2013 John Ortberg As habilidades de Peterson na escrita, na reflex\u00e3o devocional e como pastor d\u00e3o ao leitor [&hellip;]<\/p>\n","protected":false},"author":24,"featured_media":0,"parent":0,"menu_order":2,"comment_status":"closed","ping_status":"closed","template":"","meta":{"footnotes":""},"class_list":["post-7","page","type-page","status-publish","hentry"],"_links":{"self":[{"href":"https:\/\/ultimato.com.br\/sites\/um-ano-com-jesus\/wp-json\/wp\/v2\/pages\/7","targetHints":{"allow":["GET"]}}],"collection":[{"href":"https:\/\/ultimato.com.br\/sites\/um-ano-com-jesus\/wp-json\/wp\/v2\/pages"}],"about":[{"href":"https:\/\/ultimato.com.br\/sites\/um-ano-com-jesus\/wp-json\/wp\/v2\/types\/page"}],"author":[{"embeddable":true,"href":"https:\/\/ultimato.com.br\/sites\/um-ano-com-jesus\/wp-json\/wp\/v2\/users\/24"}],"replies":[{"embeddable":true,"href":"https:\/\/ultimato.com.br\/sites\/um-ano-com-jesus\/wp-json\/wp\/v2\/comments?post=7"}],"version-history":[{"count":2,"href":"https:\/\/ultimato.com.br\/sites\/um-ano-com-jesus\/wp-json\/wp\/v2\/pages\/7\/revisions"}],"predecessor-version":[{"id":37,"href":"https:\/\/ultimato.com.br\/sites\/um-ano-com-jesus\/wp-json\/wp\/v2\/pages\/7\/revisions\/37"}],"wp:attachment":[{"href":"https:\/\/ultimato.com.br\/sites\/um-ano-com-jesus\/wp-json\/wp\/v2\/media?parent=7"}],"curies":[{"name":"wp","href":"https:\/\/api.w.org\/{rel}","templated":true}]}}