{"id":20,"date":"2015-09-21T04:36:24","date_gmt":"2015-09-21T04:36:24","guid":{"rendered":"http:\/\/ultimato.com.br\/sites\/um-ano-com-jesus\/?page_id=20"},"modified":"2015-09-21T22:58:32","modified_gmt":"2015-09-21T22:58:32","slug":"release","status":"publish","type":"page","link":"https:\/\/ultimato.com.br\/sites\/um-ano-com-jesus\/extras\/release\/","title":{"rendered":"Release"},"content":{"rendered":"<p>Aqui est\u00e1 o\u00a0<em>press-release<\/em>\u00a0do livro <strong>Um Ano com Jesus<\/strong>\u00a0para voc\u00ea divulgar no seu site, blog, jornal ou outro meio de comunica\u00e7\u00e3o do seu acesso. Ajude-nos a espalhar este conte\u00fado<\/p>\n<p>&#8211; Arquivo em\u00a0<a href=\"http:\/\/ultimato.com.br\/sites\/um-ano-com-jesus\/files\/2015\/09\/10-Release_Um_Ano_Com_Jesus_Out_2015.pdf\" target=\"_blank\">PDF<\/a>.<\/p>\n","protected":false},"excerpt":{"rendered":"<p>Aqui est\u00e1 o\u00a0press-release\u00a0do livro Um Ano com Jesus\u00a0para voc\u00ea divulgar no seu site, blog, jornal ou outro meio de comunica\u00e7\u00e3o do seu acesso. Ajude-nos a espalhar este conte\u00fado &#8211; Arquivo em\u00a0PDF.<\/p>\n","protected":false},"author":24,"featured_media":0,"parent":9,"menu_order":3,"comment_status":"closed","ping_status":"closed","template":"","meta":{"footnotes":""},"class_list":["post-20","page","type-page","status-publish","hentry"],"_links":{"self":[{"href":"https:\/\/ultimato.com.br\/sites\/um-ano-com-jesus\/wp-json\/wp\/v2\/pages\/20","targetHints":{"allow":["GET"]}}],"collection":[{"href":"https:\/\/ultimato.com.br\/sites\/um-ano-com-jesus\/wp-json\/wp\/v2\/pages"}],"about":[{"href":"https:\/\/ultimato.com.br\/sites\/um-ano-com-jesus\/wp-json\/wp\/v2\/types\/page"}],"author":[{"embeddable":true,"href":"https:\/\/ultimato.com.br\/sites\/um-ano-com-jesus\/wp-json\/wp\/v2\/users\/24"}],"replies":[{"embeddable":true,"href":"https:\/\/ultimato.com.br\/sites\/um-ano-com-jesus\/wp-json\/wp\/v2\/comments?post=20"}],"version-history":[{"count":2,"href":"https:\/\/ultimato.com.br\/sites\/um-ano-com-jesus\/wp-json\/wp\/v2\/pages\/20\/revisions"}],"predecessor-version":[{"id":41,"href":"https:\/\/ultimato.com.br\/sites\/um-ano-com-jesus\/wp-json\/wp\/v2\/pages\/20\/revisions\/41"}],"up":[{"embeddable":true,"href":"https:\/\/ultimato.com.br\/sites\/um-ano-com-jesus\/wp-json\/wp\/v2\/pages\/9"}],"wp:attachment":[{"href":"https:\/\/ultimato.com.br\/sites\/um-ano-com-jesus\/wp-json\/wp\/v2\/media?parent=20"}],"curies":[{"name":"wp","href":"https:\/\/api.w.org\/{rel}","templated":true}]}}