{"id":830,"date":"2007-09-19T16:17:51","date_gmt":"2007-09-19T18:17:51","guid":{"rendered":"http:\/\/escriturasagrada.com\/?page_id=5"},"modified":"2016-01-04T16:57:53","modified_gmt":"2016-01-04T18:57:53","slug":"aplicacao","status":"publish","type":"page","link":"https:\/\/ultimato.com.br\/sites\/timcarriker\/baudotimoteo\/aplicacao\/","title":{"rendered":"Aplica\u00e7\u00e3o"},"content":{"rendered":"<p><strong>Pessoal:<\/strong><\/p>\n<ul>\n<li><strong>Dicas para uma leitura proveitosa da Palavra de Deus.<\/strong><\/li>\n<\/ul>\n<ol>\n<li>Um <a href=\"http:\/\/ultimato.com.br\/sites\/timcarriker\/files\/2007\/09\/o-estudo-da-biblia.pdf\" target=\"_blank\">marcador <\/a>com dicas para gui\u00e1-lo numa leitura e num estudo mais ricos das Escrituras.<\/li>\n<li>Uma <a href=\"http:\/\/ultimato.com.br\/sites\/timcarriker\/files\/2016\/01\/O-Estudo-da-Bi\u0301blia.pdf\" target=\"_blank\">apresenta\u00e7\u00e3o<\/a> PowerPoint com dicas para gui\u00e1-lo numa leitura e num estudo mais ricos das Escrituras.<\/li>\n<\/ol>\n<p><strong> Para Grupos:<\/strong><\/p>\n<ul>\n<li><em><a href=\"http:\/\/ultimato.com.br\/sites\/timcarriker\/files\/2016\/01\/A-Natureza-missiona\u0301ria-da-igreja.pdf\" target=\"_blank\"><strong>A natureza mission\u00e1ria da igreja<\/strong><\/a><\/em>. Uma s\u00e9rie de transpar\u00eancias que desenvolvem a natureza mission\u00e1ria da igreja.<\/li>\n<\/ul>\n<ul>\n<li><em><strong>Fundamentos B\u00edblicos para Miss\u00f5es<\/strong><\/em>. Uma s\u00e9rie de sete estudos b\u00edblicos destinados a l\u00edderes da igreja local na \u00e1rea de miss\u00f5es. Estes estudos apresentam os principais temas missiol\u00f3gicos que se desdobram atrav\u00e9s das escrituras. Estas transpar\u00eancias acompanham o livro, O caminho mission\u00e1rio de Deus. Uma teologia b\u00edblica de miss\u00f5es. <em>Fa\u00e7a, a seguir, o download de sete jogos de transpar\u00eancias:<\/em><\/li>\n<\/ul>\n<ol>\n<li><a href=\"http:\/\/ultimato.com.br\/sites\/timcarriker\/files\/2016\/01\/1-Lei.pdf\" target=\"_blank\">A Lei: Promessa e Alian\u00e7a<\/a><\/li>\n<li><a href=\"http:\/\/ultimato.com.br\/sites\/timcarriker\/files\/2016\/01\/1-Lei.pdf\" target=\"_blank\">Os Escritos: Express\u00f5es Culturais da F\u00e9<\/a><\/li>\n<li><a href=\"http:\/\/ultimato.com.br\/sites\/timcarriker\/files\/2016\/01\/3-Profetas-1.pdf\" target=\"_blank\">Os Profetas: Julgamento e Reden\u00e7\u00e3o<\/a><\/li>\n<li><a href=\"http:\/\/ultimato.com.br\/sites\/timcarriker\/files\/2016\/01\/4-Profetas-2.pdf\" target=\"_blank\">Os Profetas: Esperan\u00e7a para as Na\u00e7\u00f5es<\/a><\/li>\n<li><a href=\"http:\/\/ultimato.com.br\/sites\/timcarriker\/files\/2016\/01\/5-Evangelhos.pdf\" target=\"_blank\">Os Evangelhos: Miss\u00e3o Integral<\/a><\/li>\n<li><a href=\"http:\/\/ultimato.com.br\/sites\/timcarriker\/files\/2016\/01\/6-Atos.pdf\" target=\"_blank\">Atos dos Ap\u00f3stolos: No Poder do Esp\u00edrito<\/a><\/li>\n<li><a href=\"http:\/\/ultimato.com.br\/sites\/timcarriker\/files\/2016\/01\/7-Epi\u0301stolas.pdf\" target=\"_blank\">As Ep\u00edstolas: Numa Miss\u00e3o<\/a><\/li>\n<\/ol>\n<ul>\n<li><em><strong>A vis\u00e3o mission\u00e1ria da B\u00edblia: Uma hist\u00f3ria de amor<\/strong><\/em>. Uma s\u00e9rie de nove estudos b\u00edblicos destinados a l\u00edderes da igreja local na \u00e1rea de miss\u00f5es. Estes estudos enfatizam a realiza\u00e7\u00e3o das promessas mission\u00e1rias de Deus na pessoa de Jesus Cristo e acompanham o livro, <em>A vis\u00e3o mission\u00e1ria da B\u00edblia. Uma hist\u00f3ria de amor. <\/em><em>Fa\u00e7a, a seguir, o download de sete jogos de transpar\u00eancias:<\/em><\/li>\n<\/ul>\n<ol>\n<li><a href=\"http:\/\/ultimato.com.br\/sites\/timcarriker\/files\/2007\/09\/VMB-1-Inicio.pdf\" target=\"_blank\">O in\u00edcio da hist\u00f3ria de miss\u00f5es, uma hist\u00f3ria de amor<\/a><\/li>\n<li><a href=\"http:\/\/ultimato.com.br\/sites\/timcarriker\/files\/2007\/09\/VMB-2-Abraao.pdf\" target=\"_blank\">As promessas mission\u00e1rias de Deus para Abra\u00e3o<\/a><\/li>\n<li><a href=\"http:\/\/ultimato.com.br\/sites\/timcarriker\/files\/2007\/09\/VMB-3-Moises.pdf\" target=\"_blank\">As promessas mission\u00e1rias de Deus para Mois\u00e9s<\/a><\/li>\n<li><a href=\"http:\/\/ultimato.com.br\/sites\/timcarriker\/files\/2007\/09\/VMB-4-Davi.pdf\" target=\"_blank\">As promessas mission\u00e1rias de Deus para Davi<\/a><\/li>\n<li><a href=\"http:\/\/ultimato.com.br\/sites\/timcarriker\/files\/2007\/09\/VMB-5-Jesus.pdf\" target=\"_blank\">As realiza\u00e7\u00e3o das promessas de Deus em Jesus<\/a><\/li>\n<li><a title=\"A igreja\" href=\"http:\/\/ultimato.com.br\/sites\/timcarriker\/files\/2007\/09\/VMB-6-Igreja.pdf\" target=\"_blank\">O avan\u00e7o das promessas de Deus atrav\u00e9s da igreja<\/a><\/li>\n<li><a href=\"http:\/\/ultimato.com.br\/sites\/timcarriker\/files\/2007\/09\/VMB-7-Paulo.pdf\">O avan\u00e7o das promessas de Deus atrav\u00e9s de Paulo<\/a><\/li>\n<li><a title=\"O fim\" href=\"http:\/\/ultimato.com.br\/sites\/timcarriker\/files\/2007\/09\/VMB-8-Fim.pdf\" target=\"_blank\">O fim da hist\u00f3ria de miss\u00f5es, uma hist\u00f3ria de amor<\/a><\/li>\n<li><a href=\"http:\/\/ultimato.com.br\/sites\/timcarriker\/files\/2007\/09\/VMB-9-Conclusao.pdf\" target=\"_blank\">Conclus\u00e3o<\/a><\/li>\n<\/ol>\n","protected":false},"excerpt":{"rendered":"<p>Pessoal: Dicas para uma leitura proveitosa da Palavra de Deus. Um marcador com dicas para gui\u00e1-lo numa leitura e num estudo mais ricos das Escrituras. Uma apresenta\u00e7\u00e3o PowerPoint com dicas para gui\u00e1-lo numa leitura e num estudo mais ricos das Escrituras. Para Grupos: A natureza mission\u00e1ria da igreja. Uma s\u00e9rie de transpar\u00eancias que desenvolvem a [&hellip;]<\/p>\n","protected":false},"author":25,"featured_media":0,"parent":951,"menu_order":2,"comment_status":"open","ping_status":"closed","template":"","meta":{"ngg_post_thumbnail":0,"footnotes":""},"class_list":["post-830","page","type-page","status-publish","hentry"],"_links":{"self":[{"href":"https:\/\/ultimato.com.br\/sites\/timcarriker\/wp-json\/wp\/v2\/pages\/830","targetHints":{"allow":["GET"]}}],"collection":[{"href":"https:\/\/ultimato.com.br\/sites\/timcarriker\/wp-json\/wp\/v2\/pages"}],"about":[{"href":"https:\/\/ultimato.com.br\/sites\/timcarriker\/wp-json\/wp\/v2\/types\/page"}],"author":[{"embeddable":true,"href":"https:\/\/ultimato.com.br\/sites\/timcarriker\/wp-json\/wp\/v2\/users\/25"}],"replies":[{"embeddable":true,"href":"https:\/\/ultimato.com.br\/sites\/timcarriker\/wp-json\/wp\/v2\/comments?post=830"}],"version-history":[{"count":7,"href":"https:\/\/ultimato.com.br\/sites\/timcarriker\/wp-json\/wp\/v2\/pages\/830\/revisions"}],"predecessor-version":[{"id":2076,"href":"https:\/\/ultimato.com.br\/sites\/timcarriker\/wp-json\/wp\/v2\/pages\/830\/revisions\/2076"}],"up":[{"embeddable":true,"href":"https:\/\/ultimato.com.br\/sites\/timcarriker\/wp-json\/wp\/v2\/pages\/951"}],"wp:attachment":[{"href":"https:\/\/ultimato.com.br\/sites\/timcarriker\/wp-json\/wp\/v2\/media?parent=830"}],"curies":[{"name":"wp","href":"https:\/\/api.w.org\/{rel}","templated":true}]}}