{"id":726,"date":"2007-09-19T16:17:20","date_gmt":"2007-09-19T18:17:20","guid":{"rendered":"http:\/\/escriturasagrada.com\/?page_id=3"},"modified":"2013-08-09T00:18:03","modified_gmt":"2013-08-09T02:18:03","slug":"inspiracao","status":"publish","type":"page","link":"https:\/\/ultimato.com.br\/sites\/timcarriker\/baudotimoteo\/inspiracao\/","title":{"rendered":"Inspira\u00e7\u00e3o"},"content":{"rendered":"<ul>\n<li><em><a href=\"http:\/\/www.monergismo.com\/textos\/missoes\/principios_teologicos_acao_missionaria.htm\" target=\"_blank\"><strong> Princ\u00edpios Teol\u00f3gicos para a A\u00e7\u00e3o Mission\u00e1ria Reformada<\/strong><\/a><\/em>. Uma reflex\u00e3o teol\u00f3gica sobre a a\u00e7\u00e3o missiol\u00f3gica reformada<\/li>\n<li><a href=\"http:\/\/ultimato.com.br\/sites\/timcarriker\/files\/2007\/09\/natureza-divina-e-humana-das-escrituras.pdf\" target=\"_blank\"><strong><em>A natureza divina e humana das Escrituras<\/em><\/strong><\/a>. Aqui se encontrar\u00e1 uma &#8220;tipologia&#8221; de diversas perspectivas sobre a inspira\u00e7\u00e3o das Escrituras.<\/li>\n<li><strong><a href=\"http:\/\/ultimato.com.br\/sites\/timcarriker\/files\/2007\/09\/inspiracao-das-escrituras.pdf\" target=\"_blank\"><em>A autoridade e a inspira\u00e7\u00e3o das Escrituras: uma perspectiva missiol\u00f3gica<\/em><\/a><\/strong><\/li>\n<\/ul>\n","protected":false},"excerpt":{"rendered":"<p>Princ\u00edpios Teol\u00f3gicos para a A\u00e7\u00e3o Mission\u00e1ria Reformada. Uma reflex\u00e3o teol\u00f3gica sobre a a\u00e7\u00e3o missiol\u00f3gica reformada A natureza divina e humana das Escrituras. Aqui se encontrar\u00e1 uma &#8220;tipologia&#8221; de diversas perspectivas sobre a inspira\u00e7\u00e3o das Escrituras. A autoridade e a inspira\u00e7\u00e3o das Escrituras: uma perspectiva missiol\u00f3gica<\/p>\n","protected":false},"author":25,"featured_media":0,"parent":951,"menu_order":1,"comment_status":"open","ping_status":"closed","template":"","meta":{"ngg_post_thumbnail":0,"footnotes":""},"class_list":["post-726","page","type-page","status-publish","hentry"],"_links":{"self":[{"href":"https:\/\/ultimato.com.br\/sites\/timcarriker\/wp-json\/wp\/v2\/pages\/726","targetHints":{"allow":["GET"]}}],"collection":[{"href":"https:\/\/ultimato.com.br\/sites\/timcarriker\/wp-json\/wp\/v2\/pages"}],"about":[{"href":"https:\/\/ultimato.com.br\/sites\/timcarriker\/wp-json\/wp\/v2\/types\/page"}],"author":[{"embeddable":true,"href":"https:\/\/ultimato.com.br\/sites\/timcarriker\/wp-json\/wp\/v2\/users\/25"}],"replies":[{"embeddable":true,"href":"https:\/\/ultimato.com.br\/sites\/timcarriker\/wp-json\/wp\/v2\/comments?post=726"}],"version-history":[{"count":2,"href":"https:\/\/ultimato.com.br\/sites\/timcarriker\/wp-json\/wp\/v2\/pages\/726\/revisions"}],"predecessor-version":[{"id":1674,"href":"https:\/\/ultimato.com.br\/sites\/timcarriker\/wp-json\/wp\/v2\/pages\/726\/revisions\/1674"}],"up":[{"embeddable":true,"href":"https:\/\/ultimato.com.br\/sites\/timcarriker\/wp-json\/wp\/v2\/pages\/951"}],"wp:attachment":[{"href":"https:\/\/ultimato.com.br\/sites\/timcarriker\/wp-json\/wp\/v2\/media?parent=726"}],"curies":[{"name":"wp","href":"https:\/\/api.w.org\/{rel}","templated":true}]}}