{"id":1650,"date":"2013-08-08T20:23:48","date_gmt":"2013-08-08T22:23:48","guid":{"rendered":"http:\/\/ultimato.com.br\/sites\/timcarriker\/?page_id=1650"},"modified":"2017-04-23T00:55:28","modified_gmt":"2017-04-23T02:55:28","slug":"cultura","status":"publish","type":"page","link":"https:\/\/ultimato.com.br\/sites\/timcarriker\/baudotimoteo\/cultura\/","title":{"rendered":"Cultura"},"content":{"rendered":"<p><strong>ENSAIOS<\/strong><\/p>\n<ul>\n<li><a href=\"http:\/\/ultimato.com.br\/sites\/timcarriker\/files\/2013\/08\/05wallace.pdf\"><strong><em>Movimentos de revitaliza\u00e7\u00e3o <\/em><\/strong><\/a>de <strong>Anthony Wallace<\/strong><\/li>\n<\/ul>\n<blockquote><p>Este \u00e9 um artigo cl\u00e1ssico e muito citado dentro do campo da antropologia e sociologia da religi\u00e3o, escrito por Anthony Wallace. Foi traduzido alguns anos atr\u00e1s junto com mais doze artigos cl\u00e1ssicos (<span style=\"text-decoration: underline;\"><em>aguarde!<\/em><\/span>) para aulas de antropologia mission\u00e1ria.<\/p><\/blockquote>\n<ul>\n<li><a href=\"http:\/\/ultimato.com.br\/sites\/timcarriker\/files\/2013\/08\/15Carriker-M.pdf\"><strong><em>A Aprendizagem de L\u00ednguas por Mission\u00e1rios<\/em> <\/strong><\/a>de <strong>Marta Carriker<\/strong><\/li>\n<\/ul>\n<blockquote><p>Um estudo feito pela minha esposa, Marta, e publicado em 1993 pela Editora Mundo Crist\u00e3o na s\u00e9rie, <em>Miss\u00f5es na Igreja Brasileira.<\/em><\/p><\/blockquote>\n<ul>\n<li><a href=\"http:\/\/ultimato.com.br\/sites\/timcarriker\/files\/2013\/08\/11Woodberry.pdf\"><strong><em>O Cinco Pilares do Isl\u00e3 <\/em><\/strong><\/a>de <strong>Dudley Woodberry<\/strong><\/li>\n<\/ul>\n<blockquote><p>\u00c9 um estudo que descreve os fundamentos do islamismo que se derivaram dos antecedentes judaicos e crist\u00e3os primitivos.<\/p><\/blockquote>\n<ul>\n<li><a href=\"http:\/\/ultimato.com.br\/sites\/timcarriker\/files\/2013\/08\/09dye.pdf\"><strong><em>Em busca duma defini\u00e7\u00e3o transcultural do pecado <\/em><\/strong><\/a>de <strong>Wayne Dye<\/strong><\/li>\n<\/ul>\n<blockquote><p>Uma reflex\u00e3o fascinante de considera v\u00e1rios fatores culturais na compreens\u00e3o por um grupo \u00e9tnico do &#8220;pecado&#8221;.<\/p><\/blockquote>\n<ul>\n<li><a href=\"http:\/\/ultimato.com.br\/sites\/timcarriker\/files\/2013\/08\/Missa\u0303o-e-Cultura.pdf\"><strong><em>Miss\u00e3o e Cultura<\/em> <\/strong><\/a>de <strong>Tim\u00f3teo Carriker<\/strong><\/li>\n<\/ul>\n<blockquote><p>Uma apostila sobre a contextualiza\u00e7\u00e3o apresentada em Itapeva nos dia 14-15 de julho de 2008<\/p><\/blockquote>\n<p><strong>LIVRO<\/strong><\/p>\n<ul>\n<li><em><strong><a href=\"http:\/\/ultimato.com.br\/sites\/timcarriker\/files\/2013\/08\/Evangelho-e-Cultura.pdf\">O evangelho e a cultura. Leituras na antropologia mission\u00e1ria<\/a>\u00a0<span style=\"font-style: normal;\"><span style=\"font-weight: normal;\">organizado por <\/span>Tim\u00f3teo Carriker<\/span><\/strong><\/em><\/li>\n<\/ul>\n<p><strong>APRESENTA\u00c7\u00d5ES (POWERPOINT)<\/strong><\/p>\n<ul>\n<li><a href=\"http:\/\/ultimato.com.br\/sites\/timcarriker\/files\/2013\/08\/Tipos-de-espiritismo.pdf\"><strong><em>O Espiritismo Brasileiro<\/em> <\/strong><\/a>de <strong>Tim\u00f3teo Carriker<\/strong><\/li>\n<\/ul>\n<blockquote><p>Uma transpar\u00eancia que procure ilustrar a rela\u00e7\u00e3o entre o catolicismo, o kardecismo, os cultos afro-brasileiros e os cultos ind\u00edgenas na forma\u00e7\u00e3o da umbanda e outras express\u00f5es de espiritismo no Brasil.<\/p><\/blockquote>\n<ul>\n<li><a href=\"http:\/\/ultimato.com.br\/sites\/timcarriker\/files\/2013\/08\/Processo-de-revitalizac\u0327a\u0303o.pdf\"><strong><em>O Processo de Revitaliza\u00e7\u00e3o<\/em><\/strong><\/a> de <strong>Tim\u00f3teo Carriker<br \/>\n<\/strong><\/li>\n<\/ul>\n<blockquote><p>Esta transpar\u00eancia se baseia na teoria de Anthony Wallace (veja acima) sobre os diversas op\u00e7\u00f5es sociais no processo da revitaliza\u00e7\u00e3o duma cultura que poder\u00e1 lever ou para uma nova situa\u00e7\u00e3o de contextualiza\u00e7\u00e3o, sincretismo, ado\u00e7\u00e3o cultural, tradicionalismo ou simplesmente extin\u00e7\u00e3o.<\/p><\/blockquote>\n<ul>\n<li><a href=\"http:\/\/ultimato.com.br\/sites\/timcarriker\/files\/2013\/08\/Religio\u0303es-brasileiras.pdf\"><strong><em>Surgimento das Religi\u00f5es Brasileiras <\/em><\/strong><\/a>de <strong>Tim\u00f3teo Carriker<\/strong><\/li>\n<\/ul>\n<blockquote><p>\u00c9 uma s\u00f3 transpar\u00eancia que mostra uma s\u00edntese do surgimento e entrela\u00e7amento das principais religi\u00f5es no Brasil: os cultos ind\u00edgenas, o catolicismo, os cultos africanos, o protestantismo, o umbanda, o pentecostalismo e o kardecismo.<\/p><\/blockquote>\n<ul>\n<li><a href=\"http:\/\/ultimato.com.br\/sites\/timcarriker\/files\/2013\/08\/Formas-e-significados.pdf\"><em><strong>As Formas e os Sentidos<\/strong><\/em><\/a> de <strong>Tim\u00f3teo Carriker<\/strong><\/li>\n<\/ul>\n<blockquote><p>As diversas combina\u00e7\u00f5es de formas e sentidos, aut\u00f3ctones e al\u00f3ctones que resultam na contextualiza\u00e7\u00e3o, no sincretismo, no tradicionalismo ou na domina\u00e7\u00e3o cultural.<\/p><\/blockquote>\n<ul>\n<li><a href=\"http:\/\/ultimato.com.br\/sites\/timcarriker\/files\/2013\/08\/Contextualizac\u0327a\u0303o.pdf\"><strong><em>A Contextualiza\u00e7\u00e3o<\/em> <\/strong><\/a>de <strong>Tim\u00f3teo Carriker<\/strong><\/li>\n<\/ul>\n<blockquote><p>Como proceder para facilitar a contextualiza\u00e7\u00e3o?<\/p><\/blockquote>\n<ul>\n<li><a href=\"http:\/\/ultimato.com.br\/sites\/timcarriker\/files\/2013\/08\/Explanac\u0327a\u0303o-religiosa.pdf\"><strong><em>A Explana\u00e7\u00e3o Religiosa<\/em> <\/strong><\/a>de <strong>Tim\u00f3teo Carriker<\/strong><\/li>\n<\/ul>\n<blockquote><p>Os diversos n\u00edveis e tipos de explana\u00e7\u00e3o religiosa baseada nas observa\u00e7\u00f5es de Paul Hiebert.<\/p><\/blockquote>\n","protected":false},"excerpt":{"rendered":"<p>ENSAIOS Movimentos de revitaliza\u00e7\u00e3o de Anthony Wallace Este \u00e9 um artigo cl\u00e1ssico e muito citado dentro do campo da antropologia e sociologia da religi\u00e3o, escrito por Anthony Wallace. Foi traduzido alguns anos atr\u00e1s junto com mais doze artigos cl\u00e1ssicos (aguarde!) para aulas de antropologia mission\u00e1ria. A Aprendizagem de L\u00ednguas por Mission\u00e1rios de Marta Carriker Um [&hellip;]<\/p>\n","protected":false},"author":25,"featured_media":0,"parent":951,"menu_order":6,"comment_status":"open","ping_status":"closed","template":"","meta":{"ngg_post_thumbnail":0,"footnotes":""},"class_list":["post-1650","page","type-page","status-publish","hentry"],"_links":{"self":[{"href":"https:\/\/ultimato.com.br\/sites\/timcarriker\/wp-json\/wp\/v2\/pages\/1650","targetHints":{"allow":["GET"]}}],"collection":[{"href":"https:\/\/ultimato.com.br\/sites\/timcarriker\/wp-json\/wp\/v2\/pages"}],"about":[{"href":"https:\/\/ultimato.com.br\/sites\/timcarriker\/wp-json\/wp\/v2\/types\/page"}],"author":[{"embeddable":true,"href":"https:\/\/ultimato.com.br\/sites\/timcarriker\/wp-json\/wp\/v2\/users\/25"}],"replies":[{"embeddable":true,"href":"https:\/\/ultimato.com.br\/sites\/timcarriker\/wp-json\/wp\/v2\/comments?post=1650"}],"version-history":[{"count":11,"href":"https:\/\/ultimato.com.br\/sites\/timcarriker\/wp-json\/wp\/v2\/pages\/1650\/revisions"}],"predecessor-version":[{"id":2173,"href":"https:\/\/ultimato.com.br\/sites\/timcarriker\/wp-json\/wp\/v2\/pages\/1650\/revisions\/2173"}],"up":[{"embeddable":true,"href":"https:\/\/ultimato.com.br\/sites\/timcarriker\/wp-json\/wp\/v2\/pages\/951"}],"wp:attachment":[{"href":"https:\/\/ultimato.com.br\/sites\/timcarriker\/wp-json\/wp\/v2\/media?parent=1650"}],"curies":[{"name":"wp","href":"https:\/\/api.w.org\/{rel}","templated":true}]}}