{"id":8,"date":"2013-08-07T18:33:02","date_gmt":"2013-08-07T21:33:02","guid":{"rendered":"http:\/\/ultimato.com.br\/sites\/testedafebrasil\/?page_id=8"},"modified":"2013-08-20T14:08:47","modified_gmt":"2013-08-20T17:08:47","slug":"o-que-fazemos","status":"publish","type":"page","link":"https:\/\/ultimato.com.br\/sites\/testedafebrasil\/quem-somos\/o-que-fazemos\/","title":{"rendered":"O Projeto"},"content":{"rendered":"<p>O projeto Teste da F\u00e9 Brasil \u00e9 uma iniciativa conjunta do Kuyper Hub, sediado em Belo Horizonte, e o Test of FAITH UK, um projeto internacional lan\u00e7ado a partir do <i>Faraday Institute for Science and Religion<\/i>, sediado no St Edmund\u2019s College, Cambridge University.<\/p>\n<p>Os membros do projeto s\u00e3o volunt\u00e1rios organizados em grupos locais e redes de conversa\u00e7\u00e3o espalhadas pelo Brasil.<\/p>\n<p>&nbsp;<\/p>\n<p><em>A miss\u00e3o do Teste da F\u00e9 Brasil \u00e9<\/em><\/p>\n<p>(1)\u00a0\u00a0\u00a0 Disponibilizar recursos de alta qualidade para a conscientiza\u00e7\u00e3o e educa\u00e7\u00e3o do p\u00fablico brasileiro sobre a rela\u00e7\u00e3o adequada entre f\u00e9 Crist\u00e3 e cultura cient\u00edfica, colocando em contato com o trabalho de cientistas, fil\u00f3sofos e te\u00f3logos crist\u00e3os de primeira linha.<\/p>\n<p>(2)\u00a0\u00a0\u00a0 Promover semin\u00e1rios e iniciativas pedag\u00f3gicas que tenham como foco as rela\u00e7\u00f5es entre ci\u00eancia e f\u00e9 Crist\u00e3 em contextos acad\u00eamicos, culturais e eclesiais.<\/p>\n<p>(3)\u00a0\u00a0\u00a0 Inspirar estudantes, profissionais e acad\u00eamicos crist\u00e3os envolvidos com ci\u00eancia a se tornarem protagonistas no di\u00e1logo e na educa\u00e7\u00e3o sobre ci\u00eancia e f\u00e9 tanto na comunidade cient\u00edfica quanto nas comunidades religiosas.<\/p>\n<p>&nbsp;<\/p>\n","protected":false},"excerpt":{"rendered":"<p>O projeto Teste da F\u00e9 Brasil \u00e9 uma iniciativa conjunta do Kuyper Hub, sediado em Belo Horizonte, e o Test of FAITH UK, um projeto internacional lan\u00e7ado a partir do Faraday Institute for Science and Religion, sediado no St Edmund\u2019s College, Cambridge University. Os membros do projeto s\u00e3o volunt\u00e1rios organizados em grupos locais e redes [&hellip;]<\/p>\n","protected":false},"author":24,"featured_media":0,"parent":6,"menu_order":2,"comment_status":"open","ping_status":"open","template":"","meta":{"footnotes":""},"class_list":["post-8","page","type-page","status-publish","hentry","count-0","even alt","author-andrebt","last"],"_links":{"self":[{"href":"https:\/\/ultimato.com.br\/sites\/testedafebrasil\/wp-json\/wp\/v2\/pages\/8","targetHints":{"allow":["GET"]}}],"collection":[{"href":"https:\/\/ultimato.com.br\/sites\/testedafebrasil\/wp-json\/wp\/v2\/pages"}],"about":[{"href":"https:\/\/ultimato.com.br\/sites\/testedafebrasil\/wp-json\/wp\/v2\/types\/page"}],"author":[{"embeddable":true,"href":"https:\/\/ultimato.com.br\/sites\/testedafebrasil\/wp-json\/wp\/v2\/users\/24"}],"replies":[{"embeddable":true,"href":"https:\/\/ultimato.com.br\/sites\/testedafebrasil\/wp-json\/wp\/v2\/comments?post=8"}],"version-history":[{"count":10,"href":"https:\/\/ultimato.com.br\/sites\/testedafebrasil\/wp-json\/wp\/v2\/pages\/8\/revisions"}],"predecessor-version":[{"id":78,"href":"https:\/\/ultimato.com.br\/sites\/testedafebrasil\/wp-json\/wp\/v2\/pages\/8\/revisions\/78"}],"up":[{"embeddable":true,"href":"https:\/\/ultimato.com.br\/sites\/testedafebrasil\/wp-json\/wp\/v2\/pages\/6"}],"wp:attachment":[{"href":"https:\/\/ultimato.com.br\/sites\/testedafebrasil\/wp-json\/wp\/v2\/media?parent=8"}],"curies":[{"name":"wp","href":"https:\/\/api.w.org\/{rel}","templated":true}]}}