{"id":35,"date":"2013-08-07T18:41:10","date_gmt":"2013-08-07T21:41:10","guid":{"rendered":"http:\/\/ultimato.com.br\/sites\/testedafebrasil\/?page_id=35"},"modified":"2013-08-17T12:10:39","modified_gmt":"2013-08-17T15:10:39","slug":"recursos","status":"publish","type":"page","link":"https:\/\/ultimato.com.br\/sites\/testedafebrasil\/recursos\/","title":{"rendered":"Recursos"},"content":{"rendered":"<p>&nbsp;<\/p>\n<p>O Projeto Teste da F\u00e9 deseja disponibilizar para o leitor brasileiro recursos de qualidade para a reflex\u00e3o, o debate, e a educa\u00e7\u00e3o sobre f\u00e9 e Ci\u00eancia. Al\u00e9m dos materiais (artigos, edi\u00e7\u00f5es, v\u00eddeos e \u00e1udios) produzidos pelo Test of Faith UK, ser\u00e3o disponibilizadas contribui\u00e7\u00f5es de outras iniciativas afins, como os &#8220;Faraday Papers&#8221;, do <em>Faraday Institute for Science and Religion<\/em>. Se voc\u00ea deseja contribuir com essa se\u00e7\u00e3o indicando ou traduzindo artigos, entre em contato conosco e apresente a sua contribui\u00e7\u00e3o.<\/p>\n<p>&nbsp;<\/p>\n<p>&nbsp;<\/p>\n<p>&nbsp;<\/p>\n","protected":false},"excerpt":{"rendered":"<p>&nbsp; O Projeto Teste da F\u00e9 deseja disponibilizar para o leitor brasileiro recursos de qualidade para a reflex\u00e3o, o debate, e a educa\u00e7\u00e3o sobre f\u00e9 e Ci\u00eancia. Al\u00e9m dos materiais (artigos, edi\u00e7\u00f5es, v\u00eddeos e \u00e1udios) produzidos pelo Test of Faith UK, ser\u00e3o disponibilizadas contribui\u00e7\u00f5es de outras iniciativas afins, como os &#8220;Faraday Papers&#8221;, do Faraday Institute [&hellip;]<\/p>\n","protected":false},"author":24,"featured_media":0,"parent":0,"menu_order":4,"comment_status":"open","ping_status":"open","template":"","meta":{"footnotes":""},"class_list":["post-35","page","type-page","status-publish","hentry","count-0","even alt","author-andrebt","last"],"_links":{"self":[{"href":"https:\/\/ultimato.com.br\/sites\/testedafebrasil\/wp-json\/wp\/v2\/pages\/35","targetHints":{"allow":["GET"]}}],"collection":[{"href":"https:\/\/ultimato.com.br\/sites\/testedafebrasil\/wp-json\/wp\/v2\/pages"}],"about":[{"href":"https:\/\/ultimato.com.br\/sites\/testedafebrasil\/wp-json\/wp\/v2\/types\/page"}],"author":[{"embeddable":true,"href":"https:\/\/ultimato.com.br\/sites\/testedafebrasil\/wp-json\/wp\/v2\/users\/24"}],"replies":[{"embeddable":true,"href":"https:\/\/ultimato.com.br\/sites\/testedafebrasil\/wp-json\/wp\/v2\/comments?post=35"}],"version-history":[{"count":6,"href":"https:\/\/ultimato.com.br\/sites\/testedafebrasil\/wp-json\/wp\/v2\/pages\/35\/revisions"}],"predecessor-version":[{"id":125,"href":"https:\/\/ultimato.com.br\/sites\/testedafebrasil\/wp-json\/wp\/v2\/pages\/35\/revisions\/125"}],"wp:attachment":[{"href":"https:\/\/ultimato.com.br\/sites\/testedafebrasil\/wp-json\/wp\/v2\/media?parent=35"}],"curies":[{"name":"wp","href":"https:\/\/api.w.org\/{rel}","templated":true}]}}