{"id":20,"date":"2013-08-07T18:36:28","date_gmt":"2013-08-07T21:36:28","guid":{"rendered":"http:\/\/ultimato.com.br\/sites\/testedafebrasil\/?page_id=20"},"modified":"2013-09-05T10:52:25","modified_gmt":"2013-09-05T13:52:25","slug":"agenda","status":"publish","type":"page","link":"https:\/\/ultimato.com.br\/sites\/testedafebrasil\/agenda\/","title":{"rendered":"Agenda"},"content":{"rendered":"<p><strong>TESTE DA F\u00c9 BRASIL &#8211; TOURN\u00c9E 2013<\/strong><\/p>\n<p><strong>TEST OF FAITH \u2013 2013 BRAZILIAN TOUR<\/strong><\/p>\n<p><i>06<sup>th<\/sup>-23<sup>rd<\/sup> September 2013<br \/>\n06 a 23 de Setembro de 2013<br \/>\n<\/i><\/p>\n<p>Cidades\/Cities: Belo Horizonte (MG), Vi\u00e7osa (MG), Campinas (SP), Bel\u00e9m (PA), Recife (PE), Rio de Janeiro (RJ), Bras\u00edlia (DF), S\u00e3o Paulo (SP).<\/p>\n<p>A AGENDA SER\u00c1 ATUALIZADA SEMANALMENTE COM MAIS DETALHES. FIQUE ATENTO!<\/p>\n<p>&nbsp;<\/p>\n<table border=\"1\" cellspacing=\"0\" cellpadding=\"0\">\n<tbody>\n<tr>\n<td valign=\"top\" width=\"52\">\n<p align=\"center\"><b>Datas<\/b><\/p>\n<\/td>\n<td valign=\"top\" width=\"92\">\n<p align=\"center\"><b>Cidades<\/b><\/p>\n<\/td>\n<td valign=\"top\" width=\"295\">\n<p align=\"center\"><b>Evento<\/b><\/p>\n<\/td>\n<td valign=\"top\" width=\"402\">\n<p align=\"center\"><b>Local, Hor\u00e1rio e Contato<\/b>s<\/p>\n<\/td>\n<\/tr>\n<tr>\n<td valign=\"top\" width=\"52\">06<\/td>\n<td valign=\"top\" width=\"92\">Belo Horizonte, MG<\/td>\n<td valign=\"top\" width=\"295\">Mesa Redonda: <i>O Di\u00e1logo de Religi\u00e3o e Ci\u00eancia Hoje e a Iniciativa \u201cTeste da F\u00e9\u201d,<\/i> com Ruth Bancewicz, Alexandre Aquino (UFMG, Kuyper Hub) e Davi Chang (CPPC, CEC) e Lan\u00e7amento do Projeto <i>O Teste da F\u00e9 Brasil<\/i>.<\/td>\n<td valign=\"top\" width=\"402\">\u00c0s 20h na <b>Livraria Fnac (BH Shopping)<\/b>Alexandre Aquino (Kuyper Hub)<a href=\"mailto:aaqsoares@hotmail.com\">aaqsoares@hotmail.com<\/a><\/td>\n<\/tr>\n<tr>\n<td valign=\"top\" width=\"52\">08<\/td>\n<td valign=\"top\" width=\"92\">Vi\u00e7osa, MG<\/td>\n<td valign=\"top\" width=\"295\">Confer\u00eancia e Mesa Redonda: \u201c<i>Beleza, Rever\u00eancia e Indaga\u00e7\u00e3o na Ci\u00eancia e na Teologia Crist\u00e3<\/i>\u201d, com Dr. Ruth Bancewicz, e Lan\u00e7amento do <i>Teste da F\u00e9 Brasil<\/i>.<\/td>\n<td valign=\"top\" width=\"402\">\u00c0s 09h30 na <b>Igreja Presbiteriana de Vi\u00e7osa<\/b> (IPV)Marcos Bontempo (Ultimato)<\/td>\n<\/tr>\n<tr>\n<td valign=\"top\" width=\"52\">09<\/td>\n<td valign=\"top\" width=\"92\">Campinas, SP<\/td>\n<td valign=\"top\" width=\"295\">Confer\u00eancia: <i>O Di\u00e1logo de Religi\u00e3o e Ci\u00eancia Hoje: Uma Introdu\u00e7\u00e3o,<\/i> com a Dra. Ruth Bancewicz, e Mesa Redonda com a Capelania do Mackenzie Campinas<\/td>\n<td valign=\"top\" width=\"402\">\u00c0s 19h da segunda feira dia 09, no <b>Audit\u00f3rio da Universidade<\/b> <b>Mackenzie Campinas<\/b>: Avenida Brasil, 1220, Jardim Guanabara, Campinas &#8211; SPContatos: Marcelo Coelho (capelania Mackenzie: <a href=\"mailto:marcelo.almeida1@mackenzie.br\">marcelo.almeida1@mackenzie.br<\/a>) eRaquel Arouca (A ROCHA BRASIL: <a href=\"mailto:raquelarouca@gmail.com\">raquelarouca@gmail.com<\/a>), (19) 9 8128-2408<\/td>\n<\/tr>\n<tr>\n<td valign=\"top\" width=\"52\">10<\/td>\n<td valign=\"top\" width=\"92\">Campinas, SP<\/td>\n<td valign=\"top\" width=\"295\">Confer\u00eancia e Mesa Redonda: <i>O Di\u00e1logo de Religi\u00e3o e Ci\u00eancia Hoje: Uma Introdu\u00e7\u00e3o<\/i>, com a Dra. Ruth Bancewicz, Guilherme de Carvalho (L\u2019Abri), Roberto Covolan (Unicamp) e Marcos Eberlin (Unicamp)Lan\u00e7amento oficial do <i>Teste da F\u00e9 Brasil<\/i> com a Comunidade Estudantil Universit\u00e1ria<\/td>\n<td valign=\"top\" width=\"402\">\u00c0s 20h na <b>Casa CEU<\/b>: Rua Engenheiro Humberto Soares Camargo, n388, Bar\u00e3o Geraldo.Contato: Marcelo Cabral (CEU\/Unicamp)<a href=\"mailto:marcelobc87@gmail.com\">marcelobc87@gmail.com<\/a><\/td>\n<\/tr>\n<tr>\n<td valign=\"top\" width=\"52\">11<\/td>\n<td valign=\"top\" width=\"92\">Bel\u00e9m do Par\u00e1, PA<\/td>\n<td valign=\"top\" width=\"295\">Confer\u00eancia e Mesa Redonda: \u201c<i>Beleza, Rever\u00eancia e Indaga\u00e7\u00e3o na Ci\u00eancia e na Teologia Crist\u00e3<\/i>\u201d, e Lan\u00e7amento do <i>Teste da F\u00e9 Brasil<\/i> (11)<\/td>\n<td valign=\"top\" width=\"402\">\u00c0s 18h30 no <b>Audit\u00f3rio Setorial Profissional da UFPA.<br \/>\n<\/b>Contato: Jackson Salustiano (GECARE)<a href=\"mailto:jackson.salustiano@icloud.com\" target=\"_blank\">jackson.salustiano@icloud.com<\/a><\/td>\n<\/tr>\n<tr>\n<td valign=\"top\" width=\"52\">12<\/td>\n<td valign=\"top\" width=\"92\">Recife, PE<\/td>\n<td valign=\"top\" width=\"295\">Confer\u00eancia e Mesa Redonda: <i>O Di\u00e1logo de Religi\u00e3o e Ci\u00eancia Hoje: Uma Introdu\u00e7\u00e3o<\/i>, com Dra. Ruth Bancewicz e Guilherme de Carvalho (L\u2019Abri), e lan\u00e7amento do <i>Teste da F\u00e9 Brasil<\/i> (20h)<\/td>\n<td valign=\"top\" width=\"402\">\u00c0s 19h30 <b>Livraria Cultura Shopping Riomar<\/b>: Avenida Republica do Libano 251.Contato: Maelyson Rolim (Rennovario)<a href=\"mailto:maelyson@gmail.com\">maelyson@gmail.com<\/a><\/td>\n<\/tr>\n<tr>\n<td valign=\"top\" width=\"52\">14<\/td>\n<td valign=\"top\" width=\"92\">Rio de Janeiro, RJ<\/td>\n<td valign=\"top\" width=\"295\">I Semin\u00e1rio Sobre Religi\u00e3o e Ci\u00eancia \u201c<i>Desafios da interse\u00e7\u00e3o entre a ci\u00eancia e a f\u00e9<\/i>\u201d e Lan\u00e7amento do livro \u201cTeste da F\u00e9\u201d \u2013 Editora Ultimato.Confer\u00eancias e Mesa Redonda, Dr. Ruth Bancewicz, e com Ruth Bancewicz, Pr. Israel Belo de Azevedo (Itacuru\u00e7\u00e1) e Guilherme de Carvalho (L\u2019Abri)<\/td>\n<td valign=\"top\" width=\"402\">16h-18h: Mesa Redonda19h-21h: Palestra \u2013 Dra. Ruth Bancewicz) LOCAL: <b>Igreja Batista do Itacuru\u00e7\u00e1<\/b>:Pra\u00e7a Bar\u00e3o de Corumb\u00e1, 49, Tijuca Rio de Janeiro \u2013 RJ \u2013 20510-170 Telefone: (21) 3344-9700<\/p>\n<p>Contatos: Ilce Ferreira (FIOCRUZ), Israel Belo de Azevedo (IBI)<\/p>\n<p><a href=\"mailto:ilce23@hotmail.com\">ilce23@hotmail.com<\/a><\/td>\n<\/tr>\n<tr>\n<td valign=\"top\" width=\"52\">16<\/td>\n<td valign=\"top\" width=\"92\">Rio de Janeiro, RJ<\/td>\n<td valign=\"top\" width=\"295\">Mesa redonda: &#8220;<i>A import\u00e2ncia do Di\u00e1logo de F\u00e9 e Ci\u00eancia para o testemunho e o minist\u00e9rio Crist\u00e3o Contempor\u00e2neo<\/i>&#8221; e sess\u00e3o de perguntas com Dr. Ruth Bancewicz e o Prof. Luiz Say\u00e3o, no Congresso de Teologia Pr\u00e1tica \u201cFoco Ministerial\u201d.<\/td>\n<td valign=\"top\" width=\"402\">A partir das 19h, no <b>Semin\u00e1rio Batista do Sul (STBSB)<\/b>.<br \/>\nR. Jos\u00e9 Higino, 416 &#8211; Tijuca\u00a0\u00a0Rio de Janeiro.Contatos: Ilce Ferreira (FIOCRUZ), <a href=\"mailto:ilce23@hotmail.com\">ilce23@hotmail.com<\/a><\/td>\n<\/tr>\n<tr>\n<td valign=\"top\" width=\"52\">17<\/td>\n<td valign=\"top\" width=\"92\">Bras\u00edlia, DF<\/td>\n<td valign=\"top\" width=\"295\">Apresenta\u00e7\u00e3o e Mesa Redonda: <i>A Iniciativa \u201cTest of Faith\u201d,<\/i> com Dra. Ruth Bancewicz, Dra. Lenise Garcia (UNB) e Guilherme de Carvalho (L\u2019Abri) e Lan\u00e7amento do <i>Projeto Teste da F\u00e9 Brasil<\/i> (noite)<\/td>\n<td valign=\"top\" width=\"402\">\u00c0s 19h30h na <b>Livraria Fnac Bras\u00edlia<\/b>: ParkShopping &#8211; Entrada C1, SAI\/SO \u00c1rea 6580.Contato: Jonathas Camacho (SCA\/UNB)<a href=\"mailto:jonathascamacho@gmail.com\">jonathascamacho@gmail.com<\/a><\/td>\n<\/tr>\n<tr>\n<td valign=\"top\" width=\"52\">18<\/td>\n<td valign=\"top\" width=\"92\">Bras\u00edlia, DF<\/td>\n<td valign=\"top\" width=\"295\">CONFER\u00caNCIA INTERNACIONAL SOBRE CI\u00caNCIA E RELIGI\u00c3O &#8211; UNBManh\u00e3: Confer\u00eancia com Ruth Bancewicz: <i>O Di\u00e1logo de Religi\u00e3o e Ci\u00eancia Hoje<\/i>. (manh\u00e3).Tarde: Palestra de Guilherme de Carvalho: &#8220;<i>O homem como ser religioso em Herman Dooyeweerd e implica\u00e7\u00f5es para a rela\u00e7\u00e3o de ci\u00eancia e religi\u00e3o<\/i>\u201d.<\/td>\n<td valign=\"top\" width=\"402\">Das 10h \u00e0s 12h no <b>Audit\u00f3rio 1 do Instituto de Biologia da Universidade de Bras\u00edlia (UnB)<\/b>.\u00c0 tarde: Na reuni\u00e3o Grupo de Estudos de Filosofia da Religi\u00e3o da UnB (mais detalhes em breve)Contato: Jonathas Camacho (SCA\/UNB)<a href=\"mailto:jonathascamacho@gmail.com\">jonathascamacho@gmail.com<\/a><\/td>\n<\/tr>\n<tr>\n<td valign=\"top\" width=\"52\">18<\/td>\n<td valign=\"top\" width=\"92\">Bras\u00edlia, DF<\/td>\n<td valign=\"top\" width=\"295\">Noite: &#8220;<i>Ci\u00eancia e F\u00e9: inimigas ou aliadas<\/i>?&#8221; Exibi\u00e7\u00e3o do document\u00e1rio Teste da F\u00e9 e Mesa Redonda com Dra. Ruth Bancewicz, Dr. Agnaldo Portugal (UNB), Guilherme de Carvalho (L\u2019Abri).<\/td>\n<td valign=\"top\" width=\"402\">A partir das 19h30 na <b>Faculdade Teol\u00f3gica Batista de Bras\u00edlia<\/b>: L2 Norte &#8211; SGAN 611, M\u00f3dulo B \u2013 Capela.Contato: Jonathas Camacho (SCA\/UNB)<a href=\"mailto:jonathascamacho@gmail.com\">jonathascamacho@gmail.com<\/a><\/td>\n<\/tr>\n<tr>\n<td valign=\"top\" width=\"52\">19<\/td>\n<td valign=\"top\" width=\"92\">S\u00e3o Paulo, SP<\/td>\n<td valign=\"top\" width=\"295\">Confer\u00eancia PUC-SP: <i>O Di\u00e1logo de Religi\u00e3o e Ci\u00eancia Hoje: Uma Introdu\u00e7\u00e3o<\/i>, com a Dra Ruth Bancewicz.<\/td>\n<td valign=\"top\" width=\"402\">\u00c0s 16h30 (mais detalhes em breve). No <b>CAMPUS MONTE ALEGRE<\/b>.<br \/>\nRealiza\u00e7\u00e3o: Grupo de Pesquisa \u201cTra\u00e7os Religiosos na Atividade Cient\u00edfica Contempor\u00e2nea\u201d (Depto Ci\u00eancias da Religi\u00e3o, Puc\/SP)Raphael Uchoa (PUC-SP)<a href=\"mailto:rbsuchoa@gmail.com\">rbsuchoa@gmail.com<\/a><\/td>\n<\/tr>\n<tr>\n<td valign=\"top\" width=\"52\">21<\/td>\n<td valign=\"top\" width=\"92\">S\u00e3o Paulo, SP<\/td>\n<td valign=\"top\" width=\"295\">Confer\u00eancia: <i>O Di\u00e1logo de Religi\u00e3o e Ci\u00eancia Hoje<\/i>, com a Dr. Ruth Bancewicz, e\u00a0Di\u00e1logos sobre ci\u00eancia e f\u00e9 e lan\u00e7amento do\u00a0<i>Teste da F\u00e9 Brasil<\/i><\/td>\n<td valign=\"top\" width=\"402\">Das 9h \u00e0s 11h na <b>Faculdade Teol\u00f3gica Batista de S\u00e3o Paulo<\/b>: Rua Jo\u00e3o Ramalho, 466, Bairro Perdizes \u2013 S\u00e3o Paulo \u2013 SP.Contato: Raphael Uchoa (PUC-SP)<a href=\"mailto:rbsuchoa@gmail.com\">rbsuchoa@gmail.com<\/a><\/td>\n<\/tr>\n<tr>\n<td valign=\"top\" width=\"52\">21<\/td>\n<td valign=\"top\" width=\"92\">S\u00e3o Paulo, SP<\/td>\n<td valign=\"top\" width=\"295\">Lan\u00e7amento do <i>Teste da F\u00e9 Brasil<\/i>. Confer\u00eancia e Mesa Redonda: \u201c<i>Beleza, Rever\u00eancia e Indaga\u00e7\u00e3o na Ci\u00eancia e na Teologia Crist\u00e3<\/i>\u201d<i>,<\/i> com Dr. Ruth Bancewicz, Sandro Baggio (Steiger, 242) e Guilherme de Carvalho (L\u2019Abri)<\/td>\n<td valign=\"top\" width=\"402\">\u00c0s 19h do s\u00e1bado, no <b>Projeto 242<\/b> (Rua da Gl\u00f3ria 900). Apoio: Amigos de L\u2019Abri S\u00e3o Paulo e Projeto 242.Contato: Paulo Roberto Ciccolani (11 982404369)projeto242.com\/<\/td>\n<\/tr>\n<tr>\n<td valign=\"top\" width=\"52\">22<\/td>\n<td valign=\"top\" width=\"92\">S\u00e3o Paulo, SP<\/td>\n<td valign=\"top\" width=\"295\">Confer\u00eancia e Mesa Redonda: \u201c<i>Beleza, Rever\u00eancia e Indaga\u00e7\u00e3o na Ci\u00eancia e na Teologia Crist\u00e3<\/i>\u201d, com Dr. Ruth Bancewicz. Rea\u00e7\u00f5es com Prof. Luiz Say\u00e3o e Guilherme de Carvalho (L\u2019Abri).<\/td>\n<td valign=\"top\" width=\"402\">A partir das 17h30 do domingo na <b>Igreja Batista das Na\u00e7\u00f5es Unidas (IBNU)<\/b>. R. Jos\u00e9 Guerra, 130 &#8211; Santo Amaro, S\u00e3o Paulo.Contato: Raphael Uchoa (PUC-SP)<a href=\"mailto:rbsuchoa@gmail.com\">rbsuchoa@gmail.com<\/a><\/td>\n<\/tr>\n<\/tbody>\n<\/table>\n<p>&nbsp;<\/p>\n","protected":false},"excerpt":{"rendered":"<p>TESTE DA F\u00c9 BRASIL &#8211; TOURN\u00c9E 2013 TEST OF FAITH \u2013 2013 BRAZILIAN TOUR 06th-23rd September 2013 06 a 23 de Setembro de 2013 Cidades\/Cities: Belo Horizonte (MG), Vi\u00e7osa (MG), Campinas (SP), Bel\u00e9m (PA), Recife (PE), Rio de Janeiro (RJ), Bras\u00edlia (DF), S\u00e3o Paulo (SP). A AGENDA SER\u00c1 ATUALIZADA SEMANALMENTE COM MAIS DETALHES. FIQUE ATENTO! [&hellip;]<\/p>\n","protected":false},"author":24,"featured_media":0,"parent":0,"menu_order":10,"comment_status":"open","ping_status":"open","template":"","meta":{"footnotes":""},"class_list":["post-20","page","type-page","status-publish","hentry","count-0","even alt","author-andrebt","last"],"_links":{"self":[{"href":"https:\/\/ultimato.com.br\/sites\/testedafebrasil\/wp-json\/wp\/v2\/pages\/20","targetHints":{"allow":["GET"]}}],"collection":[{"href":"https:\/\/ultimato.com.br\/sites\/testedafebrasil\/wp-json\/wp\/v2\/pages"}],"about":[{"href":"https:\/\/ultimato.com.br\/sites\/testedafebrasil\/wp-json\/wp\/v2\/types\/page"}],"author":[{"embeddable":true,"href":"https:\/\/ultimato.com.br\/sites\/testedafebrasil\/wp-json\/wp\/v2\/users\/24"}],"replies":[{"embeddable":true,"href":"https:\/\/ultimato.com.br\/sites\/testedafebrasil\/wp-json\/wp\/v2\/comments?post=20"}],"version-history":[{"count":45,"href":"https:\/\/ultimato.com.br\/sites\/testedafebrasil\/wp-json\/wp\/v2\/pages\/20\/revisions"}],"predecessor-version":[{"id":358,"href":"https:\/\/ultimato.com.br\/sites\/testedafebrasil\/wp-json\/wp\/v2\/pages\/20\/revisions\/358"}],"wp:attachment":[{"href":"https:\/\/ultimato.com.br\/sites\/testedafebrasil\/wp-json\/wp\/v2\/media?parent=20"}],"curies":[{"name":"wp","href":"https:\/\/api.w.org\/{rel}","templated":true}]}}