{"id":18,"date":"2013-08-07T18:36:06","date_gmt":"2013-08-07T21:36:06","guid":{"rendered":"http:\/\/ultimato.com.br\/sites\/testedafebrasil\/?page_id=18"},"modified":"2013-08-17T23:29:57","modified_gmt":"2013-08-18T02:29:57","slug":"faraday-papers","status":"publish","type":"page","link":"https:\/\/ultimato.com.br\/sites\/testedafebrasil\/faraday-papers\/","title":{"rendered":"Faraday Papers"},"content":{"rendered":"<p>&nbsp;<\/p>\n<p>Os <i>Faraday Papers<\/i> s\u00e3o publicados pelo Instituto Faraday para Ci\u00eancia e Religi\u00e3o, St. Edmund\u2019s College, Cambridge, CB3 OBN, UK, uma organiza\u00e7\u00e3o sem fins lucrativos para educa\u00e7\u00e3o e pesquisa (<a href=\"http:\/\/www.faraday-institute.org\/\">www.faraday-institute.org<\/a>). As opini\u00f5es expressas s\u00e3o dos autores e n\u00e3o representam necessariamente as vis\u00f5es do instituto. Os Faraday Papers abordam uma ampla gama de t\u00f3picos relacionados \u00e0s intera\u00e7\u00f5es entre ci\u00eancia e religi\u00e3o. Uma lista completa dos Faraday Papers dispon\u00edveis pode ser vista em <a href=\"http:\/\/www.faraday-institute.org\/\">www.faraday-institute.org<\/a> onde c\u00f3pias gratuitas podem ser baixadas em formato pdf. C\u00f3pias impressas como esta podem tamb\u00e9m ser obtidas em ma\u00e7os de dez ou mais ao pre\u00e7o de \u00a31.5 por c\u00f3pia + postagem. Detalhes para encomenda on-line encontram-se em <a href=\"http:\/\/www.faraday-institute.org\/\">www.faraday-institute.org<\/a>.<\/p>\n<p>At\u00e9 agora o FISR publicou um total de 17 Faraday Papers, mas apenas quatro est\u00e3o dispon\u00edveis em l\u00edngua portuguesa. Se voc\u00ea deseja contribuir com o projeto de tradu\u00e7\u00e3o entre em contato conosco. Tradu\u00e7\u00f5es aprovadas ser\u00e3o disponibilizadas no site internacional do <em>Faraday Institute<\/em>.<\/p>\n<p>&nbsp;<\/p>\n","protected":false},"excerpt":{"rendered":"<p>&nbsp; Os Faraday Papers s\u00e3o publicados pelo Instituto Faraday para Ci\u00eancia e Religi\u00e3o, St. Edmund\u2019s College, Cambridge, CB3 OBN, UK, uma organiza\u00e7\u00e3o sem fins lucrativos para educa\u00e7\u00e3o e pesquisa (www.faraday-institute.org). As opini\u00f5es expressas s\u00e3o dos autores e n\u00e3o representam necessariamente as vis\u00f5es do instituto. Os Faraday Papers abordam uma ampla gama de t\u00f3picos relacionados \u00e0s [&hellip;]<\/p>\n","protected":false},"author":24,"featured_media":0,"parent":0,"menu_order":9,"comment_status":"open","ping_status":"open","template":"","meta":{"footnotes":""},"class_list":["post-18","page","type-page","status-publish","hentry","count-0","even alt","author-andrebt","last"],"_links":{"self":[{"href":"https:\/\/ultimato.com.br\/sites\/testedafebrasil\/wp-json\/wp\/v2\/pages\/18","targetHints":{"allow":["GET"]}}],"collection":[{"href":"https:\/\/ultimato.com.br\/sites\/testedafebrasil\/wp-json\/wp\/v2\/pages"}],"about":[{"href":"https:\/\/ultimato.com.br\/sites\/testedafebrasil\/wp-json\/wp\/v2\/types\/page"}],"author":[{"embeddable":true,"href":"https:\/\/ultimato.com.br\/sites\/testedafebrasil\/wp-json\/wp\/v2\/users\/24"}],"replies":[{"embeddable":true,"href":"https:\/\/ultimato.com.br\/sites\/testedafebrasil\/wp-json\/wp\/v2\/comments?post=18"}],"version-history":[{"count":5,"href":"https:\/\/ultimato.com.br\/sites\/testedafebrasil\/wp-json\/wp\/v2\/pages\/18\/revisions"}],"predecessor-version":[{"id":87,"href":"https:\/\/ultimato.com.br\/sites\/testedafebrasil\/wp-json\/wp\/v2\/pages\/18\/revisions\/87"}],"wp:attachment":[{"href":"https:\/\/ultimato.com.br\/sites\/testedafebrasil\/wp-json\/wp\/v2\/media?parent=18"}],"curies":[{"name":"wp","href":"https:\/\/api.w.org\/{rel}","templated":true}]}}