{"id":152,"date":"2013-08-19T00:41:40","date_gmt":"2013-08-19T03:41:40","guid":{"rendered":"http:\/\/ultimato.com.br\/sites\/testedafebrasil\/?page_id=152"},"modified":"2013-09-04T02:15:03","modified_gmt":"2013-09-04T05:15:03","slug":"kuyper-hub","status":"publish","type":"page","link":"https:\/\/ultimato.com.br\/sites\/testedafebrasil\/quem-somos\/kuyper-hub\/","title":{"rendered":"Kuyper Hub"},"content":{"rendered":"<p><a href=\"http:\/\/ultimato.com.br\/sites\/testedafebrasil\/files\/2013\/08\/AKET.logoTransparente.png\"><img loading=\"lazy\" decoding=\"async\" class=\" wp-image-355 alignleft\" alt=\"AKET.logoTransparente\" src=\"http:\/\/ultimato.com.br\/sites\/testedafebrasil\/files\/2013\/08\/AKET.logoTransparente.png\" width=\"112\" height=\"66\" \/><\/a>O Kuyper Hub \u00e9 uma sociedade de amigos destinada \u00e0 unifica\u00e7\u00e3o dos saberes a partir da f\u00e9 crist\u00e3 e \u00e0 promo\u00e7\u00e3o um engajamento intelectual respons\u00e1vel do cristianismo com a cultura contempor\u00e2nea. O Kuyper Hub \u00e9 uma iniciativa da AKET \u2013 Associa\u00e7\u00e3o Kuyper para Estudos Transdisciplinares &#8211; uma associa\u00e7\u00e3o sem fins lucrativos, sediada em Belo Horizonte, e destinada ao di\u00e1logo e integra\u00e7\u00e3o do conhecimento em perspectiva Crist\u00e3.<\/p>\n<p>A AKET vincula-se explicitamente a uma importante tradi\u00e7\u00e3o intelectual e religiosa associada ao nome do reformador e estadista holand\u00eas Abraham Kuyper, fundador da Universidade Livre de Amsterd\u00e3. Sob inspira\u00e7\u00e3o de Kuyper, e do assim-chamado <em>neocalvinismo<\/em>, a AKET assume como ponto de partida a tradi\u00e7\u00e3o crist\u00e3 reformada, em sua compreens\u00e3o do mundo, da vida humana, e da pr\u00f3pria atividade acad\u00eamica, com a f\u00e9 no potencial explanat\u00f3rio e integrador dessa tradi\u00e7\u00e3o, e a esperan\u00e7a de que ele possa contribuir para o bem de todos os homens.<\/p>\n<p>&nbsp;<\/p>\n","protected":false},"excerpt":{"rendered":"<p>O Kuyper Hub \u00e9 uma sociedade de amigos destinada \u00e0 unifica\u00e7\u00e3o dos saberes a partir da f\u00e9 crist\u00e3 e \u00e0 promo\u00e7\u00e3o um engajamento intelectual respons\u00e1vel do cristianismo com a cultura contempor\u00e2nea. O Kuyper Hub \u00e9 uma iniciativa da AKET \u2013 Associa\u00e7\u00e3o Kuyper para Estudos Transdisciplinares &#8211; uma associa\u00e7\u00e3o sem fins lucrativos, sediada em Belo Horizonte, [&hellip;]<\/p>\n","protected":false},"author":23,"featured_media":0,"parent":6,"menu_order":0,"comment_status":"open","ping_status":"open","template":"","meta":{"footnotes":""},"class_list":["post-152","page","type-page","status-publish","hentry","count-0","even alt","author-guilhermevrc","last"],"_links":{"self":[{"href":"https:\/\/ultimato.com.br\/sites\/testedafebrasil\/wp-json\/wp\/v2\/pages\/152","targetHints":{"allow":["GET"]}}],"collection":[{"href":"https:\/\/ultimato.com.br\/sites\/testedafebrasil\/wp-json\/wp\/v2\/pages"}],"about":[{"href":"https:\/\/ultimato.com.br\/sites\/testedafebrasil\/wp-json\/wp\/v2\/types\/page"}],"author":[{"embeddable":true,"href":"https:\/\/ultimato.com.br\/sites\/testedafebrasil\/wp-json\/wp\/v2\/users\/23"}],"replies":[{"embeddable":true,"href":"https:\/\/ultimato.com.br\/sites\/testedafebrasil\/wp-json\/wp\/v2\/comments?post=152"}],"version-history":[{"count":7,"href":"https:\/\/ultimato.com.br\/sites\/testedafebrasil\/wp-json\/wp\/v2\/pages\/152\/revisions"}],"predecessor-version":[{"id":356,"href":"https:\/\/ultimato.com.br\/sites\/testedafebrasil\/wp-json\/wp\/v2\/pages\/152\/revisions\/356"}],"up":[{"embeddable":true,"href":"https:\/\/ultimato.com.br\/sites\/testedafebrasil\/wp-json\/wp\/v2\/pages\/6"}],"wp:attachment":[{"href":"https:\/\/ultimato.com.br\/sites\/testedafebrasil\/wp-json\/wp\/v2\/media?parent=152"}],"curies":[{"name":"wp","href":"https:\/\/api.w.org\/{rel}","templated":true}]}}