{"id":14,"date":"2013-08-07T18:35:17","date_gmt":"2013-08-07T21:35:17","guid":{"rendered":"http:\/\/ultimato.com.br\/sites\/testedafebrasil\/?page_id=14"},"modified":"2013-08-15T12:47:42","modified_gmt":"2013-08-15T15:47:42","slug":"o-livro","status":"publish","type":"page","link":"https:\/\/ultimato.com.br\/sites\/testedafebrasil\/o-livro\/","title":{"rendered":"O Livro"},"content":{"rendered":"<p><b>Francis Collins<\/b>, autor do best-seller <i>A Linguagem de Deus<\/i> e ex-diretor do Instituto Nacional de Pesquisa do Genoma Humano, Estados Unidos; <b>Alister McGrath<\/b>,\u00a0autor de, entre outros,\u00a0<a href=\"http:\/\/www.ultimato.com.br\/loja\/produtos\/como-lidar-com-a-duvida\" target=\"_blank\">Como Lidar com a D\u00favida<\/a>\u00a0e\u00a0<i>O Del\u00edrio de Dawkins<\/i> e professor na Universidade de Oxford; <b>Alasdair Coles<\/b>, da Universidade de Cambridge e coordenador da pesquisa que acaba de apontar um medicamento eficaz para tratar pacientes com esclerose m\u00faltipla; entre outros, afirmam: OS CIENTISTAS TAMB\u00c9M CREEM.<\/p>\n<p>Em <b>O Teste da F\u00e9<\/b>, dez cientistas reconhecidos internacionalmente como pesquisadores not\u00e1veis contam suas hist\u00f3rias de vida e como relacionam a sua f\u00e9 com a atividade cient\u00edfica. Por que escolheram ser cientistas? Por que abra\u00e7aram o cristianismo?<\/p>\n<p>Alguns eram ateus; outros, agn\u00f3sticos; e ainda outros foram apresentados ao cristianismo quando crian\u00e7as. Todos, em algum momento, mudaram de opini\u00e3o ou reafirmaram o que creem.<\/p>\n<p>Mas por que \u201cO Teste da F\u00e9\u201d?<\/p>\n<p>O desafio levantado \u00e9, muitas vezes, o de que Deus \u00e9 uma ilus\u00e3o e que a ci\u00eancia removeu a necessidade da f\u00e9 em qualquer coisa que seja. Como os cientistas crist\u00e3os respondem a isso? Todos eles foram treinados para pensar e testar ideias at\u00e9 o limite. Se tanto a sua f\u00e9, quanto a sua ci\u00eancia forem buscas genu\u00ednas pela verdade, precisamos ouvir o que eles t\u00eam a dizer.<\/p>\n","protected":false},"excerpt":{"rendered":"<p>Francis Collins, autor do best-seller A Linguagem de Deus e ex-diretor do Instituto Nacional de Pesquisa do Genoma Humano, Estados Unidos; Alister McGrath,\u00a0autor de, entre outros,\u00a0Como Lidar com a D\u00favida\u00a0e\u00a0O Del\u00edrio de Dawkins e professor na Universidade de Oxford; Alasdair Coles, da Universidade de Cambridge e coordenador da pesquisa que acaba de apontar um medicamento [&hellip;]<\/p>\n","protected":false},"author":24,"featured_media":0,"parent":0,"menu_order":6,"comment_status":"open","ping_status":"open","template":"","meta":{"footnotes":""},"class_list":["post-14","page","type-page","status-publish","hentry","count-0","even alt","author-andrebt","last"],"_links":{"self":[{"href":"https:\/\/ultimato.com.br\/sites\/testedafebrasil\/wp-json\/wp\/v2\/pages\/14","targetHints":{"allow":["GET"]}}],"collection":[{"href":"https:\/\/ultimato.com.br\/sites\/testedafebrasil\/wp-json\/wp\/v2\/pages"}],"about":[{"href":"https:\/\/ultimato.com.br\/sites\/testedafebrasil\/wp-json\/wp\/v2\/types\/page"}],"author":[{"embeddable":true,"href":"https:\/\/ultimato.com.br\/sites\/testedafebrasil\/wp-json\/wp\/v2\/users\/24"}],"replies":[{"embeddable":true,"href":"https:\/\/ultimato.com.br\/sites\/testedafebrasil\/wp-json\/wp\/v2\/comments?post=14"}],"version-history":[{"count":3,"href":"https:\/\/ultimato.com.br\/sites\/testedafebrasil\/wp-json\/wp\/v2\/pages\/14\/revisions"}],"predecessor-version":[{"id":83,"href":"https:\/\/ultimato.com.br\/sites\/testedafebrasil\/wp-json\/wp\/v2\/pages\/14\/revisions\/83"}],"wp:attachment":[{"href":"https:\/\/ultimato.com.br\/sites\/testedafebrasil\/wp-json\/wp\/v2\/media?parent=14"}],"curies":[{"name":"wp","href":"https:\/\/api.w.org\/{rel}","templated":true}]}}