{"id":9,"date":"2012-10-22T08:04:48","date_gmt":"2012-10-22T11:04:48","guid":{"rendered":"http:\/\/ultimato.com.br\/sites\/teologia-pura-simples\/?page_id=9"},"modified":"2012-10-22T08:31:32","modified_gmt":"2012-10-22T11:31:32","slug":"o-que-disseram","status":"publish","type":"page","link":"https:\/\/ultimato.com.br\/sites\/teologia-pura-simples\/o-que-disseram\/","title":{"rendered":"O que disseram"},"content":{"rendered":"<blockquote><p>\u201cPara Alister McGrath, a boa teologia\u00a0n\u00e3o apenas explica, mas\u00a0transforma.\u00a0<em>Teologia Pura e Simples<\/em>\u00a0encanta, provoca\u00a0e desafiar a todos n\u00f3s.\u201d<\/p><\/blockquote>\n<p style=\"text-align: left;\">&#8211; Michael\u00a0Horton<\/p>\n<blockquote><p>\u201cEscrito com clareza e livre dos clich\u00eas e jarg\u00f5es t\u00e9cnicos,\u00a0<em>Teologia Pura e Simples<\/em>\u00a0deve ser lido e espalhado largamente\u201d<\/p><\/blockquote>\n<p style=\"text-align: left;\">&#8211; Church Times<\/p>\n<blockquote><p>\u201cUma\u00a0introdu\u00e7\u00e3o pr\u00e1tica \u00e0\u00a0apolog\u00e9tica, escrito por algu\u00e9m que\u00a0n\u00e3o\u00a0apenas fala sobre\u00a0o assunto, mas\u00a0 o faz brilhantemente<\/p><\/blockquote>\n<p style=\"text-align: left;\">&#8211; Os Guinness<\/p>\n","protected":false},"excerpt":{"rendered":"<p>\u201cPara Alister McGrath, a boa teologia\u00a0n\u00e3o apenas explica, mas\u00a0transforma.\u00a0Teologia Pura e Simples\u00a0encanta, provoca\u00a0e desafiar a todos n\u00f3s.\u201d &#8211; Michael\u00a0Horton \u201cEscrito com clareza e livre dos clich\u00eas e jarg\u00f5es t\u00e9cnicos,\u00a0Teologia Pura e Simples\u00a0deve ser lido e espalhado largamente\u201d &#8211; Church Times \u201cUma\u00a0introdu\u00e7\u00e3o pr\u00e1tica \u00e0\u00a0apolog\u00e9tica, escrito por algu\u00e9m que\u00a0n\u00e3o\u00a0apenas fala sobre\u00a0o assunto, mas\u00a0 o faz brilhantemente &#8211; [&hellip;]<\/p>\n","protected":false},"author":24,"featured_media":0,"parent":0,"menu_order":3,"comment_status":"open","ping_status":"open","template":"","meta":{"footnotes":""},"class_list":["post-9","page","type-page","status-publish","hentry"],"_links":{"self":[{"href":"https:\/\/ultimato.com.br\/sites\/teologia-pura-simples\/wp-json\/wp\/v2\/pages\/9","targetHints":{"allow":["GET"]}}],"collection":[{"href":"https:\/\/ultimato.com.br\/sites\/teologia-pura-simples\/wp-json\/wp\/v2\/pages"}],"about":[{"href":"https:\/\/ultimato.com.br\/sites\/teologia-pura-simples\/wp-json\/wp\/v2\/types\/page"}],"author":[{"embeddable":true,"href":"https:\/\/ultimato.com.br\/sites\/teologia-pura-simples\/wp-json\/wp\/v2\/users\/24"}],"replies":[{"embeddable":true,"href":"https:\/\/ultimato.com.br\/sites\/teologia-pura-simples\/wp-json\/wp\/v2\/comments?post=9"}],"version-history":[{"count":7,"href":"https:\/\/ultimato.com.br\/sites\/teologia-pura-simples\/wp-json\/wp\/v2\/pages\/9\/revisions"}],"predecessor-version":[{"id":50,"href":"https:\/\/ultimato.com.br\/sites\/teologia-pura-simples\/wp-json\/wp\/v2\/pages\/9\/revisions\/50"}],"wp:attachment":[{"href":"https:\/\/ultimato.com.br\/sites\/teologia-pura-simples\/wp-json\/wp\/v2\/media?parent=9"}],"curies":[{"name":"wp","href":"https:\/\/api.w.org\/{rel}","templated":true}]}}