{"id":9,"date":"2013-12-28T02:36:18","date_gmt":"2013-12-28T02:36:18","guid":{"rendered":"http:\/\/ultimato.com.br\/sites\/teologia-para-cotidiano\/?page_id=9"},"modified":"2014-01-28T17:40:11","modified_gmt":"2014-01-28T17:40:11","slug":"o-que-disseram","status":"publish","type":"page","link":"https:\/\/ultimato.com.br\/sites\/teologia-para-cotidiano\/o-que-disseram\/","title":{"rendered":"O que disseram"},"content":{"rendered":"<blockquote><p>\u201cTeologia\u201d \u00e9 uma palavra que inspira respeito. \u201cTe\u00f3logo\u201d \u00e9 aquele que estuda e ensina teologia. No entanto, a teologia certinha, sem emo\u00e7\u00f5es, faz pouco. O fogo espiritual que depende s\u00f3 de emo\u00e7\u00f5es, faz mal\u201d.<\/p>\n<p>\u201cSe os textos devocionais tivessem mais <i>teologia<\/i> e os textos teol\u00f3gicos tivessem mais <i>devocionalidade<\/i>, chegar\u00edamos ao equil\u00edbrio desej\u00e1vel\u201d.<\/p><\/blockquote>\n","protected":false},"excerpt":{"rendered":"<p>\u201cTeologia\u201d \u00e9 uma palavra que inspira respeito. \u201cTe\u00f3logo\u201d \u00e9 aquele que estuda e ensina teologia. No entanto, a teologia certinha, sem emo\u00e7\u00f5es, faz pouco. O fogo espiritual que depende s\u00f3 de emo\u00e7\u00f5es, faz mal\u201d. \u201cSe os textos devocionais tivessem mais teologia e os textos teol\u00f3gicos tivessem mais devocionalidade, chegar\u00edamos ao equil\u00edbrio desej\u00e1vel\u201d.<\/p>\n","protected":false},"author":24,"featured_media":0,"parent":0,"menu_order":2,"comment_status":"open","ping_status":"open","template":"","meta":{"footnotes":""},"class_list":["post-9","page","type-page","status-publish","hentry"],"_links":{"self":[{"href":"https:\/\/ultimato.com.br\/sites\/teologia-para-cotidiano\/wp-json\/wp\/v2\/pages\/9","targetHints":{"allow":["GET"]}}],"collection":[{"href":"https:\/\/ultimato.com.br\/sites\/teologia-para-cotidiano\/wp-json\/wp\/v2\/pages"}],"about":[{"href":"https:\/\/ultimato.com.br\/sites\/teologia-para-cotidiano\/wp-json\/wp\/v2\/types\/page"}],"author":[{"embeddable":true,"href":"https:\/\/ultimato.com.br\/sites\/teologia-para-cotidiano\/wp-json\/wp\/v2\/users\/24"}],"replies":[{"embeddable":true,"href":"https:\/\/ultimato.com.br\/sites\/teologia-para-cotidiano\/wp-json\/wp\/v2\/comments?post=9"}],"version-history":[{"count":2,"href":"https:\/\/ultimato.com.br\/sites\/teologia-para-cotidiano\/wp-json\/wp\/v2\/pages\/9\/revisions"}],"predecessor-version":[{"id":45,"href":"https:\/\/ultimato.com.br\/sites\/teologia-para-cotidiano\/wp-json\/wp\/v2\/pages\/9\/revisions\/45"}],"wp:attachment":[{"href":"https:\/\/ultimato.com.br\/sites\/teologia-para-cotidiano\/wp-json\/wp\/v2\/media?parent=9"}],"curies":[{"name":"wp","href":"https:\/\/api.w.org\/{rel}","templated":true}]}}