{"id":7,"date":"2013-12-28T02:35:59","date_gmt":"2013-12-28T02:35:59","guid":{"rendered":"http:\/\/ultimato.com.br\/sites\/teologia-para-cotidiano\/?page_id=7"},"modified":"2014-01-28T17:39:41","modified_gmt":"2014-01-28T17:39:41","slug":"o-autor","status":"publish","type":"page","link":"https:\/\/ultimato.com.br\/sites\/teologia-para-cotidiano\/o-autor\/","title":{"rendered":"O autor"},"content":{"rendered":"<p>&nbsp;<\/p>\n<p><a href=\"http:\/\/ultimato.com.br\/sites\/teologia-para-cotidiano\/files\/2013\/12\/foto_hs_rdd.jpg\"><img loading=\"lazy\" decoding=\"async\" class=\"alignleft size-thumbnail wp-image-32\" alt=\"foto_hs_rdd\" src=\"http:\/\/ultimato.com.br\/sites\/teologia-para-cotidiano\/files\/2013\/12\/foto_hs_rdd-150x150.jpg\" width=\"150\" height=\"150\" \/><\/a><\/p>\n<p>&nbsp;<\/p>\n<p><b>Elben M. Lenz C\u00e9sar<\/b> \u00e9 diretor da revista <i>Ultimato<\/i>. \u00c9 autor de, entre outros, <i>Pr\u00e1ticas Devocionais<\/i>,<i> Hist\u00f3ria da Evangeliza\u00e7\u00e3o do Brasil<\/i>, <i>Refei\u00e7\u00f5es Di\u00e1rias com o Sabor dos Salmos<\/i>, <i>Refei\u00e7\u00f5es Di\u00e1rias com Jesus<\/i> e <i>Refei\u00e7\u00f5es Di\u00e1rias com os Disc\u00edpulos<\/i>, todos publicados pela Editora Ultimato.<\/p>\n","protected":false},"excerpt":{"rendered":"<p>&nbsp; &nbsp; Elben M. Lenz C\u00e9sar \u00e9 diretor da revista Ultimato. \u00c9 autor de, entre outros, Pr\u00e1ticas Devocionais, Hist\u00f3ria da Evangeliza\u00e7\u00e3o do Brasil, Refei\u00e7\u00f5es Di\u00e1rias com o Sabor dos Salmos, Refei\u00e7\u00f5es Di\u00e1rias com Jesus e Refei\u00e7\u00f5es Di\u00e1rias com os Disc\u00edpulos, todos publicados pela Editora Ultimato.<\/p>\n","protected":false},"author":24,"featured_media":0,"parent":0,"menu_order":1,"comment_status":"open","ping_status":"open","template":"","meta":{"footnotes":""},"class_list":["post-7","page","type-page","status-publish","hentry"],"_links":{"self":[{"href":"https:\/\/ultimato.com.br\/sites\/teologia-para-cotidiano\/wp-json\/wp\/v2\/pages\/7","targetHints":{"allow":["GET"]}}],"collection":[{"href":"https:\/\/ultimato.com.br\/sites\/teologia-para-cotidiano\/wp-json\/wp\/v2\/pages"}],"about":[{"href":"https:\/\/ultimato.com.br\/sites\/teologia-para-cotidiano\/wp-json\/wp\/v2\/types\/page"}],"author":[{"embeddable":true,"href":"https:\/\/ultimato.com.br\/sites\/teologia-para-cotidiano\/wp-json\/wp\/v2\/users\/24"}],"replies":[{"embeddable":true,"href":"https:\/\/ultimato.com.br\/sites\/teologia-para-cotidiano\/wp-json\/wp\/v2\/comments?post=7"}],"version-history":[{"count":3,"href":"https:\/\/ultimato.com.br\/sites\/teologia-para-cotidiano\/wp-json\/wp\/v2\/pages\/7\/revisions"}],"predecessor-version":[{"id":44,"href":"https:\/\/ultimato.com.br\/sites\/teologia-para-cotidiano\/wp-json\/wp\/v2\/pages\/7\/revisions\/44"}],"wp:attachment":[{"href":"https:\/\/ultimato.com.br\/sites\/teologia-para-cotidiano\/wp-json\/wp\/v2\/media?parent=7"}],"curies":[{"name":"wp","href":"https:\/\/api.w.org\/{rel}","templated":true}]}}