{"id":5,"date":"2013-12-28T02:35:31","date_gmt":"2013-12-28T02:35:31","guid":{"rendered":"http:\/\/ultimato.com.br\/sites\/teologia-para-cotidiano\/?page_id=5"},"modified":"2014-01-30T13:40:24","modified_gmt":"2014-01-30T13:40:24","slug":"o-livro","status":"publish","type":"page","link":"https:\/\/ultimato.com.br\/sites\/teologia-para-cotidiano\/","title":{"rendered":"O livro"},"content":{"rendered":"<p><iframe loading=\"lazy\" width=\"650\" height=\"400\" src=\"\/\/www.youtube.com\/embed\/plikao3zIZc\" frameborder=\"0\" allowfullscreen><\/iframe><\/p>\n<p><b>Teologia para o Cotidiano <\/b>\u00e9 a \u201cteologia\u201d na pr\u00e1tica. Afinal, a teologia nada mais \u00e9 do que a sabedoria b\u00edblica aplicada ao dia a dia.<\/p>\n<p>Como lidar melhor com a \u201cespera\u201d, a \u201cdecep\u00e7\u00e3o\u201d, os \u201cdesejos\u201d, o \u201cperd\u00e3o\u201d, a \u201cdemora\u201d, entre muitos outros desafios da vida crist\u00e3 \u00e9 o que voc\u00ea vai encontrar em <b>Teologia para o Cotidiano<\/b>.<\/p>\n<p>Ali\u00e1s, o t\u00edtulo \u201cTeologia para o Cotidiano\u201d n\u00e3o \u00e9 por acaso, mas exatamente porque re\u00fane em cada cap\u00edtulo o zelo doutrin\u00e1rio com o zelo espiritual, a mente com a alma, a f\u00e9 com as obras, a ortodoxia com a ortopraxia, o est\u00e1tico com o din\u00e2mico, a bagagem doutrin\u00e1ria com a bagagem da viv\u00eancia espiritual.<\/p>\n<p>Uma leitura f\u00e1cil e rica, tanto para a devo\u00e7\u00e3o pessoal como para o entendimento das verdades b\u00edblicas.<\/p>\n","protected":false},"excerpt":{"rendered":"<p>Teologia para o Cotidiano \u00e9 a \u201cteologia\u201d na pr\u00e1tica. Afinal, a teologia nada mais \u00e9 do que a sabedoria b\u00edblica aplicada ao dia a dia. Como lidar melhor com a \u201cespera\u201d, a \u201cdecep\u00e7\u00e3o\u201d, os \u201cdesejos\u201d, o \u201cperd\u00e3o\u201d, a \u201cdemora\u201d, entre muitos outros desafios da vida crist\u00e3 \u00e9 o que voc\u00ea vai encontrar em Teologia para [&hellip;]<\/p>\n","protected":false},"author":24,"featured_media":0,"parent":0,"menu_order":0,"comment_status":"open","ping_status":"open","template":"","meta":{"footnotes":""},"class_list":["post-5","page","type-page","status-publish","hentry"],"_links":{"self":[{"href":"https:\/\/ultimato.com.br\/sites\/teologia-para-cotidiano\/wp-json\/wp\/v2\/pages\/5","targetHints":{"allow":["GET"]}}],"collection":[{"href":"https:\/\/ultimato.com.br\/sites\/teologia-para-cotidiano\/wp-json\/wp\/v2\/pages"}],"about":[{"href":"https:\/\/ultimato.com.br\/sites\/teologia-para-cotidiano\/wp-json\/wp\/v2\/types\/page"}],"author":[{"embeddable":true,"href":"https:\/\/ultimato.com.br\/sites\/teologia-para-cotidiano\/wp-json\/wp\/v2\/users\/24"}],"replies":[{"embeddable":true,"href":"https:\/\/ultimato.com.br\/sites\/teologia-para-cotidiano\/wp-json\/wp\/v2\/comments?post=5"}],"version-history":[{"count":3,"href":"https:\/\/ultimato.com.br\/sites\/teologia-para-cotidiano\/wp-json\/wp\/v2\/pages\/5\/revisions"}],"predecessor-version":[{"id":58,"href":"https:\/\/ultimato.com.br\/sites\/teologia-para-cotidiano\/wp-json\/wp\/v2\/pages\/5\/revisions\/58"}],"wp:attachment":[{"href":"https:\/\/ultimato.com.br\/sites\/teologia-para-cotidiano\/wp-json\/wp\/v2\/media?parent=5"}],"curies":[{"name":"wp","href":"https:\/\/api.w.org\/{rel}","templated":true}]}}