{"id":8,"date":"2013-07-01T20:18:16","date_gmt":"2013-07-01T20:18:16","guid":{"rendered":"http:\/\/ultimato.com.br\/sites\/tem-alguem-ai-em-cima\/?page_id=8"},"modified":"2013-07-02T12:36:21","modified_gmt":"2013-07-02T12:36:21","slug":"a-autora","status":"publish","type":"page","link":"https:\/\/ultimato.com.br\/sites\/tem-alguem-ai-em-cima\/a-autora\/","title":{"rendered":"A autora"},"content":{"rendered":"<p style=\"text-align: justify;\"><a href=\"http:\/\/ultimato.com.br\/sites\/tem-alguem-ai-em-cima\/files\/2013\/07\/foto_taac.jpg\"><img loading=\"lazy\" decoding=\"async\" class=\"alignright size-thumbnail wp-image-33\" alt=\"foto_taac\" src=\"http:\/\/ultimato.com.br\/sites\/tem-alguem-ai-em-cima\/files\/2013\/07\/foto_taac-150x150.jpg\" width=\"150\" height=\"150\" srcset=\"https:\/\/ultimato.com.br\/sites\/tem-alguem-ai-em-cima\/files\/2013\/07\/foto_taac-150x150.jpg 150w, https:\/\/ultimato.com.br\/sites\/tem-alguem-ai-em-cima\/files\/2013\/07\/foto_taac-300x300.jpg 300w, https:\/\/ultimato.com.br\/sites\/tem-alguem-ai-em-cima\/files\/2013\/07\/foto_taac.jpg 400w\" sizes=\"auto, (max-width: 150px) 100vw, 150px\" \/><\/a><b>Br\u00e1ulia Ribeiro<\/b> trabalhou na Amaz\u00f4nia durante trinta anos. Hoje mora em Kailua-Kona, no Hava\u00ed, com sua fam\u00edlia e est\u00e1 envolvida em projetos de tradu\u00e7\u00e3o da B\u00edblia nas ilhas do Pac\u00edfico. \u00c9 autora de <a href=\"http:\/\/www.ultimato.com.br\/loja\/produtos\/chamado-radical\"><i>Chamado Radical<\/i><\/a>.<\/p>\n","protected":false},"excerpt":{"rendered":"<p>Br\u00e1ulia Ribeiro trabalhou na Amaz\u00f4nia durante trinta anos. Hoje mora em Kailua-Kona, no Hava\u00ed, com sua fam\u00edlia e est\u00e1 envolvida em projetos de tradu\u00e7\u00e3o da B\u00edblia nas ilhas do Pac\u00edfico. \u00c9 autora de Chamado Radical.<\/p>\n","protected":false},"author":24,"featured_media":0,"parent":0,"menu_order":2,"comment_status":"open","ping_status":"open","template":"","meta":{"footnotes":""},"class_list":["post-8","page","type-page","status-publish","hentry"],"_links":{"self":[{"href":"https:\/\/ultimato.com.br\/sites\/tem-alguem-ai-em-cima\/wp-json\/wp\/v2\/pages\/8","targetHints":{"allow":["GET"]}}],"collection":[{"href":"https:\/\/ultimato.com.br\/sites\/tem-alguem-ai-em-cima\/wp-json\/wp\/v2\/pages"}],"about":[{"href":"https:\/\/ultimato.com.br\/sites\/tem-alguem-ai-em-cima\/wp-json\/wp\/v2\/types\/page"}],"author":[{"embeddable":true,"href":"https:\/\/ultimato.com.br\/sites\/tem-alguem-ai-em-cima\/wp-json\/wp\/v2\/users\/24"}],"replies":[{"embeddable":true,"href":"https:\/\/ultimato.com.br\/sites\/tem-alguem-ai-em-cima\/wp-json\/wp\/v2\/comments?post=8"}],"version-history":[{"count":6,"href":"https:\/\/ultimato.com.br\/sites\/tem-alguem-ai-em-cima\/wp-json\/wp\/v2\/pages\/8\/revisions"}],"predecessor-version":[{"id":76,"href":"https:\/\/ultimato.com.br\/sites\/tem-alguem-ai-em-cima\/wp-json\/wp\/v2\/pages\/8\/revisions\/76"}],"wp:attachment":[{"href":"https:\/\/ultimato.com.br\/sites\/tem-alguem-ai-em-cima\/wp-json\/wp\/v2\/media?parent=8"}],"curies":[{"name":"wp","href":"https:\/\/api.w.org\/{rel}","templated":true}]}}