{"id":6,"date":"2013-07-01T20:18:04","date_gmt":"2013-07-01T20:18:04","guid":{"rendered":"http:\/\/ultimato.com.br\/sites\/tem-alguem-ai-em-cima\/?page_id=6"},"modified":"2013-07-03T12:32:50","modified_gmt":"2013-07-03T12:32:50","slug":"o-livro","status":"publish","type":"page","link":"https:\/\/ultimato.com.br\/sites\/tem-alguem-ai-em-cima\/","title":{"rendered":"O livro"},"content":{"rendered":"<p style=\"text-align: justify;\">Voc\u00ea pode ser ateu \u2013 at\u00e9 porque ser ateu est\u00e1 na moda \u2013 ou talvez voc\u00ea pense que existem muitas verdades e que qualquer uma serve, ou voc\u00ea j\u00e1 tenha alguma convic\u00e7\u00e3o sobre Deus.<\/p>\n<p style=\"text-align: justify;\">N\u00e3o importa. Se voc\u00ea tem algum espa\u00e7o para a d\u00favida, se tem alguma pergunta na mente, este livro vai ajud\u00e1-lo.<\/p>\n<p style=\"text-align: justify;\"><i>Como eu cheguei a pensar do jeito que eu penso?<\/i><\/p>\n<p style=\"text-align: justify;\"><i>De onde vem a f\u00e9?<\/i><\/p>\n<p style=\"text-align: justify;\"><i>Se eu pergunto muito \u00e9 porque n\u00e3o acredito em nada?<\/i><\/p>\n<p style=\"text-align: justify;\"><i>Tem Algu\u00e9m A\u00ed em Cima?<\/i>\u00a0 foi escrito para guiar aqueles que procuram uma f\u00e9 racional e, ao mesmo tempo, vivencial no Criador. Um livro para os mais jovens, que querem montar o quebra-cabe\u00e7as da sua vida, e para os mais velhos, que ainda buscam por uma pe\u00e7a perdida.<\/p>\n<p><iframe loading=\"lazy\" src=\"\/\/www.youtube.com\/embed\/0jWgukG6uYM\" height=\"315\" width=\"560\" allowfullscreen=\"\" frameborder=\"0\"><\/iframe><\/p>\n","protected":false},"excerpt":{"rendered":"<p>Voc\u00ea pode ser ateu \u2013 at\u00e9 porque ser ateu est\u00e1 na moda \u2013 ou talvez voc\u00ea pense que existem muitas verdades e que qualquer uma serve, ou voc\u00ea j\u00e1 tenha alguma convic\u00e7\u00e3o sobre Deus. N\u00e3o importa. Se voc\u00ea tem algum espa\u00e7o para a d\u00favida, se tem alguma pergunta na mente, este livro vai ajud\u00e1-lo. Como [&hellip;]<\/p>\n","protected":false},"author":24,"featured_media":0,"parent":0,"menu_order":1,"comment_status":"open","ping_status":"open","template":"","meta":{"footnotes":""},"class_list":["post-6","page","type-page","status-publish","hentry"],"_links":{"self":[{"href":"https:\/\/ultimato.com.br\/sites\/tem-alguem-ai-em-cima\/wp-json\/wp\/v2\/pages\/6","targetHints":{"allow":["GET"]}}],"collection":[{"href":"https:\/\/ultimato.com.br\/sites\/tem-alguem-ai-em-cima\/wp-json\/wp\/v2\/pages"}],"about":[{"href":"https:\/\/ultimato.com.br\/sites\/tem-alguem-ai-em-cima\/wp-json\/wp\/v2\/types\/page"}],"author":[{"embeddable":true,"href":"https:\/\/ultimato.com.br\/sites\/tem-alguem-ai-em-cima\/wp-json\/wp\/v2\/users\/24"}],"replies":[{"embeddable":true,"href":"https:\/\/ultimato.com.br\/sites\/tem-alguem-ai-em-cima\/wp-json\/wp\/v2\/comments?post=6"}],"version-history":[{"count":7,"href":"https:\/\/ultimato.com.br\/sites\/tem-alguem-ai-em-cima\/wp-json\/wp\/v2\/pages\/6\/revisions"}],"predecessor-version":[{"id":95,"href":"https:\/\/ultimato.com.br\/sites\/tem-alguem-ai-em-cima\/wp-json\/wp\/v2\/pages\/6\/revisions\/95"}],"wp:attachment":[{"href":"https:\/\/ultimato.com.br\/sites\/tem-alguem-ai-em-cima\/wp-json\/wp\/v2\/media?parent=6"}],"curies":[{"name":"wp","href":"https:\/\/api.w.org\/{rel}","templated":true}]}}