{"id":25,"date":"2013-07-01T20:23:40","date_gmt":"2013-07-01T20:23:40","guid":{"rendered":"http:\/\/ultimato.com.br\/sites\/tem-alguem-ai-em-cima\/?page_id=25"},"modified":"2013-07-04T11:38:38","modified_gmt":"2013-07-04T11:38:38","slug":"release","status":"publish","type":"page","link":"https:\/\/ultimato.com.br\/sites\/tem-alguem-ai-em-cima\/extras\/release\/","title":{"rendered":"Release"},"content":{"rendered":"<p>Aqui est\u00e1 o\u00a0<em>press-release<\/em>\u00a0do livro\u00a0<strong>Tem Algu\u00e9m A\u00ed em Cima?<\/strong>\u00a0para voc\u00ea divulgar no seu site, blog, jornal ou outro meio de comunica\u00e7\u00e3o do seu acesso. Ajude-nos a espalhar este conte\u00fado<\/p>\n<p>&#8211; Arquivo em\u00a0<a href=\"http:\/\/editoraultimato.com.br\/downloads\/tem-alguem-ai-em-cima\/Release_Tem_Alguem_Jul_2013.pdf\" target=\"_blank\">PDF<\/a>.<\/p>\n","protected":false},"excerpt":{"rendered":"<p>Aqui est\u00e1 o\u00a0press-release\u00a0do livro\u00a0Tem Algu\u00e9m A\u00ed em Cima?\u00a0para voc\u00ea divulgar no seu site, blog, jornal ou outro meio de comunica\u00e7\u00e3o do seu acesso. Ajude-nos a espalhar este conte\u00fado &#8211; Arquivo em\u00a0PDF.<\/p>\n","protected":false},"author":24,"featured_media":0,"parent":12,"menu_order":5,"comment_status":"open","ping_status":"open","template":"","meta":{"footnotes":""},"class_list":["post-25","page","type-page","status-publish","hentry"],"_links":{"self":[{"href":"https:\/\/ultimato.com.br\/sites\/tem-alguem-ai-em-cima\/wp-json\/wp\/v2\/pages\/25","targetHints":{"allow":["GET"]}}],"collection":[{"href":"https:\/\/ultimato.com.br\/sites\/tem-alguem-ai-em-cima\/wp-json\/wp\/v2\/pages"}],"about":[{"href":"https:\/\/ultimato.com.br\/sites\/tem-alguem-ai-em-cima\/wp-json\/wp\/v2\/types\/page"}],"author":[{"embeddable":true,"href":"https:\/\/ultimato.com.br\/sites\/tem-alguem-ai-em-cima\/wp-json\/wp\/v2\/users\/24"}],"replies":[{"embeddable":true,"href":"https:\/\/ultimato.com.br\/sites\/tem-alguem-ai-em-cima\/wp-json\/wp\/v2\/comments?post=25"}],"version-history":[{"count":4,"href":"https:\/\/ultimato.com.br\/sites\/tem-alguem-ai-em-cima\/wp-json\/wp\/v2\/pages\/25\/revisions"}],"predecessor-version":[{"id":104,"href":"https:\/\/ultimato.com.br\/sites\/tem-alguem-ai-em-cima\/wp-json\/wp\/v2\/pages\/25\/revisions\/104"}],"up":[{"embeddable":true,"href":"https:\/\/ultimato.com.br\/sites\/tem-alguem-ai-em-cima\/wp-json\/wp\/v2\/pages\/12"}],"wp:attachment":[{"href":"https:\/\/ultimato.com.br\/sites\/tem-alguem-ai-em-cima\/wp-json\/wp\/v2\/media?parent=25"}],"curies":[{"name":"wp","href":"https:\/\/api.w.org\/{rel}","templated":true}]}}