{"id":21,"date":"2013-07-01T20:23:04","date_gmt":"2013-07-01T20:23:04","guid":{"rendered":"http:\/\/ultimato.com.br\/sites\/tem-alguem-ai-em-cima\/?page_id=21"},"modified":"2013-07-02T12:45:37","modified_gmt":"2013-07-02T12:45:37","slug":"divulgue","status":"publish","type":"page","link":"https:\/\/ultimato.com.br\/sites\/tem-alguem-ai-em-cima\/extras\/divulgue\/","title":{"rendered":"Divulgue"},"content":{"rendered":"<p><strong>Banner 120&#215;60<\/strong><\/p>\n<table width=\"100%\" border=\"0\" cellspacing=\"0\" cellpadding=\"0\">\n<tbody>\n<tr>\n<td>\u00a0<a href=\"http:\/\/ultimato.com.br\/sites\/tem-alguem-ai-em-cima\/files\/2013\/07\/bannerE_taac.gif\"><img loading=\"lazy\" decoding=\"async\" class=\"size-full wp-image-36 aligncenter\" alt=\"bannerE_taac\" src=\"http:\/\/ultimato.com.br\/sites\/tem-alguem-ai-em-cima\/files\/2013\/07\/bannerE_taac.gif\" width=\"120\" height=\"60\" \/><\/a><\/td>\n<\/tr>\n<tr>\n<td><a href=\"http:\/\/ultimato.com.br\/sites\/tem-alguem-ai-em-cima\/files\/2013\/07\/bannerE_taac.gif\" target=\"_blank\">[120&#215;60]<\/a><\/td>\n<\/tr>\n<\/tbody>\n<\/table>\n<p><em>C\u00f3digo de incorpora\u00e7\u00e3o:<\/em><br \/>\n<textarea style=\"width: 100%;\" name=\"code\" rows=\"5\">&lt;a href=&#8221;http:\/\/ultimato.com.br\/sites\/tem-alguem-ai-em-cima\/&#8221;&gt;&lt;img alt=&#8221;bannerE_taac&#8221; src=&#8221;http:\/\/ultimato.com.br\/sites\/tem-alguem-ai-em-cima\/files\/2013\/07\/bannerE_taac.gif&#8221; width=&#8221;120&#8243; height=&#8221;60&#8243; \/&gt;&lt;\/a&gt;<\/textarea><\/p>\n<p><strong>Banner 120&#215;240<\/strong><\/p>\n<table width=\"100%\" border=\"0\" cellspacing=\"0\" cellpadding=\"0\">\n<tbody>\n<tr>\n<td><a href=\"http:\/\/ultimato.com.br\/sites\/tem-alguem-ai-em-cima\/files\/2013\/07\/bannerD_taac.gif\"><img loading=\"lazy\" decoding=\"async\" class=\"size-full wp-image-39 aligncenter\" alt=\"bannerD_taac\" src=\"http:\/\/ultimato.com.br\/sites\/tem-alguem-ai-em-cima\/files\/2013\/07\/bannerD_taac.gif\" width=\"120\" height=\"240\" \/><\/a><\/td>\n<\/tr>\n<tr>\n<td><a href=\"http:\/\/ultimato.com.br\/sites\/tem-alguem-ai-em-cima\/files\/2013\/07\/bannerD_taac.gif\" target=\"_blank\">[120&#215;240]<\/a><\/td>\n<\/tr>\n<\/tbody>\n<\/table>\n<p><em>C\u00f3digo de incorpora\u00e7\u00e3o:<\/em><br \/>\n<textarea style=\"width: 100%;\" name=\"code\" rows=\"5\">&lt;a href=&#8221;http:\/\/ultimato.com.br\/sites\/tem-alguem-ai-em-cima\/ &#8220;&gt;&lt;img alt=&#8221;bannerD_taac&#8221; src=&#8221;http:\/\/ultimato.com.br\/sites\/tem-alguem-ai-em-cima\/files\/2013\/07\/bannerD_taac.gif&#8221; width=&#8221;120&#8243; height=&#8221;240&#8243; \/&gt;&lt;\/a&gt;<\/textarea><\/p>\n","protected":false},"excerpt":{"rendered":"<p>Banner 120&#215;60 \u00a0 [120&#215;60] C\u00f3digo de incorpora\u00e7\u00e3o: &lt;a href=&#8221;http:\/\/ultimato.com.br\/sites\/tem-alguem-ai-em-cima\/&#8221;&gt;&lt;img alt=&#8221;bannerE_taac&#8221; src=&#8221;http:\/\/ultimato.com.br\/sites\/tem-alguem-ai-em-cima\/files\/2013\/07\/bannerE_taac.gif&#8221; width=&#8221;120&#8243; height=&#8221;60&#8243; \/&gt;&lt;\/a&gt; Banner 120&#215;240 [120&#215;240] C\u00f3digo de incorpora\u00e7\u00e3o: &lt;a href=&#8221;http:\/\/ultimato.com.br\/sites\/tem-alguem-ai-em-cima\/ &#8220;&gt;&lt;img alt=&#8221;bannerD_taac&#8221; src=&#8221;http:\/\/ultimato.com.br\/sites\/tem-alguem-ai-em-cima\/files\/2013\/07\/bannerD_taac.gif&#8221; width=&#8221;120&#8243; height=&#8221;240&#8243; \/&gt;&lt;\/a&gt;<\/p>\n","protected":false},"author":24,"featured_media":0,"parent":12,"menu_order":3,"comment_status":"open","ping_status":"open","template":"","meta":{"footnotes":""},"class_list":["post-21","page","type-page","status-publish","hentry"],"_links":{"self":[{"href":"https:\/\/ultimato.com.br\/sites\/tem-alguem-ai-em-cima\/wp-json\/wp\/v2\/pages\/21","targetHints":{"allow":["GET"]}}],"collection":[{"href":"https:\/\/ultimato.com.br\/sites\/tem-alguem-ai-em-cima\/wp-json\/wp\/v2\/pages"}],"about":[{"href":"https:\/\/ultimato.com.br\/sites\/tem-alguem-ai-em-cima\/wp-json\/wp\/v2\/types\/page"}],"author":[{"embeddable":true,"href":"https:\/\/ultimato.com.br\/sites\/tem-alguem-ai-em-cima\/wp-json\/wp\/v2\/users\/24"}],"replies":[{"embeddable":true,"href":"https:\/\/ultimato.com.br\/sites\/tem-alguem-ai-em-cima\/wp-json\/wp\/v2\/comments?post=21"}],"version-history":[{"count":29,"href":"https:\/\/ultimato.com.br\/sites\/tem-alguem-ai-em-cima\/wp-json\/wp\/v2\/pages\/21\/revisions"}],"predecessor-version":[{"id":44,"href":"https:\/\/ultimato.com.br\/sites\/tem-alguem-ai-em-cima\/wp-json\/wp\/v2\/pages\/21\/revisions\/44"}],"up":[{"embeddable":true,"href":"https:\/\/ultimato.com.br\/sites\/tem-alguem-ai-em-cima\/wp-json\/wp\/v2\/pages\/12"}],"wp:attachment":[{"href":"https:\/\/ultimato.com.br\/sites\/tem-alguem-ai-em-cima\/wp-json\/wp\/v2\/media?parent=21"}],"curies":[{"name":"wp","href":"https:\/\/api.w.org\/{rel}","templated":true}]}}