{"id":10,"date":"2013-07-01T20:19:05","date_gmt":"2013-07-01T20:19:05","guid":{"rendered":"http:\/\/ultimato.com.br\/sites\/tem-alguem-ai-em-cima\/?page_id=10"},"modified":"2013-07-02T18:10:39","modified_gmt":"2013-07-02T18:10:39","slug":"o-que-disseram","status":"publish","type":"page","link":"https:\/\/ultimato.com.br\/sites\/tem-alguem-ai-em-cima\/o-que-disseram\/","title":{"rendered":"O que disseram"},"content":{"rendered":"<blockquote><p>O linguajar da religi\u00e3o afasta nosso entendimento da verdade sobre Deus. Ele n\u00e3o \u00e9 um ser obscuro e indiferente que s\u00f3 pode ser entendido por pastores. O amor de Deus \u00e9 um amor teimoso. Amor piegas, brega muitas vezes, mas que \u00e9 necess\u00e1rio para nossa felicidade como o ar que respiramos. Ele \u00e9 o Deus que p\u00f4s seu nome num im\u00e3 na geladeira dele.<\/p><\/blockquote>\n<p>&#8211; Br\u00e1ulia Ribeiro<\/p>\n<p>&nbsp;<\/p>\n<blockquote><p>N\u00e3o \u00e9 f\u00e1cil fazer uma lista dos livros que dever\u00edamos ter lido. <i>Tem Algu\u00e9m A\u00ed Em Cima?<\/i> acaba de entrar na minha lista. Algumas das perguntas que o livro faz s\u00e3o perguntas come\u00e7amos a fazer com 12, 15, 20 anos e n\u00e3o paramos mais de faz\u00ea-las.<\/p><\/blockquote>\n<p>&#8211; Marcos Bontempo<\/p>\n","protected":false},"excerpt":{"rendered":"<p>O linguajar da religi\u00e3o afasta nosso entendimento da verdade sobre Deus. Ele n\u00e3o \u00e9 um ser obscuro e indiferente que s\u00f3 pode ser entendido por pastores. O amor de Deus \u00e9 um amor teimoso. Amor piegas, brega muitas vezes, mas que \u00e9 necess\u00e1rio para nossa felicidade como o ar que respiramos. Ele \u00e9 o Deus [&hellip;]<\/p>\n","protected":false},"author":24,"featured_media":0,"parent":0,"menu_order":3,"comment_status":"open","ping_status":"open","template":"","meta":{"footnotes":""},"class_list":["post-10","page","type-page","status-publish","hentry"],"_links":{"self":[{"href":"https:\/\/ultimato.com.br\/sites\/tem-alguem-ai-em-cima\/wp-json\/wp\/v2\/pages\/10","targetHints":{"allow":["GET"]}}],"collection":[{"href":"https:\/\/ultimato.com.br\/sites\/tem-alguem-ai-em-cima\/wp-json\/wp\/v2\/pages"}],"about":[{"href":"https:\/\/ultimato.com.br\/sites\/tem-alguem-ai-em-cima\/wp-json\/wp\/v2\/types\/page"}],"author":[{"embeddable":true,"href":"https:\/\/ultimato.com.br\/sites\/tem-alguem-ai-em-cima\/wp-json\/wp\/v2\/users\/24"}],"replies":[{"embeddable":true,"href":"https:\/\/ultimato.com.br\/sites\/tem-alguem-ai-em-cima\/wp-json\/wp\/v2\/comments?post=10"}],"version-history":[{"count":6,"href":"https:\/\/ultimato.com.br\/sites\/tem-alguem-ai-em-cima\/wp-json\/wp\/v2\/pages\/10\/revisions"}],"predecessor-version":[{"id":84,"href":"https:\/\/ultimato.com.br\/sites\/tem-alguem-ai-em-cima\/wp-json\/wp\/v2\/pages\/10\/revisions\/84"}],"wp:attachment":[{"href":"https:\/\/ultimato.com.br\/sites\/tem-alguem-ai-em-cima\/wp-json\/wp\/v2\/media?parent=10"}],"curies":[{"name":"wp","href":"https:\/\/api.w.org\/{rel}","templated":true}]}}