{"id":8,"date":"2010-08-30T13:27:24","date_gmt":"2010-08-30T13:27:24","guid":{"rendered":"http:\/\/ultimato.com.br\/sites\/taismachado\/"},"modified":"2010-08-31T19:39:34","modified_gmt":"2010-08-31T19:39:34","slug":"bio-2","status":"publish","type":"page","link":"https:\/\/ultimato.com.br\/sites\/taismachado\/bio-2\/","title":{"rendered":"Bio"},"content":{"rendered":"<p>Atualmente dedica-se a ajudar e cuidar de\u00a0pessoas atrav\u00e9s da psicologia  cl\u00ednica (consult\u00f3rio no bairro da Vl. Mariana\/SP), do pastoreio e ensino  (Igreja Metodista Livre da Sa\u00fade, Semin\u00e1rio Servo de Cristo, Instituto  Crist\u00e3o de Estudos Contempor\u00e2neos, Faculdade Teol\u00f3gica Metodista Livre,  al\u00e9m de palestras e cursos variados), da escrita (tem publicado o livro  \u201cPassos Curtos, Mas Constantes\u201d, e, outros est\u00e3o no prelo, al\u00e9m disso,  escreve regularmente artigos, resenhas e outros para diversos sites) e  do trabalho de coaching &amp; mentoring.<\/p>\n","protected":false},"excerpt":{"rendered":"<p>Atualmente dedica-se a ajudar e cuidar de\u00a0pessoas atrav\u00e9s da psicologia cl\u00ednica (consult\u00f3rio no bairro da Vl. Mariana\/SP), do pastoreio e ensino (Igreja Metodista Livre da Sa\u00fade, Semin\u00e1rio Servo de Cristo, Instituto Crist\u00e3o de Estudos Contempor\u00e2neos, Faculdade Teol\u00f3gica Metodista Livre, al\u00e9m de palestras e cursos variados), da escrita (tem publicado o livro \u201cPassos Curtos, Mas Constantes\u201d, [&hellip;]<\/p>\n","protected":false},"author":7,"featured_media":0,"parent":0,"menu_order":0,"comment_status":"open","ping_status":"open","template":"","meta":{"ngg_post_thumbnail":0,"footnotes":""},"class_list":["post-8","page","type-page","status-publish","hentry","count-0","even alt","author-estagiodep","last"],"_links":{"self":[{"href":"https:\/\/ultimato.com.br\/sites\/taismachado\/wp-json\/wp\/v2\/pages\/8","targetHints":{"allow":["GET"]}}],"collection":[{"href":"https:\/\/ultimato.com.br\/sites\/taismachado\/wp-json\/wp\/v2\/pages"}],"about":[{"href":"https:\/\/ultimato.com.br\/sites\/taismachado\/wp-json\/wp\/v2\/types\/page"}],"author":[{"embeddable":true,"href":"https:\/\/ultimato.com.br\/sites\/taismachado\/wp-json\/wp\/v2\/users\/7"}],"replies":[{"embeddable":true,"href":"https:\/\/ultimato.com.br\/sites\/taismachado\/wp-json\/wp\/v2\/comments?post=8"}],"version-history":[{"count":5,"href":"https:\/\/ultimato.com.br\/sites\/taismachado\/wp-json\/wp\/v2\/pages\/8\/revisions"}],"predecessor-version":[{"id":91,"href":"https:\/\/ultimato.com.br\/sites\/taismachado\/wp-json\/wp\/v2\/pages\/8\/revisions\/91"}],"wp:attachment":[{"href":"https:\/\/ultimato.com.br\/sites\/taismachado\/wp-json\/wp\/v2\/media?parent=8"}],"curies":[{"name":"wp","href":"https:\/\/api.w.org\/{rel}","templated":true}]}}