{"id":28,"date":"2015-07-16T17:41:46","date_gmt":"2015-07-16T17:41:46","guid":{"rendered":"http:\/\/ultimato.com.br\/sites\/surpreendido-pelas-escrituras\/?page_id=28"},"modified":"2015-07-16T17:41:46","modified_gmt":"2015-07-16T17:41:46","slug":"divulgue","status":"publish","type":"page","link":"https:\/\/ultimato.com.br\/sites\/surpreendido-pelas-escrituras\/extras\/divulgue\/","title":{"rendered":"Divulgue"},"content":{"rendered":"<p><strong>Banner 120&#215;60<\/strong><\/p>\n<table width=\"100%\" border=\"0\" cellspacing=\"0\" cellpadding=\"0\">\n<tbody>\n<tr>\n<td>\u00a0<a href=\"http:\/\/ultimato.com.br\/sites\/surpreendido-pelas-escrituras\/files\/2015\/07\/bannerE_spes.gif\"><img loading=\"lazy\" decoding=\"async\" class=\"size-full wp-image-36 aligncenter\" alt=\"\" src=\"http:\/\/ultimato.com.br\/sites\/surpreendido-pelas-escrituras\/files\/2015\/07\/bannerE_spes.gif\" width=\"120\" height=\"60\" \/><\/a><\/td>\n<\/tr>\n<tr>\n<td><a href=\"http:\/\/ultimato.com.br\/sites\/surpreendido-pelas-escrituras\/files\/2015\/07\/bannerE_spes.gif\" target=\"_blank\">[120&#215;60]<\/a><\/td>\n<\/tr>\n<\/tbody>\n<\/table>\n<p><em>C\u00f3digo de incorpora\u00e7\u00e3o:<\/em><br \/>\n&lt;a title=&#8221;Surpreendido pelas Escrituras&#8221; href=&#8221;http:\/\/ultimato.com.br\/sites\/surpreendido-pelas-escrituras\/&#8221; target=&#8221;_blank&#8221;&gt;&lt;img style=&#8221;border: 0px initial initial;&#8221; title=&#8221;Banner 120\u00d760&#8243; alt=&#8221;&#8221; src=&#8221;http:\/\/ultimato.com.br\/sites\/surpreendido-pelas-escrituras\/files\/2015\/07\/bannerE_spes.gif&#8221; width=&#8221;120&#8243; height=&#8221;60&#8243; \/&gt;&lt;\/a&gt;<\/p>\n<p><strong>Banner 120&#215;240<\/strong><\/p>\n<table width=\"100%\" border=\"0\" cellspacing=\"0\" cellpadding=\"0\">\n<tbody>\n<tr>\n<td><a href=\"http:\/\/ultimato.com.br\/sites\/surpreendido-pelas-escrituras\/files\/2015\/07\/bannerD_spes.gif\"><img loading=\"lazy\" decoding=\"async\" class=\"size-full wp-image-39 aligncenter\" alt=\"\" src=\"http:\/\/ultimato.com.br\/sites\/surpreendido-pelas-escrituras\/files\/2015\/07\/bannerD_spes.gif\" width=\"120\" height=\"240\" \/><\/a><\/td>\n<\/tr>\n<tr>\n<td><a href=\"http:\/\/ultimato.com.br\/sites\/surpreendido-pelas-escrituras\/files\/2015\/07\/bannerD_spes.gif\" target=\"_blank\">[120&#215;240]<\/a><\/td>\n<\/tr>\n<\/tbody>\n<\/table>\n<p><em>C\u00f3digo de incorpora\u00e7\u00e3o:<\/em><br \/>\n&lt;a title=&#8221;Surpreendido pelas Escrituras&#8221; href=&#8221;http:\/\/ultimato.com.br\/sites\/surpreendido-pelas-escrituras\/&#8221; target=&#8221;_blank&#8221;&gt;&lt;img style=&#8221;border: 0px initial initial;&#8221; title=&#8221;Banner 120\u00d7240&#8243; alt=&#8221;&#8221; src=&#8221;http:\/\/ultimato.com.br\/sites\/surpreendido-pelas-escrituras\/files\/2015\/07\/bannerD_spes.gif&#8221; width=&#8221;120&#8243; height=&#8221;240&#8243; \/&gt;&lt;\/a&gt;<\/p>\n","protected":false},"excerpt":{"rendered":"<p>Banner 120&#215;60 \u00a0 [120&#215;60] C\u00f3digo de incorpora\u00e7\u00e3o: &lt;a title=&#8221;Surpreendido pelas Escrituras&#8221; href=&#8221;http:\/\/ultimato.com.br\/sites\/surpreendido-pelas-escrituras\/&#8221; target=&#8221;_blank&#8221;&gt;&lt;img style=&#8221;border: 0px initial initial;&#8221; title=&#8221;Banner 120\u00d760&#8243; alt=&#8221;&#8221; src=&#8221;http:\/\/ultimato.com.br\/sites\/surpreendido-pelas-escrituras\/files\/2015\/07\/bannerE_spes.gif&#8221; width=&#8221;120&#8243; height=&#8221;60&#8243; \/&gt;&lt;\/a&gt; Banner 120&#215;240 [120&#215;240] C\u00f3digo de incorpora\u00e7\u00e3o: &lt;a title=&#8221;Surpreendido pelas Escrituras&#8221; href=&#8221;http:\/\/ultimato.com.br\/sites\/surpreendido-pelas-escrituras\/&#8221; target=&#8221;_blank&#8221;&gt;&lt;img style=&#8221;border: 0px initial initial;&#8221; title=&#8221;Banner 120\u00d7240&#8243; alt=&#8221;&#8221; src=&#8221;http:\/\/ultimato.com.br\/sites\/surpreendido-pelas-escrituras\/files\/2015\/07\/bannerD_spes.gif&#8221; width=&#8221;120&#8243; height=&#8221;240&#8243; \/&gt;&lt;\/a&gt;<\/p>\n","protected":false},"author":24,"featured_media":0,"parent":19,"menu_order":4,"comment_status":"closed","ping_status":"open","template":"","meta":{"footnotes":""},"class_list":["post-28","page","type-page","status-publish","hentry"],"_links":{"self":[{"href":"https:\/\/ultimato.com.br\/sites\/surpreendido-pelas-escrituras\/wp-json\/wp\/v2\/pages\/28","targetHints":{"allow":["GET"]}}],"collection":[{"href":"https:\/\/ultimato.com.br\/sites\/surpreendido-pelas-escrituras\/wp-json\/wp\/v2\/pages"}],"about":[{"href":"https:\/\/ultimato.com.br\/sites\/surpreendido-pelas-escrituras\/wp-json\/wp\/v2\/types\/page"}],"author":[{"embeddable":true,"href":"https:\/\/ultimato.com.br\/sites\/surpreendido-pelas-escrituras\/wp-json\/wp\/v2\/users\/24"}],"replies":[{"embeddable":true,"href":"https:\/\/ultimato.com.br\/sites\/surpreendido-pelas-escrituras\/wp-json\/wp\/v2\/comments?post=28"}],"version-history":[{"count":1,"href":"https:\/\/ultimato.com.br\/sites\/surpreendido-pelas-escrituras\/wp-json\/wp\/v2\/pages\/28\/revisions"}],"predecessor-version":[{"id":29,"href":"https:\/\/ultimato.com.br\/sites\/surpreendido-pelas-escrituras\/wp-json\/wp\/v2\/pages\/28\/revisions\/29"}],"up":[{"embeddable":true,"href":"https:\/\/ultimato.com.br\/sites\/surpreendido-pelas-escrituras\/wp-json\/wp\/v2\/pages\/19"}],"wp:attachment":[{"href":"https:\/\/ultimato.com.br\/sites\/surpreendido-pelas-escrituras\/wp-json\/wp\/v2\/media?parent=28"}],"curies":[{"name":"wp","href":"https:\/\/api.w.org\/{rel}","templated":true}]}}