{"id":21,"date":"2015-07-16T17:34:29","date_gmt":"2015-07-16T17:34:29","guid":{"rendered":"http:\/\/ultimato.com.br\/sites\/surpreendido-pelas-escrituras\/?page_id=21"},"modified":"2015-07-16T17:34:29","modified_gmt":"2015-07-16T17:34:29","slug":"release","status":"publish","type":"page","link":"https:\/\/ultimato.com.br\/sites\/surpreendido-pelas-escrituras\/extras\/release\/","title":{"rendered":"Release"},"content":{"rendered":"<p>Aqui est\u00e1 o press-release do livro <em>Surpreendido pelas Escrituras<\/em> para voc\u00ea divulgar no seu site, blog, jornal ou outro meio de comunica\u00e7\u00e3o do seu acesso. Ajude-nos a espalhar este conte\u00fado<\/p>\n<p>\u2013 Arquivo em <a href=\"http:\/\/ultimato.com.br\/sites\/surpreendido-pelas-escrituras\/files\/2015\/07\/8-Release_Surpreendido_Escrituras_Ago_2015.pdf\">PDF<\/a>.<\/p>\n","protected":false},"excerpt":{"rendered":"<p>Aqui est\u00e1 o press-release do livro Surpreendido pelas Escrituras para voc\u00ea divulgar no seu site, blog, jornal ou outro meio de comunica\u00e7\u00e3o do seu acesso. Ajude-nos a espalhar este conte\u00fado \u2013 Arquivo em PDF.<\/p>\n","protected":false},"author":24,"featured_media":0,"parent":19,"menu_order":3,"comment_status":"closed","ping_status":"open","template":"","meta":{"footnotes":""},"class_list":["post-21","page","type-page","status-publish","hentry"],"_links":{"self":[{"href":"https:\/\/ultimato.com.br\/sites\/surpreendido-pelas-escrituras\/wp-json\/wp\/v2\/pages\/21","targetHints":{"allow":["GET"]}}],"collection":[{"href":"https:\/\/ultimato.com.br\/sites\/surpreendido-pelas-escrituras\/wp-json\/wp\/v2\/pages"}],"about":[{"href":"https:\/\/ultimato.com.br\/sites\/surpreendido-pelas-escrituras\/wp-json\/wp\/v2\/types\/page"}],"author":[{"embeddable":true,"href":"https:\/\/ultimato.com.br\/sites\/surpreendido-pelas-escrituras\/wp-json\/wp\/v2\/users\/24"}],"replies":[{"embeddable":true,"href":"https:\/\/ultimato.com.br\/sites\/surpreendido-pelas-escrituras\/wp-json\/wp\/v2\/comments?post=21"}],"version-history":[{"count":1,"href":"https:\/\/ultimato.com.br\/sites\/surpreendido-pelas-escrituras\/wp-json\/wp\/v2\/pages\/21\/revisions"}],"predecessor-version":[{"id":23,"href":"https:\/\/ultimato.com.br\/sites\/surpreendido-pelas-escrituras\/wp-json\/wp\/v2\/pages\/21\/revisions\/23"}],"up":[{"embeddable":true,"href":"https:\/\/ultimato.com.br\/sites\/surpreendido-pelas-escrituras\/wp-json\/wp\/v2\/pages\/19"}],"wp:attachment":[{"href":"https:\/\/ultimato.com.br\/sites\/surpreendido-pelas-escrituras\/wp-json\/wp\/v2\/media?parent=21"}],"curies":[{"name":"wp","href":"https:\/\/api.w.org\/{rel}","templated":true}]}}