{"id":17,"date":"2015-07-16T17:31:47","date_gmt":"2015-07-16T17:31:47","guid":{"rendered":"http:\/\/ultimato.com.br\/sites\/surpreendido-pelas-escrituras\/?page_id=17"},"modified":"2015-07-16T17:31:47","modified_gmt":"2015-07-16T17:31:47","slug":"o-autor","status":"publish","type":"page","link":"https:\/\/ultimato.com.br\/sites\/surpreendido-pelas-escrituras\/o-autor\/","title":{"rendered":"O autor"},"content":{"rendered":"<p><strong> <a href=\"http:\/\/ultimato.com.br\/sites\/surpreendido-pelas-escrituras\/files\/2015\/07\/foto_hs_ecea.jpg\"><img loading=\"lazy\" decoding=\"async\" class=\"alignleft size-thumbnail wp-image-7\" src=\"http:\/\/ultimato.com.br\/sites\/surpreendido-pelas-escrituras\/files\/2015\/07\/foto_hs_ecea-150x150.jpg\" alt=\"foto_hs_ecea\" width=\"150\" height=\"150\" \/><\/a>N. T. WRIGHT<\/strong> foi bispo de Durham, na Inglaterra, e \u00e9 um dos mais conhecidos e respeitados estudiosos do Novo Testamento da atualidade. Foi professor das universidades de Cambridge e Oxford por vinte anos e \u00e9 professor visitante de universidades como Harvard Divinity School, Universidade Hebraica de Jerusal\u00e9m e Universidade Gregoriana em Roma, entre outras. \u00c9 autor de mais de quarenta livros, entre os quais <em>Simplesmente Crist\u00e3o<\/em>, <em>Surpreendido pela Esperan\u00e7a<\/em>, <em>O Mal e a Justi\u00e7a de Deus<\/em> e <em>Eu Creio. E Agora?<\/em>, publicados pela Editora Ultimato.<\/p>\n<p>&nbsp;<\/p>\n<p>&nbsp;<\/p>\n","protected":false},"excerpt":{"rendered":"<p>N. T. WRIGHT foi bispo de Durham, na Inglaterra, e \u00e9 um dos mais conhecidos e respeitados estudiosos do Novo Testamento da atualidade. Foi professor das universidades de Cambridge e Oxford por vinte anos e \u00e9 professor visitante de universidades como Harvard Divinity School, Universidade Hebraica de Jerusal\u00e9m e Universidade Gregoriana em Roma, entre outras. [&hellip;]<\/p>\n","protected":false},"author":24,"featured_media":0,"parent":0,"menu_order":3,"comment_status":"closed","ping_status":"open","template":"","meta":{"footnotes":""},"class_list":["post-17","page","type-page","status-publish","hentry"],"_links":{"self":[{"href":"https:\/\/ultimato.com.br\/sites\/surpreendido-pelas-escrituras\/wp-json\/wp\/v2\/pages\/17","targetHints":{"allow":["GET"]}}],"collection":[{"href":"https:\/\/ultimato.com.br\/sites\/surpreendido-pelas-escrituras\/wp-json\/wp\/v2\/pages"}],"about":[{"href":"https:\/\/ultimato.com.br\/sites\/surpreendido-pelas-escrituras\/wp-json\/wp\/v2\/types\/page"}],"author":[{"embeddable":true,"href":"https:\/\/ultimato.com.br\/sites\/surpreendido-pelas-escrituras\/wp-json\/wp\/v2\/users\/24"}],"replies":[{"embeddable":true,"href":"https:\/\/ultimato.com.br\/sites\/surpreendido-pelas-escrituras\/wp-json\/wp\/v2\/comments?post=17"}],"version-history":[{"count":1,"href":"https:\/\/ultimato.com.br\/sites\/surpreendido-pelas-escrituras\/wp-json\/wp\/v2\/pages\/17\/revisions"}],"predecessor-version":[{"id":18,"href":"https:\/\/ultimato.com.br\/sites\/surpreendido-pelas-escrituras\/wp-json\/wp\/v2\/pages\/17\/revisions\/18"}],"wp:attachment":[{"href":"https:\/\/ultimato.com.br\/sites\/surpreendido-pelas-escrituras\/wp-json\/wp\/v2\/media?parent=17"}],"curies":[{"name":"wp","href":"https:\/\/api.w.org\/{rel}","templated":true}]}}