{"id":15,"date":"2015-07-16T17:30:46","date_gmt":"2015-07-16T17:30:46","guid":{"rendered":"http:\/\/ultimato.com.br\/sites\/surpreendido-pelas-escrituras\/?page_id=15"},"modified":"2015-07-16T17:30:46","modified_gmt":"2015-07-16T17:30:46","slug":"o-que-disseram","status":"publish","type":"page","link":"https:\/\/ultimato.com.br\/sites\/surpreendido-pelas-escrituras\/o-que-disseram\/","title":{"rendered":"O que disseram"},"content":{"rendered":"<blockquote><p>T. Wright \u00e9 uma das figuras mais respeit\u00e1veis no mundo do pensamento crist\u00e3o.<\/p><\/blockquote>\n<p><em>\u2013 Revista TIME<\/em><\/p>\n<p>&nbsp;<\/p>\n<blockquote><p>T. Wright \u00e9 simplesmente fundamental; o que ele escreve pode transformar a vida de uma pessoa.<\/p><\/blockquote>\n<p><em>\u2013 ANNE RICE<\/em><\/p>\n<p>&nbsp;<\/p>\n<blockquote><p>Tom Wright \u00e9, como sempre, brilhante ao verter um imenso conhecimento em uma forma v\u00edvida, clara e acess\u00edvel.<\/p><\/blockquote>\n<p><em>\u2013 ROWAN WILLIAMS, ex-arcebispo da Cantu\u00e1ria<\/em><\/p>\n<p>&nbsp;<\/p>\n<blockquote><p>\u201cN. T. Wright \u00e9 o estudioso da B\u00edblia mais prol\u00edfico que j\u00e1 existiu. Alguns dizem que ele \u00e9 o apologista mais importante desde C. S. Lewis. Talvez o elogio mais significativo de todos seja este: Quando Wright fala, prega ou escreve, as pessoas dizem ver Jesus, e vidas s\u00e3o transformadas.\u201d<\/p><\/blockquote>\n<p><em>\u2013 Christianity Today<\/em><\/p>\n<p>&nbsp;<\/p>\n<blockquote><p>\u201cLer de um modo novo para os novos tempos e explorar a maneira como a B\u00edblia pode esclarecer quest\u00f5es de interesse contempor\u00e2neo \u00e9 algo que est\u00e1 na ess\u00eancia de <strong>Surpreendido pelas Escrituras<\/strong>, de N. T. Wright.\u201d<\/p><\/blockquote>\n<p><em>\u2013 Publishers Weekly<\/em><\/p>\n","protected":false},"excerpt":{"rendered":"<p>T. Wright \u00e9 uma das figuras mais respeit\u00e1veis no mundo do pensamento crist\u00e3o. \u2013 Revista TIME &nbsp; T. Wright \u00e9 simplesmente fundamental; o que ele escreve pode transformar a vida de uma pessoa. \u2013 ANNE RICE &nbsp; Tom Wright \u00e9, como sempre, brilhante ao verter um imenso conhecimento em uma forma v\u00edvida, clara e acess\u00edvel. [&hellip;]<\/p>\n","protected":false},"author":24,"featured_media":0,"parent":0,"menu_order":2,"comment_status":"closed","ping_status":"open","template":"","meta":{"footnotes":""},"class_list":["post-15","page","type-page","status-publish","hentry"],"_links":{"self":[{"href":"https:\/\/ultimato.com.br\/sites\/surpreendido-pelas-escrituras\/wp-json\/wp\/v2\/pages\/15","targetHints":{"allow":["GET"]}}],"collection":[{"href":"https:\/\/ultimato.com.br\/sites\/surpreendido-pelas-escrituras\/wp-json\/wp\/v2\/pages"}],"about":[{"href":"https:\/\/ultimato.com.br\/sites\/surpreendido-pelas-escrituras\/wp-json\/wp\/v2\/types\/page"}],"author":[{"embeddable":true,"href":"https:\/\/ultimato.com.br\/sites\/surpreendido-pelas-escrituras\/wp-json\/wp\/v2\/users\/24"}],"replies":[{"embeddable":true,"href":"https:\/\/ultimato.com.br\/sites\/surpreendido-pelas-escrituras\/wp-json\/wp\/v2\/comments?post=15"}],"version-history":[{"count":1,"href":"https:\/\/ultimato.com.br\/sites\/surpreendido-pelas-escrituras\/wp-json\/wp\/v2\/pages\/15\/revisions"}],"predecessor-version":[{"id":16,"href":"https:\/\/ultimato.com.br\/sites\/surpreendido-pelas-escrituras\/wp-json\/wp\/v2\/pages\/15\/revisions\/16"}],"wp:attachment":[{"href":"https:\/\/ultimato.com.br\/sites\/surpreendido-pelas-escrituras\/wp-json\/wp\/v2\/media?parent=15"}],"curies":[{"name":"wp","href":"https:\/\/api.w.org\/{rel}","templated":true}]}}