{"id":13,"date":"2015-07-16T17:28:42","date_gmt":"2015-07-16T17:28:42","guid":{"rendered":"http:\/\/ultimato.com.br\/sites\/surpreendido-pelas-escrituras\/?page_id=13"},"modified":"2015-07-16T17:29:26","modified_gmt":"2015-07-16T17:29:26","slug":"o-livro","status":"publish","type":"page","link":"https:\/\/ultimato.com.br\/sites\/surpreendido-pelas-escrituras\/","title":{"rendered":"O livro"},"content":{"rendered":"<blockquote><p>A \u201csurpresa\u201d no t\u00edtulo refere-se tanto ao fato de que muitas pessoas n\u00e3o esperam que a B\u00edblia tenha algo a dizer sobre alguns temas dif\u00edceis, como tamb\u00e9m, ao fato de que, quando fala sobre esses temas, ela n\u00e3o diga o que as pessoas imaginaram.<\/p><\/blockquote>\n<p>&nbsp;<\/p>\n<p>Em <strong>Surpreendido Pelas Escrituras<\/strong>, Wright mostra como a B\u00edblia pode ser aplicada a algumas das quest\u00f5es mais dif\u00edceis que enfrentamos hoje, tanto dentro como fora da igreja. Entre elas:<\/p>\n<p>&#8211; Ci\u00eancia e religi\u00e3o; B\u00edblia e evolu\u00e7\u00e3o;<\/p>\n<p>&#8211; A ordena\u00e7\u00e3o de mulheres;<\/p>\n<p>&#8211; O envolvimento pol\u00edtico dos crist\u00e3os;<\/p>\n<p>&#8211; A esperan\u00e7a dos novos c\u00e9us e nova terra e o movimento ambiental;<\/p>\n<p>&#8211; Por que acreditar na ressurrei\u00e7\u00e3o;<\/p>\n<p>&#8211; A resposta b\u00edblica para o mal \u2013 viol\u00eancia, desastres naturais etc.;<\/p>\n<p>&#8211; A B\u00edblia, a cultura ocidental e o conhecimento.<\/p>\n<p>&nbsp;<\/p>\n<p>Livro pr\u00e1tico e rico em sabedoria, <strong>Surpreendido pelas Escrituras<\/strong> oferece ao leitor novos modelos para uma melhor compreens\u00e3o e afirma\u00e7\u00e3o da B\u00edblia como resposta \u00e0s perguntas dos nossos dias.<\/p>\n<p>&nbsp;<\/p>\n","protected":false},"excerpt":{"rendered":"<p>A \u201csurpresa\u201d no t\u00edtulo refere-se tanto ao fato de que muitas pessoas n\u00e3o esperam que a B\u00edblia tenha algo a dizer sobre alguns temas dif\u00edceis, como tamb\u00e9m, ao fato de que, quando fala sobre esses temas, ela n\u00e3o diga o que as pessoas imaginaram. &nbsp; Em Surpreendido Pelas Escrituras, Wright mostra como a B\u00edblia pode [&hellip;]<\/p>\n","protected":false},"author":24,"featured_media":0,"parent":0,"menu_order":1,"comment_status":"closed","ping_status":"open","template":"","meta":{"footnotes":""},"class_list":["post-13","page","type-page","status-publish","hentry"],"_links":{"self":[{"href":"https:\/\/ultimato.com.br\/sites\/surpreendido-pelas-escrituras\/wp-json\/wp\/v2\/pages\/13","targetHints":{"allow":["GET"]}}],"collection":[{"href":"https:\/\/ultimato.com.br\/sites\/surpreendido-pelas-escrituras\/wp-json\/wp\/v2\/pages"}],"about":[{"href":"https:\/\/ultimato.com.br\/sites\/surpreendido-pelas-escrituras\/wp-json\/wp\/v2\/types\/page"}],"author":[{"embeddable":true,"href":"https:\/\/ultimato.com.br\/sites\/surpreendido-pelas-escrituras\/wp-json\/wp\/v2\/users\/24"}],"replies":[{"embeddable":true,"href":"https:\/\/ultimato.com.br\/sites\/surpreendido-pelas-escrituras\/wp-json\/wp\/v2\/comments?post=13"}],"version-history":[{"count":1,"href":"https:\/\/ultimato.com.br\/sites\/surpreendido-pelas-escrituras\/wp-json\/wp\/v2\/pages\/13\/revisions"}],"predecessor-version":[{"id":14,"href":"https:\/\/ultimato.com.br\/sites\/surpreendido-pelas-escrituras\/wp-json\/wp\/v2\/pages\/13\/revisions\/14"}],"wp:attachment":[{"href":"https:\/\/ultimato.com.br\/sites\/surpreendido-pelas-escrituras\/wp-json\/wp\/v2\/media?parent=13"}],"curies":[{"name":"wp","href":"https:\/\/api.w.org\/{rel}","templated":true}]}}