{"id":33,"date":"2015-02-27T14:25:44","date_gmt":"2015-02-27T14:25:44","guid":{"rendered":"http:\/\/ultimato.com.br\/sites\/surpreendido-pela-alegria\/?page_id=33"},"modified":"2015-02-27T14:25:44","modified_gmt":"2015-02-27T14:25:44","slug":"release","status":"publish","type":"page","link":"https:\/\/ultimato.com.br\/sites\/surpreendido-pela-alegria\/extras\/release\/","title":{"rendered":"Release"},"content":{"rendered":"<p>Aqui est\u00e1 o press-release do livro <strong><em>Surpreendido pela Alegria<\/em><\/strong> para voc\u00ea divulgar no seu site, blog, jornal ou outro meio de comunica\u00e7\u00e3o do seu acesso. Ajude-nos a espalhar este conte\u00fado.<\/p>\n<p>&#8211; Arquivo em <a href=\"http:\/\/ultimato.com.br\/sites\/surpreendido-pela-alegria\/files\/2015\/02\/Release_Surpreendido_Alegria_Mar_2015.pdf\">PDF<\/a>.<\/p>\n","protected":false},"excerpt":{"rendered":"<p>Aqui est\u00e1 o press-release do livro Surpreendido pela Alegria para voc\u00ea divulgar no seu site, blog, jornal ou outro meio de comunica\u00e7\u00e3o do seu acesso. Ajude-nos a espalhar este conte\u00fado. &#8211; Arquivo em PDF.<\/p>\n","protected":false},"author":24,"featured_media":0,"parent":14,"menu_order":3,"comment_status":"closed","ping_status":"open","template":"","meta":{"footnotes":""},"class_list":["post-33","page","type-page","status-publish","hentry"],"_links":{"self":[{"href":"https:\/\/ultimato.com.br\/sites\/surpreendido-pela-alegria\/wp-json\/wp\/v2\/pages\/33","targetHints":{"allow":["GET"]}}],"collection":[{"href":"https:\/\/ultimato.com.br\/sites\/surpreendido-pela-alegria\/wp-json\/wp\/v2\/pages"}],"about":[{"href":"https:\/\/ultimato.com.br\/sites\/surpreendido-pela-alegria\/wp-json\/wp\/v2\/types\/page"}],"author":[{"embeddable":true,"href":"https:\/\/ultimato.com.br\/sites\/surpreendido-pela-alegria\/wp-json\/wp\/v2\/users\/24"}],"replies":[{"embeddable":true,"href":"https:\/\/ultimato.com.br\/sites\/surpreendido-pela-alegria\/wp-json\/wp\/v2\/comments?post=33"}],"version-history":[{"count":1,"href":"https:\/\/ultimato.com.br\/sites\/surpreendido-pela-alegria\/wp-json\/wp\/v2\/pages\/33\/revisions"}],"predecessor-version":[{"id":35,"href":"https:\/\/ultimato.com.br\/sites\/surpreendido-pela-alegria\/wp-json\/wp\/v2\/pages\/33\/revisions\/35"}],"up":[{"embeddable":true,"href":"https:\/\/ultimato.com.br\/sites\/surpreendido-pela-alegria\/wp-json\/wp\/v2\/pages\/14"}],"wp:attachment":[{"href":"https:\/\/ultimato.com.br\/sites\/surpreendido-pela-alegria\/wp-json\/wp\/v2\/media?parent=33"}],"curies":[{"name":"wp","href":"https:\/\/api.w.org\/{rel}","templated":true}]}}