{"id":12,"date":"2015-02-27T03:43:55","date_gmt":"2015-02-27T03:43:55","guid":{"rendered":"http:\/\/ultimato.com.br\/sites\/surpreendido-pela-alegria\/?page_id=12"},"modified":"2015-02-27T03:43:55","modified_gmt":"2015-02-27T03:43:55","slug":"o-que-disseram","status":"publish","type":"page","link":"https:\/\/ultimato.com.br\/sites\/surpreendido-pela-alegria\/o-que-disseram\/","title":{"rendered":"O que disseram"},"content":{"rendered":"<blockquote><p>\u201cFaz anos que leio C. S. Lewis em busca de consolo e prazer, e toda olhadela nos livros faz renascer a minha\u00a0velha admira\u00e7\u00e3o.\u201d<\/p><\/blockquote>\n<p><em>\u2013 John Updike<\/em><\/p>\n<p>&nbsp;<\/p>\n<blockquote><p>\u201cUm suspense espiritual \u2013 a busca por uma pista e um motivo que levaram C. S. Lewis de volta ao cristianismo.\u201d<\/p><\/blockquote>\n<p><em>\u2013 Sunday Times<\/em><\/p>\n<p>&nbsp;<\/p>\n<blockquote><p>\u201cA tens\u00e3o dos cap\u00edtulos finais prende o leitor como o final de um filme de suspense.\u201d<\/p><\/blockquote>\n<p><em>\u2013 Times Literary Supplement<\/em><\/p>\n<p>&nbsp;<\/p>\n<blockquote><p>\u201cDesde a meticulosa an\u00e1lise de Santo Agostinho, poucos escritores assumiram o trabalhoso encargo de distinguir a natureza e o grau de fascina\u00e7\u00e3o e satisfa\u00e7\u00e3o percebidos pelo homem.\u201d<\/p><\/blockquote>\n<p><em>\u2013 Commonweal Magazine<\/em><\/p>\n","protected":false},"excerpt":{"rendered":"<p>\u201cFaz anos que leio C. S. Lewis em busca de consolo e prazer, e toda olhadela nos livros faz renascer a minha\u00a0velha admira\u00e7\u00e3o.\u201d \u2013 John Updike &nbsp; \u201cUm suspense espiritual \u2013 a busca por uma pista e um motivo que levaram C. S. Lewis de volta ao cristianismo.\u201d \u2013 Sunday Times &nbsp; \u201cA tens\u00e3o dos [&hellip;]<\/p>\n","protected":false},"author":24,"featured_media":0,"parent":0,"menu_order":2,"comment_status":"closed","ping_status":"open","template":"","meta":{"footnotes":""},"class_list":["post-12","page","type-page","status-publish","hentry"],"_links":{"self":[{"href":"https:\/\/ultimato.com.br\/sites\/surpreendido-pela-alegria\/wp-json\/wp\/v2\/pages\/12","targetHints":{"allow":["GET"]}}],"collection":[{"href":"https:\/\/ultimato.com.br\/sites\/surpreendido-pela-alegria\/wp-json\/wp\/v2\/pages"}],"about":[{"href":"https:\/\/ultimato.com.br\/sites\/surpreendido-pela-alegria\/wp-json\/wp\/v2\/types\/page"}],"author":[{"embeddable":true,"href":"https:\/\/ultimato.com.br\/sites\/surpreendido-pela-alegria\/wp-json\/wp\/v2\/users\/24"}],"replies":[{"embeddable":true,"href":"https:\/\/ultimato.com.br\/sites\/surpreendido-pela-alegria\/wp-json\/wp\/v2\/comments?post=12"}],"version-history":[{"count":1,"href":"https:\/\/ultimato.com.br\/sites\/surpreendido-pela-alegria\/wp-json\/wp\/v2\/pages\/12\/revisions"}],"predecessor-version":[{"id":13,"href":"https:\/\/ultimato.com.br\/sites\/surpreendido-pela-alegria\/wp-json\/wp\/v2\/pages\/12\/revisions\/13"}],"wp:attachment":[{"href":"https:\/\/ultimato.com.br\/sites\/surpreendido-pela-alegria\/wp-json\/wp\/v2\/media?parent=12"}],"curies":[{"name":"wp","href":"https:\/\/api.w.org\/{rel}","templated":true}]}}