{"id":7,"date":"2009-12-01T10:25:48","date_gmt":"2009-12-01T13:25:48","guid":{"rendered":"http:\/\/ultimato.com.br\/blogs\/surpreendido-esperanca\/?page_id=7"},"modified":"2010-04-06T11:00:18","modified_gmt":"2010-04-06T14:00:18","slug":"forum","status":"publish","type":"page","link":"https:\/\/ultimato.com.br\/sites\/surpreendido-esperanca\/forum\/","title":{"rendered":"F\u00f3rum"},"content":{"rendered":"<p>Poucos crist\u00e3os parecem reconhecer as implica\u00e7\u00f5es das palavras de Paulo \u00e0 igreja de Corinto: \u201cSe a nossa esperan\u00e7a em Cristo se limita apenas a esta vida, somos os mais infelizes de todos os homens\u201d (1Co 15.19). Ou Paulo est\u00e1 sendo tr\u00e1gico ou n\u00f3s estamos desinformados quanto \u00e0 vida depois da morte.<\/p>\n<h4><span style=\"color: #008080;\">Logo, a pergunta que podemos fazer \u00e9: O que esperam os crist\u00e3os? E o que fazer enquanto esperam? E, por \u00faltimo: O que acreditamos sobre a vida depois da morte tem alguma rela\u00e7\u00e3o com a nossa vida e miss\u00e3o hoje?<\/span><\/h4>\n<p>Participe deste f\u00f3rum e concorra a 2 (dois) livros <strong>Surpreendido pela Esperan\u00e7a<\/strong>.<\/p>\n<p>Resultado do sorteio dia 24 de dezembro. Um present\u00e3o de Natal!<\/p>\n<p><span style=\"color: #ff0000;\">Os sorteados foram:<br \/>\n\u2022 Ana Val\u00e9ria<br \/>\n\u2022 Leonardo Jr.<\/span><\/p>\n<p>Entraremos em contato pelo e-mail fornecido para pedir os dados para a entrega. Parab\u00e9ns! E um feliz Natal para todos os que participaram deste f\u00f3rum. Deus os aben\u00e7oe.<\/p>\n","protected":false},"excerpt":{"rendered":"<p>Poucos crist\u00e3os parecem reconhecer as implica\u00e7\u00f5es das palavras de Paulo \u00e0 igreja de Corinto: \u201cSe a nossa esperan\u00e7a em Cristo se limita apenas a esta vida, somos os mais infelizes de todos os homens\u201d (1Co 15.19). Ou Paulo est\u00e1 sendo tr\u00e1gico ou n\u00f3s estamos desinformados quanto \u00e0 vida depois da morte. Logo, a pergunta que [&hellip;]<\/p>\n","protected":false},"author":4,"featured_media":0,"parent":0,"menu_order":4,"comment_status":"open","ping_status":"open","template":"","meta":{"ngg_post_thumbnail":0,"footnotes":""},"class_list":["post-7","page","type-page","status-publish","hentry"],"_links":{"self":[{"href":"https:\/\/ultimato.com.br\/sites\/surpreendido-esperanca\/wp-json\/wp\/v2\/pages\/7","targetHints":{"allow":["GET"]}}],"collection":[{"href":"https:\/\/ultimato.com.br\/sites\/surpreendido-esperanca\/wp-json\/wp\/v2\/pages"}],"about":[{"href":"https:\/\/ultimato.com.br\/sites\/surpreendido-esperanca\/wp-json\/wp\/v2\/types\/page"}],"author":[{"embeddable":true,"href":"https:\/\/ultimato.com.br\/sites\/surpreendido-esperanca\/wp-json\/wp\/v2\/users\/4"}],"replies":[{"embeddable":true,"href":"https:\/\/ultimato.com.br\/sites\/surpreendido-esperanca\/wp-json\/wp\/v2\/comments?post=7"}],"version-history":[{"count":12,"href":"https:\/\/ultimato.com.br\/sites\/surpreendido-esperanca\/wp-json\/wp\/v2\/pages\/7\/revisions"}],"predecessor-version":[{"id":33,"href":"https:\/\/ultimato.com.br\/sites\/surpreendido-esperanca\/wp-json\/wp\/v2\/pages\/7\/revisions\/33"}],"wp:attachment":[{"href":"https:\/\/ultimato.com.br\/sites\/surpreendido-esperanca\/wp-json\/wp\/v2\/media?parent=7"}],"curies":[{"name":"wp","href":"https:\/\/api.w.org\/{rel}","templated":true}]}}