{"id":8,"date":"2014-09-04T13:25:36","date_gmt":"2014-09-04T13:25:36","guid":{"rendered":"http:\/\/ultimato.com.br\/sites\/sou-eu-calvino\/?page_id=8"},"modified":"2014-09-04T13:27:05","modified_gmt":"2014-09-04T13:27:05","slug":"o-que-disseram","status":"publish","type":"page","link":"https:\/\/ultimato.com.br\/sites\/sou-eu-calvino\/o-que-disseram\/","title":{"rendered":"O que disseram"},"content":{"rendered":"<blockquote><p>Ao ler <b>Sou Eu, Calvino<\/b>, as informa\u00e7\u00f5es recebidas foram tantas e com tamanha exatid\u00e3o, que foi como se eu nunca tivesse lido nada sobre o que Jo\u00e3o Calvino escreveu. Se eu estivesse pensando em escrever um livro sobre ele, certamente desistiria da fa\u00e7anha depois de acompanhar o autor deste livro em sua bela apresenta\u00e7\u00e3o do grande reformador genebrino na forma de di\u00e1logo.<\/p><\/blockquote>\n<p><i>\u2013 Valter Graciano Martins<\/i>, tradutor de quase todos os coment\u00e1rios b\u00edblicos e livros de Jo\u00e3o Calvino no Brasil<\/p>\n<blockquote><p>\u00a0Jo\u00e3o Calvino foi, ao lado de Lutero, o principal reformador protestante. Suas contribui\u00e7\u00f5es e influ\u00eancia s\u00e3o t\u00e3o vastas que, mesmo que se discorde dele, n\u00e3o se pode ignor\u00e1-lo. Da\u00ed a import\u00e2ncia deste livro.<\/p><\/blockquote>\n<p><i>\u2013 Alderi Souza de Matos<\/i>, professor no Centro Presbiteriano de P\u00f3s-Gradua\u00e7\u00e3o Andrew Jumper<\/p>\n<blockquote><p>\u00a0O estilo, as informa\u00e7\u00f5es e a clareza do texto dando voz a Calvino certamente contribuir\u00e3o para um melhor conhecimento de sua pessoa, obra e pensamento no Brasil.<\/p><\/blockquote>\n<p><i>\u2013 Lyndon de Ara\u00fajo Santos<\/i>, professor na Universidade Federal do Maranh\u00e3o<\/p>\n<blockquote><p><i style=\"line-height: 1.5em;\">Sou Eu, Calvino<\/i><span style=\"line-height: 1.5em;\"> \u00e9 t\u00e3o bom quanto <\/span><i style=\"line-height: 1.5em;\">Conversas com Lutero<\/i><span style=\"line-height: 1.5em;\">, por\u00e9m ainda mais necess\u00e1rio, porque entre n\u00f3s a vida e o pensamento de Calvino s\u00e3o menos conhecidos do que os de Lutero.<\/span><\/p><\/blockquote>\n<p>\u2013 <em>Cl\u00e1udio Wagner,<\/em> ex-professor de hist\u00f3ria da igreja no Semin\u00e1rio Presbiteriano do Centen\u00e1rio e no Semin\u00e1rio Batista Fluminense<\/p>\n<blockquote><p>\u00a0Como o povo de Deus, no Antigo Testamento, precisou de profetas, assim tamb\u00e9m a igreja crist\u00e3, mesmo guiada pelo Esp\u00edrito e pelas Escrituras, precisa de profetas. Entre outros, que o Senhor nunca deixa faltar \u00e0 sua igreja, avulta certamente Calvino \u2013 de vida relativamente breve, mas de uma irradia\u00e7\u00e3o cujos lampejos continuam a nos iluminar.<\/p><\/blockquote>\n<p>\u2013 <em>Padre Ney Brasil<\/em><\/p>\n","protected":false},"excerpt":{"rendered":"<p>Ao ler Sou Eu, Calvino, as informa\u00e7\u00f5es recebidas foram tantas e com tamanha exatid\u00e3o, que foi como se eu nunca tivesse lido nada sobre o que Jo\u00e3o Calvino escreveu. Se eu estivesse pensando em escrever um livro sobre ele, certamente desistiria da fa\u00e7anha depois de acompanhar o autor deste livro em sua bela apresenta\u00e7\u00e3o do [&hellip;]<\/p>\n","protected":false},"author":24,"featured_media":0,"parent":0,"menu_order":1,"comment_status":"open","ping_status":"open","template":"","meta":{"footnotes":""},"class_list":["post-8","page","type-page","status-publish","hentry"],"_links":{"self":[{"href":"https:\/\/ultimato.com.br\/sites\/sou-eu-calvino\/wp-json\/wp\/v2\/pages\/8","targetHints":{"allow":["GET"]}}],"collection":[{"href":"https:\/\/ultimato.com.br\/sites\/sou-eu-calvino\/wp-json\/wp\/v2\/pages"}],"about":[{"href":"https:\/\/ultimato.com.br\/sites\/sou-eu-calvino\/wp-json\/wp\/v2\/types\/page"}],"author":[{"embeddable":true,"href":"https:\/\/ultimato.com.br\/sites\/sou-eu-calvino\/wp-json\/wp\/v2\/users\/24"}],"replies":[{"embeddable":true,"href":"https:\/\/ultimato.com.br\/sites\/sou-eu-calvino\/wp-json\/wp\/v2\/comments?post=8"}],"version-history":[{"count":2,"href":"https:\/\/ultimato.com.br\/sites\/sou-eu-calvino\/wp-json\/wp\/v2\/pages\/8\/revisions"}],"predecessor-version":[{"id":10,"href":"https:\/\/ultimato.com.br\/sites\/sou-eu-calvino\/wp-json\/wp\/v2\/pages\/8\/revisions\/10"}],"wp:attachment":[{"href":"https:\/\/ultimato.com.br\/sites\/sou-eu-calvino\/wp-json\/wp\/v2\/media?parent=8"}],"curies":[{"name":"wp","href":"https:\/\/api.w.org\/{rel}","templated":true}]}}