{"id":6,"date":"2014-09-04T13:24:53","date_gmt":"2014-09-04T13:24:53","guid":{"rendered":"http:\/\/ultimato.com.br\/sites\/sou-eu-calvino\/?page_id=6"},"modified":"2014-09-09T03:24:02","modified_gmt":"2014-09-09T03:24:02","slug":"o-livro","status":"publish","type":"page","link":"https:\/\/ultimato.com.br\/sites\/sou-eu-calvino\/","title":{"rendered":"O livro"},"content":{"rendered":"<p><b>COM A PALAVRA, JO\u00c3O CALVINO.<\/b><\/p>\n<p><b>Sou Eu, Calvino<\/b> \u00e9 uma biografia em forma de entrevista. Uma esp\u00e9cie de <i>talk-show<\/i>, que coloca na boca do reformador palavras que ele mesmo escreveu e palavras que refletem o seu pensamento.<\/p>\n<p>F\u00e1cil de ler, a obra torna viva e relevante a grande contribui\u00e7\u00e3o do autor de <i>As Institutas<\/i>, bem como responde a mais de uma centena de perguntas que muitos crist\u00e3os gostariam de fazer sobre a B\u00edblia, a teologia, a igreja, enfim, sobre a vida crist\u00e3.<\/p>\n<blockquote><p>N\u00e3o h\u00e1 melhor maneira de recordar os quinhentos anos da Reforma do que apreciar o pensamento de Jo\u00e3o Calvino, o seu mais influente te\u00f3logo, apresentado pelo pastor Elben C\u00e9sar, um crist\u00e3o reformado.<\/p><\/blockquote>\n<p><i>\u2013 Manfred Grellert<\/i>, diretor de forma\u00e7\u00e3o crist\u00e3 da Vis\u00e3o Mundial Internacional<i><\/i><\/p>\n<p><iframe loading=\"lazy\" width=\"560\" height=\"315\" src=\"\/\/www.youtube.com\/embed\/-e36JM6HlWY\" frameborder=\"0\" allowfullscreen><\/iframe><\/p>\n","protected":false},"excerpt":{"rendered":"<p>COM A PALAVRA, JO\u00c3O CALVINO. Sou Eu, Calvino \u00e9 uma biografia em forma de entrevista. Uma esp\u00e9cie de talk-show, que coloca na boca do reformador palavras que ele mesmo escreveu e palavras que refletem o seu pensamento. F\u00e1cil de ler, a obra torna viva e relevante a grande contribui\u00e7\u00e3o do autor de As Institutas, bem [&hellip;]<\/p>\n","protected":false},"author":24,"featured_media":0,"parent":0,"menu_order":0,"comment_status":"open","ping_status":"open","template":"","meta":{"footnotes":""},"class_list":["post-6","page","type-page","status-publish","hentry"],"_links":{"self":[{"href":"https:\/\/ultimato.com.br\/sites\/sou-eu-calvino\/wp-json\/wp\/v2\/pages\/6","targetHints":{"allow":["GET"]}}],"collection":[{"href":"https:\/\/ultimato.com.br\/sites\/sou-eu-calvino\/wp-json\/wp\/v2\/pages"}],"about":[{"href":"https:\/\/ultimato.com.br\/sites\/sou-eu-calvino\/wp-json\/wp\/v2\/types\/page"}],"author":[{"embeddable":true,"href":"https:\/\/ultimato.com.br\/sites\/sou-eu-calvino\/wp-json\/wp\/v2\/users\/24"}],"replies":[{"embeddable":true,"href":"https:\/\/ultimato.com.br\/sites\/sou-eu-calvino\/wp-json\/wp\/v2\/comments?post=6"}],"version-history":[{"count":2,"href":"https:\/\/ultimato.com.br\/sites\/sou-eu-calvino\/wp-json\/wp\/v2\/pages\/6\/revisions"}],"predecessor-version":[{"id":43,"href":"https:\/\/ultimato.com.br\/sites\/sou-eu-calvino\/wp-json\/wp\/v2\/pages\/6\/revisions\/43"}],"wp:attachment":[{"href":"https:\/\/ultimato.com.br\/sites\/sou-eu-calvino\/wp-json\/wp\/v2\/media?parent=6"}],"curies":[{"name":"wp","href":"https:\/\/api.w.org\/{rel}","templated":true}]}}