{"id":31,"date":"2014-09-04T13:41:42","date_gmt":"2014-09-04T13:41:42","guid":{"rendered":"http:\/\/ultimato.com.br\/sites\/sou-eu-calvino\/?page_id=31"},"modified":"2014-09-04T13:41:42","modified_gmt":"2014-09-04T13:41:42","slug":"release","status":"publish","type":"page","link":"https:\/\/ultimato.com.br\/sites\/sou-eu-calvino\/extras\/release\/","title":{"rendered":"Release"},"content":{"rendered":"<p>Aqui est\u00e1 o press-release do livro <strong><em>Sou eu, Calvino<\/em><\/strong> para voc\u00ea divulgar no seu site, blog, jornal ou outro meio de comunica\u00e7\u00e3o do seu acesso. Ajude-nos a espalhar este conte\u00fado.<\/p>\n<p>&#8211; Arquivo em <a href=\"http:\/\/ultimato.com.br\/sites\/sou-eu-calvino\/files\/2014\/09\/Release_Sou_Eu_Calvino_Elben_Agosto_2014.pdf\">PDF<\/a>.<\/p>\n","protected":false},"excerpt":{"rendered":"<p>Aqui est\u00e1 o press-release do livro Sou eu, Calvino para voc\u00ea divulgar no seu site, blog, jornal ou outro meio de comunica\u00e7\u00e3o do seu acesso. Ajude-nos a espalhar este conte\u00fado. &#8211; Arquivo em PDF.<\/p>\n","protected":false},"author":24,"featured_media":0,"parent":16,"menu_order":3,"comment_status":"open","ping_status":"open","template":"","meta":{"footnotes":""},"class_list":["post-31","page","type-page","status-publish","hentry"],"_links":{"self":[{"href":"https:\/\/ultimato.com.br\/sites\/sou-eu-calvino\/wp-json\/wp\/v2\/pages\/31","targetHints":{"allow":["GET"]}}],"collection":[{"href":"https:\/\/ultimato.com.br\/sites\/sou-eu-calvino\/wp-json\/wp\/v2\/pages"}],"about":[{"href":"https:\/\/ultimato.com.br\/sites\/sou-eu-calvino\/wp-json\/wp\/v2\/types\/page"}],"author":[{"embeddable":true,"href":"https:\/\/ultimato.com.br\/sites\/sou-eu-calvino\/wp-json\/wp\/v2\/users\/24"}],"replies":[{"embeddable":true,"href":"https:\/\/ultimato.com.br\/sites\/sou-eu-calvino\/wp-json\/wp\/v2\/comments?post=31"}],"version-history":[{"count":1,"href":"https:\/\/ultimato.com.br\/sites\/sou-eu-calvino\/wp-json\/wp\/v2\/pages\/31\/revisions"}],"predecessor-version":[{"id":33,"href":"https:\/\/ultimato.com.br\/sites\/sou-eu-calvino\/wp-json\/wp\/v2\/pages\/31\/revisions\/33"}],"up":[{"embeddable":true,"href":"https:\/\/ultimato.com.br\/sites\/sou-eu-calvino\/wp-json\/wp\/v2\/pages\/16"}],"wp:attachment":[{"href":"https:\/\/ultimato.com.br\/sites\/sou-eu-calvino\/wp-json\/wp\/v2\/media?parent=31"}],"curies":[{"name":"wp","href":"https:\/\/api.w.org\/{rel}","templated":true}]}}