{"id":11,"date":"2014-09-04T13:28:03","date_gmt":"2014-09-04T13:28:03","guid":{"rendered":"http:\/\/ultimato.com.br\/sites\/sou-eu-calvino\/?page_id=11"},"modified":"2014-09-04T13:28:17","modified_gmt":"2014-09-04T13:28:17","slug":"o-autor","status":"publish","type":"page","link":"https:\/\/ultimato.com.br\/sites\/sou-eu-calvino\/o-autor\/","title":{"rendered":"O autor"},"content":{"rendered":"<p><b><a href=\"http:\/\/ultimato.com.br\/sites\/sou-eu-calvino\/files\/2014\/09\/foto_hs_rdd.jpg\"><img loading=\"lazy\" decoding=\"async\" class=\"alignleft size-thumbnail wp-image-12\" alt=\"foto_hs_rdd\" src=\"http:\/\/ultimato.com.br\/sites\/sou-eu-calvino\/files\/2014\/09\/foto_hs_rdd-150x150.jpg\" width=\"150\" height=\"150\" \/><\/a>Elben M. Lenz C\u00e9sar<\/b> \u00e9 diretor da revista <i>Ultimato<\/i>. \u00c9 autor de, entre outros, <i>Pr\u00e1ticas Devocionais<\/i>,<i> Refei\u00e7\u00f5es Di\u00e1rias com o Sabor dos Salmos<\/i>, <i>Refei\u00e7\u00f5es Di\u00e1rias com os Disc\u00edpulos<\/i>, <i>Hist\u00f3ria da Evangeliza\u00e7\u00e3o do Brasil <\/i>e <i>Conversas com Lutero<\/i>, publicados pela Editora Ultimato.<\/p>\n","protected":false},"excerpt":{"rendered":"<p>Elben M. Lenz C\u00e9sar \u00e9 diretor da revista Ultimato. \u00c9 autor de, entre outros, Pr\u00e1ticas Devocionais, Refei\u00e7\u00f5es Di\u00e1rias com o Sabor dos Salmos, Refei\u00e7\u00f5es Di\u00e1rias com os Disc\u00edpulos, Hist\u00f3ria da Evangeliza\u00e7\u00e3o do Brasil e Conversas com Lutero, publicados pela Editora Ultimato.<\/p>\n","protected":false},"author":24,"featured_media":0,"parent":0,"menu_order":2,"comment_status":"open","ping_status":"open","template":"","meta":{"footnotes":""},"class_list":["post-11","page","type-page","status-publish","hentry"],"_links":{"self":[{"href":"https:\/\/ultimato.com.br\/sites\/sou-eu-calvino\/wp-json\/wp\/v2\/pages\/11","targetHints":{"allow":["GET"]}}],"collection":[{"href":"https:\/\/ultimato.com.br\/sites\/sou-eu-calvino\/wp-json\/wp\/v2\/pages"}],"about":[{"href":"https:\/\/ultimato.com.br\/sites\/sou-eu-calvino\/wp-json\/wp\/v2\/types\/page"}],"author":[{"embeddable":true,"href":"https:\/\/ultimato.com.br\/sites\/sou-eu-calvino\/wp-json\/wp\/v2\/users\/24"}],"replies":[{"embeddable":true,"href":"https:\/\/ultimato.com.br\/sites\/sou-eu-calvino\/wp-json\/wp\/v2\/comments?post=11"}],"version-history":[{"count":1,"href":"https:\/\/ultimato.com.br\/sites\/sou-eu-calvino\/wp-json\/wp\/v2\/pages\/11\/revisions"}],"predecessor-version":[{"id":13,"href":"https:\/\/ultimato.com.br\/sites\/sou-eu-calvino\/wp-json\/wp\/v2\/pages\/11\/revisions\/13"}],"wp:attachment":[{"href":"https:\/\/ultimato.com.br\/sites\/sou-eu-calvino\/wp-json\/wp\/v2\/media?parent=11"}],"curies":[{"name":"wp","href":"https:\/\/api.w.org\/{rel}","templated":true}]}}