{"id":9,"date":"2014-10-01T00:08:02","date_gmt":"2014-10-01T00:08:02","guid":{"rendered":"http:\/\/ultimato.com.br\/sites\/somente-a-fe\/?page_id=9"},"modified":"2014-10-01T00:37:37","modified_gmt":"2014-10-01T00:37:37","slug":"o-autor","status":"publish","type":"page","link":"https:\/\/ultimato.com.br\/sites\/somente-a-fe\/o-autor\/","title":{"rendered":"O autor"},"content":{"rendered":"<p><a href=\"http:\/\/ultimato.com.br\/sites\/somente-a-fe\/files\/2014\/10\/foto_hs_saf.jpg\"><img loading=\"lazy\" decoding=\"async\" class=\"alignleft size-thumbnail wp-image-26\" src=\"http:\/\/ultimato.com.br\/sites\/somente-a-fe\/files\/2014\/10\/foto_hs_saf-150x150.jpg\" alt=\"foto_hs_saf\" width=\"150\" height=\"150\" \/><\/a><\/p>\n<p><strong>Martinho Lutero<\/strong> nasceu no dia 10 de novembro de 1483, em Eislebem, na Alemanha. Nas palavras do historiador W. Walker, \u201c\u00e9 um dos homens de quem se pode dizer que sua obra alterou profundamente a hist\u00f3ria do mundo\u201d. Para o De\u00e3o da Divinity School da Universidade de Chicago, Jerald Brauer, Lutero \u00e9 \u201cuma das tr\u00eas ou quatro maiores figuras da cristandade, talvez a maior figura prof\u00e9tica no cristianismo ocidental p\u00f3s-apost\u00f3lico\u201d. Roland Bainton, de Yale, autor de uma das melhores biografias modernas do reformador, vai al\u00e9m: \u201cLutero n\u00e3o \u00e9 um indiv\u00edduo \u2014 ele \u00e9 um fen\u00f4meno\u201d.<\/p>\n<p>&nbsp;<\/p>\n<p>&nbsp;<\/p>\n<p>NOTA:<\/p>\n<p><strong>James C. Galvin<\/strong>, organizador e editor de Somente a F\u00e9, \u00e9 ex-diretor nacional de forma\u00e7\u00e3o da Mocidade Para Cristo (Youth for Christ, EUA), e consultor organizacional especializado em estrat\u00e9gia e lideran\u00e7a.<\/p>\n","protected":false},"excerpt":{"rendered":"<p>Martinho Lutero nasceu no dia 10 de novembro de 1483, em Eislebem, na Alemanha. Nas palavras do historiador W. Walker, \u201c\u00e9 um dos homens de quem se pode dizer que sua obra alterou profundamente a hist\u00f3ria do mundo\u201d. Para o De\u00e3o da Divinity School da Universidade de Chicago, Jerald Brauer, Lutero \u00e9 \u201cuma das tr\u00eas [&hellip;]<\/p>\n","protected":false},"author":24,"featured_media":0,"parent":0,"menu_order":2,"comment_status":"closed","ping_status":"open","template":"","meta":{"footnotes":""},"class_list":["post-9","page","type-page","status-publish","hentry"],"_links":{"self":[{"href":"https:\/\/ultimato.com.br\/sites\/somente-a-fe\/wp-json\/wp\/v2\/pages\/9","targetHints":{"allow":["GET"]}}],"collection":[{"href":"https:\/\/ultimato.com.br\/sites\/somente-a-fe\/wp-json\/wp\/v2\/pages"}],"about":[{"href":"https:\/\/ultimato.com.br\/sites\/somente-a-fe\/wp-json\/wp\/v2\/types\/page"}],"author":[{"embeddable":true,"href":"https:\/\/ultimato.com.br\/sites\/somente-a-fe\/wp-json\/wp\/v2\/users\/24"}],"replies":[{"embeddable":true,"href":"https:\/\/ultimato.com.br\/sites\/somente-a-fe\/wp-json\/wp\/v2\/comments?post=9"}],"version-history":[{"count":2,"href":"https:\/\/ultimato.com.br\/sites\/somente-a-fe\/wp-json\/wp\/v2\/pages\/9\/revisions"}],"predecessor-version":[{"id":31,"href":"https:\/\/ultimato.com.br\/sites\/somente-a-fe\/wp-json\/wp\/v2\/pages\/9\/revisions\/31"}],"wp:attachment":[{"href":"https:\/\/ultimato.com.br\/sites\/somente-a-fe\/wp-json\/wp\/v2\/media?parent=9"}],"curies":[{"name":"wp","href":"https:\/\/api.w.org\/{rel}","templated":true}]}}