{"id":7,"date":"2014-10-01T00:07:25","date_gmt":"2014-10-01T00:07:25","guid":{"rendered":"http:\/\/ultimato.com.br\/sites\/somente-a-fe\/?page_id=7"},"modified":"2014-10-01T00:37:41","modified_gmt":"2014-10-01T00:37:41","slug":"o-que-disseram","status":"publish","type":"page","link":"https:\/\/ultimato.com.br\/sites\/somente-a-fe\/o-que-disseram\/","title":{"rendered":"O que disseram"},"content":{"rendered":"<blockquote><p>Martinho Lutero \u00e9 uma das personagens mais importantes da hist\u00f3ria da igreja, pois Deus o usou para iniciar uma das maiores revolu\u00e7\u00f5es \u2013 a Reforma Protestante do S\u00e9culo 16. Seus escritos t\u00eam aproximadamente quinhentos anos e ainda s\u00e3o significativos para nossa leitura hoje.<\/p><\/blockquote>\n<p><em>\u2013 James C. Galvin<\/em><\/p>\n<p>&nbsp;<\/p>\n<blockquote><p>Lutero diz que \u201ca leitura b\u00edblica acende a chama da ora\u00e7\u00e3o\u201d. Os bispos (ou aqueles que fazem o papel deles) deveriam orar: \u201c\u00d3 Deus, livra os nossos pastores do relaxamento devocional\u201d; os pastores deveriam orar: \u201c\u00d3 Deus, livra as nossas ovelhas do relaxamento devocional\u201d; os professores de teologia deveriam orar: \u201c\u00d3 Deus, livra os nossos seminaristas do relaxamento devocional\u201d; e os pais deveriam orar: \u201c\u00d3 Deus, livra os nossos filhos do relaxamento devocional\u201d.<\/p>\n<p>A igreja seria outra se essa ora\u00e7\u00e3o fosse feita com tal ardor e sinceridade at\u00e9 ser ouvida ao longo da hist\u00f3ria.<\/p><\/blockquote>\n<p><em>\u2013 Elben C\u00e9sar<\/em><\/p>\n","protected":false},"excerpt":{"rendered":"<p>Martinho Lutero \u00e9 uma das personagens mais importantes da hist\u00f3ria da igreja, pois Deus o usou para iniciar uma das maiores revolu\u00e7\u00f5es \u2013 a Reforma Protestante do S\u00e9culo 16. Seus escritos t\u00eam aproximadamente quinhentos anos e ainda s\u00e3o significativos para nossa leitura hoje. \u2013 James C. Galvin &nbsp; Lutero diz que \u201ca leitura b\u00edblica acende [&hellip;]<\/p>\n","protected":false},"author":24,"featured_media":0,"parent":0,"menu_order":2,"comment_status":"closed","ping_status":"open","template":"","meta":{"footnotes":""},"class_list":["post-7","page","type-page","status-publish","hentry"],"_links":{"self":[{"href":"https:\/\/ultimato.com.br\/sites\/somente-a-fe\/wp-json\/wp\/v2\/pages\/7","targetHints":{"allow":["GET"]}}],"collection":[{"href":"https:\/\/ultimato.com.br\/sites\/somente-a-fe\/wp-json\/wp\/v2\/pages"}],"about":[{"href":"https:\/\/ultimato.com.br\/sites\/somente-a-fe\/wp-json\/wp\/v2\/types\/page"}],"author":[{"embeddable":true,"href":"https:\/\/ultimato.com.br\/sites\/somente-a-fe\/wp-json\/wp\/v2\/users\/24"}],"replies":[{"embeddable":true,"href":"https:\/\/ultimato.com.br\/sites\/somente-a-fe\/wp-json\/wp\/v2\/comments?post=7"}],"version-history":[{"count":2,"href":"https:\/\/ultimato.com.br\/sites\/somente-a-fe\/wp-json\/wp\/v2\/pages\/7\/revisions"}],"predecessor-version":[{"id":32,"href":"https:\/\/ultimato.com.br\/sites\/somente-a-fe\/wp-json\/wp\/v2\/pages\/7\/revisions\/32"}],"wp:attachment":[{"href":"https:\/\/ultimato.com.br\/sites\/somente-a-fe\/wp-json\/wp\/v2\/media?parent=7"}],"curies":[{"name":"wp","href":"https:\/\/api.w.org\/{rel}","templated":true}]}}