{"id":47,"date":"2018-01-30T11:53:36","date_gmt":"2018-01-30T13:53:36","guid":{"rendered":"http:\/\/ultimato.com.br\/sites\/serie-ultimato-50-anos\/?page_id=47"},"modified":"2018-05-10T12:08:29","modified_gmt":"2018-05-10T15:08:29","slug":"a-serie","status":"publish","type":"page","link":"https:\/\/ultimato.com.br\/sites\/serie-ultimato-50-anos\/","title":{"rendered":"S\u00e9rie Ultimato 50 Anos"},"content":{"rendered":"<h5>A s\u00e9rie \u201cULTIMATO 50 ANOS\u201d celebra meio s\u00e9culo de publica\u00e7\u00e3o ininterrupta da <a id=\"serie\" href=\"http:\/\/www.ultimato.com.br\/revista\/\" target=\"_blank\" rel=\"noopener\">revista Ultimato<\/a>, bem como a vida e o legado do seu fundador, o pastor Elben C\u00e9sar, autor dos livros da s\u00e9rie.<\/h5>\n<h5 class=\"gmail_default\">Em janeiro, Ultimato lan\u00e7ou os quatro primeiros volumes:&nbsp;<a href=\"http:\/\/www.ultimato.com.br\/loja\/produtos\/deixem-que-elas-mesmas-falem\" target=\"_blank\" rel=\"noopener\">Deixem Que Elas Mesmas Falem<\/a>;&nbsp;<a href=\"http:\/\/www.ultimato.com.br\/loja\/produtos\/por-que-sempre-faco-o-que-nao-quero\" target=\"_blank\" rel=\"noopener\">Por Que (Sempre) Fa\u00e7o o Que N\u00e3o Quero<\/a>;&nbsp;<a href=\"http:\/\/www.ultimato.com.br\/loja\/produtos\/historia-da-evangelizacao-do-brasil\" target=\"_blank\" rel=\"noopener\">Hist\u00f3ria da Evangeliza\u00e7\u00e3o do Brasil&nbsp;<\/a>e&nbsp;<a href=\"http:\/\/www.ultimato.com.br\/loja\/produtos\/suplicas-de-um-necessitado\" target=\"_blank\" rel=\"noopener\">S\u00faplicas de Um Necessitado<\/a>. Em mar\u00e7o, lan\u00e7ou mais quatro:&nbsp;<a href=\"http:\/\/www.ultimato.com.br\/loja\/produtos\/sou-eu-calvino\" target=\"_blank\" rel=\"noopener\">Sou eu, Calvino<\/a>;&nbsp;<a href=\"http:\/\/www.ultimato.com.br\/loja\/produtos\/para-melhor-enfrentar-o-sofrimento\" target=\"_blank\" rel=\"noopener\">Para Melhor Enfrentar o Sofrimento<\/a>;&nbsp;<a href=\"http:\/\/www.ultimato.com.br\/loja\/produtos\/a-pessoa-mais-importante-do-mundo\" target=\"_blank\" rel=\"noopener\">A Pessoa Mais Importante do Mundo<\/a> e&nbsp;<a href=\"http:\/\/www.ultimato.com.br\/loja\/produtos\/nao-perca-jesus-de-vista\" target=\"_blank\" rel=\"noopener\">N\u00e3o Perca Jesus de Vista<\/a>. E em maio, lan\u00e7a os \u00faltimos quatro: <a href=\"http:\/\/www.ultimato.com.br\/loja\/produtos\/teologia-para-o-cotidiano\" target=\"_blank\" rel=\"noopener\">Teologia Para o Cotidiano<\/a>; <a href=\"http:\/\/www.ultimato.com.br\/loja\/produtos\/de-hoje-em-diante\" target=\"_blank\" rel=\"noopener\">De Hoje em Diante<\/a>; <a href=\"http:\/\/www.ultimato.com.br\/loja\/produtos\/praticas-devocionais-edicao-ampliada\" target=\"_blank\" rel=\"noopener\">Pr\u00e1ticas Devocionais<\/a> e <a href=\"http:\/\/www.ultimato.com.br\/loja\/produtos\/conversas-com-lutero\" target=\"_blank\" rel=\"noopener\">Conversas com Lutero<\/a>.<\/h5>\n<h5 class=\"gmail_default\">A s\u00e9rie \u00e9 uma reedi\u00e7\u00e3o das obras originais, com nova identidade visual, e mistura sabedoria b\u00edblica e orienta\u00e7\u00e3o pr\u00e1tica para a vida crist\u00e3.<\/h5>\n<h5>Clique no livro para ler um trecho, frases e outras informa\u00e7\u00f5es.<\/h5>\n<p><a href=\"http:\/\/ultimato.com.br\/sites\/serie-ultimato-50-anos\/deixem-que-elas-mesmas-falem\/\"><img loading=\"lazy\" decoding=\"async\" class=\"alignleft wp-image-39 size-full\" src=\"http:\/\/ultimato.com.br\/sites\/serie-ultimato-50-anos\/files\/dqemf.jpg\" alt=\"\" width=\"250\" height=\"250\" srcset=\"https:\/\/ultimato.com.br\/sites\/serie-ultimato-50-anos\/files\/dqemf.jpg 250w, https:\/\/ultimato.com.br\/sites\/serie-ultimato-50-anos\/files\/dqemf-150x150.jpg 150w, https:\/\/ultimato.com.br\/sites\/serie-ultimato-50-anos\/files\/dqemf-100x100.jpg 100w\" sizes=\"auto, (max-width: 250px) 100vw, 250px\" \/><\/a><\/p>\n<p><a href=\"http:\/\/ultimato.com.br\/sites\/serie-ultimato-50-anos\/por-que-sempre-faco-o-que-nao-quero\/\"><img loading=\"lazy\" decoding=\"async\" class=\"alignleft wp-image-41 size-full\" src=\"http:\/\/ultimato.com.br\/sites\/serie-ultimato-50-anos\/files\/pqsf.jpg\" alt=\"\" width=\"250\" height=\"250\" srcset=\"https:\/\/ultimato.com.br\/sites\/serie-ultimato-50-anos\/files\/pqsf.jpg 250w, https:\/\/ultimato.com.br\/sites\/serie-ultimato-50-anos\/files\/pqsf-150x150.jpg 150w, https:\/\/ultimato.com.br\/sites\/serie-ultimato-50-anos\/files\/pqsf-100x100.jpg 100w\" sizes=\"auto, (max-width: 250px) 100vw, 250px\" \/><\/a><\/p>\n<p><a href=\"http:\/\/ultimato.com.br\/sites\/serie-ultimato-50-anos\/historia-da-evangelizacao-do-brasil\/\"><img loading=\"lazy\" decoding=\"async\" class=\"alignleft wp-image-40 size-full\" src=\"http:\/\/ultimato.com.br\/sites\/serie-ultimato-50-anos\/files\/heb.jpg\" alt=\"\" width=\"250\" height=\"250\" srcset=\"https:\/\/ultimato.com.br\/sites\/serie-ultimato-50-anos\/files\/heb.jpg 250w, https:\/\/ultimato.com.br\/sites\/serie-ultimato-50-anos\/files\/heb-150x150.jpg 150w, https:\/\/ultimato.com.br\/sites\/serie-ultimato-50-anos\/files\/heb-100x100.jpg 100w\" sizes=\"auto, (max-width: 250px) 100vw, 250px\" \/><\/a><\/p>\n<p><a href=\"http:\/\/ultimato.com.br\/sites\/serie-ultimato-50-anos\/suplicas-de-um-necessitado\/\"><img loading=\"lazy\" decoding=\"async\" class=\"alignleft wp-image-42 size-full\" src=\"http:\/\/ultimato.com.br\/sites\/serie-ultimato-50-anos\/files\/sun.jpg\" alt=\"\" width=\"250\" height=\"250\" srcset=\"https:\/\/ultimato.com.br\/sites\/serie-ultimato-50-anos\/files\/sun.jpg 250w, https:\/\/ultimato.com.br\/sites\/serie-ultimato-50-anos\/files\/sun-150x150.jpg 150w, https:\/\/ultimato.com.br\/sites\/serie-ultimato-50-anos\/files\/sun-100x100.jpg 100w\" sizes=\"auto, (max-width: 250px) 100vw, 250px\" \/><\/a><\/p>\n<p><a href=\"http:\/\/ultimato.com.br\/sites\/serie-ultimato-50-anos\/sou-eu-calvino\/\"><img loading=\"lazy\" decoding=\"async\" class=\"alignleft wp-image-43 size-full\" src=\"http:\/\/ultimato.com.br\/sites\/serie-ultimato-50-anos\/files\/sec.jpg\" alt=\"\" width=\"250\" height=\"250\"><\/a><\/p>\n<p><a href=\"http:\/\/ultimato.com.br\/sites\/serie-ultimato-50-anos\/para-melhor-enfrentar-o-sofrimento\/\"><img loading=\"lazy\" decoding=\"async\" class=\"alignleft wp-image-44 size-full\" src=\"http:\/\/ultimato.com.br\/sites\/serie-ultimato-50-anos\/files\/pmes.jpg\" alt=\"\" width=\"250\" height=\"250\"><\/a><\/p>\n<p><a href=\"http:\/\/ultimato.com.br\/sites\/serie-ultimato-50-anos\/a-pessoa-mais-importante-do-mundo\/\"><img loading=\"lazy\" decoding=\"async\" class=\"alignleft wp-image-45 size-full\" src=\"http:\/\/ultimato.com.br\/sites\/serie-ultimato-50-anos\/files\/apmidm.jpg\" alt=\"\" width=\"250\" height=\"250\"><\/a><\/p>\n<p><a href=\"http:\/\/ultimato.com.br\/sites\/serie-ultimato-50-anos\/nao-perca-jesus-de-vista\/\"><img loading=\"lazy\" decoding=\"async\" class=\"alignleft wp-image-46 size-full\" src=\"http:\/\/ultimato.com.br\/sites\/serie-ultimato-50-anos\/files\/npjv.jpg\" alt=\"\" width=\"250\" height=\"250\"><\/a><\/p>\n<p><a href=\"http:\/\/ultimato.com.br\/sites\/serie-ultimato-50-anos\/teologia-para-o-cotidiano\/\"><img loading=\"lazy\" decoding=\"async\" class=\"alignleft wp-image-43 size-full\" src=\"http:\/\/ultimato.com.br\/sites\/serie-ultimato-50-anos\/files\/tpoc.jpg\" alt=\"\" width=\"250\" height=\"250\"><\/a><\/p>\n<p><a href=\"http:\/\/ultimato.com.br\/sites\/serie-ultimato-50-anos\/de-hoje-em-diante\/\"><img loading=\"lazy\" decoding=\"async\" class=\"alignleft wp-image-44 size-full\" src=\"http:\/\/ultimato.com.br\/sites\/serie-ultimato-50-anos\/files\/dhed.jpg\" alt=\"\" width=\"250\" height=\"250\"><\/a><\/p>\n<p><a href=\"http:\/\/ultimato.com.br\/sites\/serie-ultimato-50-anos\/praticas-devocionais\/\"><img loading=\"lazy\" decoding=\"async\" class=\"alignleft wp-image-45 size-full\" src=\"http:\/\/ultimato.com.br\/sites\/serie-ultimato-50-anos\/files\/pd.jpg\" alt=\"\" width=\"250\" height=\"250\"><\/a><\/p>\n<p><img loading=\"lazy\" decoding=\"async\" class=\"alignleft wp-image-46 size-full\" src=\"http:\/\/ultimato.com.br\/sites\/serie-ultimato-50-anos\/files\/ccl_2.jpg\" alt=\"\" width=\"250\" height=\"250\"><br \/>\n&nbsp;<br \/>\n&nbsp;<br \/>\n&nbsp;<br \/>\n&nbsp;<br \/>\n&nbsp;<br \/>\n&nbsp;<br \/>\n&nbsp;<br \/>\n&nbsp;<br \/>\n&nbsp;<br \/>\n&nbsp;<br \/>\n&nbsp;<br \/>\n&nbsp;<br \/>\n&nbsp;<br \/>\n&nbsp;<br \/>\n<img loading=\"lazy\" decoding=\"async\" id=\"autor\" class=\"alignleft wp-image-52\" src=\"http:\/\/ultimato.com.br\/sites\/serie-ultimato-50-anos\/files\/foto_hs_serie50anos-276x300.jpg\" alt=\"\" width=\"230\" height=\"250\" srcset=\"https:\/\/ultimato.com.br\/sites\/serie-ultimato-50-anos\/files\/foto_hs_serie50anos-276x300.jpg 276w, https:\/\/ultimato.com.br\/sites\/serie-ultimato-50-anos\/files\/foto_hs_serie50anos.jpg 442w\" sizes=\"auto, (max-width: 230px) 100vw, 230px\" \/><br \/>\n&nbsp;<br \/>\n&nbsp;<br \/>\n&nbsp;<br \/>\n&nbsp;<br \/>\n&nbsp;<br \/>\n&nbsp;<br \/>\n&nbsp;<br \/>\n&nbsp;<br \/>\n&nbsp;<br \/>\n&nbsp;<br \/>\n&nbsp;<br \/>\n&nbsp;<br \/>\n&nbsp;<\/p>\n<h5>&nbsp;<\/h5>\n<h5>&nbsp;<\/h5>\n<h5>&nbsp;<\/h5>\n<h5>&nbsp;<\/h5>\n<h5>&nbsp;<\/h5>\n<h5>&nbsp;<\/h5>\n<h5>&nbsp;<\/h5>\n<h5>&nbsp;<\/h5>\n<h5>Elben C\u00e9sar foi o fundador da Editora Ultimato e redator da revista Ultimato at\u00e9 a sua morte, em outubro de 2016. \u00c9 autor de, entre outros,&nbsp;<a href=\"http:\/\/www.ultimato.com.br\/loja\/produtos\/por-que-sempre-faco-o-que-nao-quero\" target=\"_blank\" rel=\"noopener\" data-saferedirecturl=\"https:\/\/www.google.com\/url?hl=pt-BR&amp;q=http:\/\/www.ultimato.com.br\/loja\/produtos\/por-que-sempre-faco-o-que-nao-quero&amp;source=gmail&amp;ust=1517406525544000&amp;usg=AFQjCNHEt00sdzgLyb_JsikhVjSiyjxM6Q\">Por Que (Sempre) Fa\u00e7o o Que N\u00e3o Quero?<\/a>,&nbsp;<a href=\"http:\/\/www.ultimato.com.br\/loja\/produtos\/refeicoes-diarias-com-jesus\" target=\"_blank\" rel=\"noopener\" data-saferedirecturl=\"https:\/\/www.google.com\/url?hl=pt-BR&amp;q=http:\/\/www.ultimato.com.br\/loja\/produtos\/refeicoes-diarias-com-jesus&amp;source=gmail&amp;ust=1517406525544000&amp;usg=AFQjCNGc_oP2EAbC5X-HM0ACYMLaJF9nVA\">Refei\u00e7\u00f5es Di\u00e1rias com Jesus<\/a>,&nbsp;<a href=\"http:\/\/www.ultimato.com.br\/loja\/produtos\/mochila-nas-costas-e-diario-na-mao\" target=\"_blank\" rel=\"noopener\" data-saferedirecturl=\"https:\/\/www.google.com\/url?hl=pt-BR&amp;q=http:\/\/www.ultimato.com.br\/loja\/produtos\/mochila-nas-costas-e-diario-na-mao&amp;source=gmail&amp;ust=1517406525544000&amp;usg=AFQjCNG7A7fculRhHzxEZiHHQawSD3GlFA\">Mochila nas Costas e Di\u00e1rio na M\u00e3o<\/a>,&nbsp;<a href=\"http:\/\/www.ultimato.com.br\/loja\/produtos\/para-melhor-enfrentar-o-sofrimento\" target=\"_blank\" rel=\"noopener\" data-saferedirecturl=\"https:\/\/www.google.com\/url?hl=pt-BR&amp;q=http:\/\/www.ultimato.com.br\/loja\/produtos\/para-melhor-enfrentar-o-sofrimento&amp;source=gmail&amp;ust=1517406525545000&amp;usg=AFQjCNFNdfkNVU4liCCLpNjv-1O2QEMC2A\">Para Melhor Enfrentar o Sofrimento<\/a>,&nbsp;<a href=\"http:\/\/www.ultimato.com.br\/loja\/produtos\/conversas-com-lutero\" target=\"_blank\" rel=\"noopener\" data-saferedirecturl=\"https:\/\/www.google.com\/url?hl=pt-BR&amp;q=http:\/\/www.ultimato.com.br\/loja\/produtos\/conversas-com-lutero&amp;source=gmail&amp;ust=1517406525545000&amp;usg=AFQjCNFcOPdBLGK2Fwh3EYArE9AchGeclw\">Conversas com Lutero<\/a>,&nbsp;<a href=\"http:\/\/www.ultimato.com.br\/loja\/produtos\/refeicoes-diarias-com-os-profetas-menores\" target=\"_blank\" rel=\"noopener\" data-saferedirecturl=\"https:\/\/www.google.com\/url?hl=pt-BR&amp;q=http:\/\/www.ultimato.com.br\/loja\/produtos\/refeicoes-diarias-com-os-profetas-menores&amp;source=gmail&amp;ust=1517406525545000&amp;usg=AFQjCNEU9KyL65eNB4xjtYXHqY5MKmN2oQ\">Refei\u00e7\u00f5es Di\u00e1rias com os Profetas Menores<\/a>,&nbsp;<a href=\"http:\/\/www.ultimato.com.br\/loja\/produtos\/a-pessoa-mais-importante-do-mundo\" target=\"_blank\" rel=\"noopener\" data-saferedirecturl=\"https:\/\/www.google.com\/url?hl=pt-BR&amp;q=http:\/\/www.ultimato.com.br\/loja\/produtos\/a-pessoa-mais-importante-do-mundo&amp;source=gmail&amp;ust=1517406525545000&amp;usg=AFQjCNF4Tip4eB2yD9_eYIa2EMkFiwvJ3g\">A Pessoa Mais Importante do Mundo<\/a>,&nbsp;<a href=\"http:\/\/www.ultimato.com.br\/loja\/produtos\/historia-da-evangelizacao-do-brasil\" target=\"_blank\" rel=\"noopener\" data-saferedirecturl=\"https:\/\/www.google.com\/url?hl=pt-BR&amp;q=http:\/\/www.ultimato.com.br\/loja\/produtos\/historia-da-evangelizacao-do-brasil&amp;source=gmail&amp;ust=1517406525545000&amp;usg=AFQjCNHPCm9wp-YPixF6HjCUjFDpeB4VTw\">Hist\u00f3ria da Evangeliza\u00e7\u00e3o do Brasil&nbsp;<\/a>e&nbsp;<a href=\"http:\/\/www.ultimato.com.br\/loja\/produtos\/praticas-devocionais-edicao-ampliada\" target=\"_blank\" rel=\"noopener\" data-saferedirecturl=\"https:\/\/www.google.com\/url?hl=pt-BR&amp;q=http:\/\/www.ultimato.com.br\/loja\/produtos\/praticas-devocionais-edicao-ampliada&amp;source=gmail&amp;ust=1517406525545000&amp;usg=AFQjCNG3e1DVETB6Scrg1YibGQOcX6H-7Q\">Pr\u00e1ticas Devocionais<\/a>. Ex-presidente da Associa\u00e7\u00e3o de Miss\u00f5es do Terceiro Mundo e fundador do Centro Evang\u00e9lico de Miss\u00f5es, do qual era presidente de honra, era tamb\u00e9m jornalista e pastor em\u00e9rito da Igreja Presbiteriana de Vi\u00e7osa.<\/h5>\n","protected":false},"excerpt":{"rendered":"<p>A s\u00e9rie \u201cULTIMATO 50 ANOS\u201d celebra meio s\u00e9culo de publica\u00e7\u00e3o ininterrupta da revista Ultimato, bem como a vida e o legado do seu fundador, o pastor Elben C\u00e9sar, autor dos livros da s\u00e9rie. Em janeiro, Ultimato lan\u00e7ou os quatro primeiros &hellip; <a href=\"https:\/\/ultimato.com.br\/sites\/serie-ultimato-50-anos\/\">Conte\u00fado<\/a><\/p>\n","protected":false},"author":24,"featured_media":0,"parent":0,"menu_order":0,"comment_status":"closed","ping_status":"closed","template":"page-feature.php","meta":{"ngg_post_thumbnail":0,"footnotes":""},"class_list":["post-47","page","type-page","status-publish","hentry"],"_links":{"self":[{"href":"https:\/\/ultimato.com.br\/sites\/serie-ultimato-50-anos\/wp-json\/wp\/v2\/pages\/47","targetHints":{"allow":["GET"]}}],"collection":[{"href":"https:\/\/ultimato.com.br\/sites\/serie-ultimato-50-anos\/wp-json\/wp\/v2\/pages"}],"about":[{"href":"https:\/\/ultimato.com.br\/sites\/serie-ultimato-50-anos\/wp-json\/wp\/v2\/types\/page"}],"author":[{"embeddable":true,"href":"https:\/\/ultimato.com.br\/sites\/serie-ultimato-50-anos\/wp-json\/wp\/v2\/users\/24"}],"replies":[{"embeddable":true,"href":"https:\/\/ultimato.com.br\/sites\/serie-ultimato-50-anos\/wp-json\/wp\/v2\/comments?post=47"}],"version-history":[{"count":24,"href":"https:\/\/ultimato.com.br\/sites\/serie-ultimato-50-anos\/wp-json\/wp\/v2\/pages\/47\/revisions"}],"predecessor-version":[{"id":146,"href":"https:\/\/ultimato.com.br\/sites\/serie-ultimato-50-anos\/wp-json\/wp\/v2\/pages\/47\/revisions\/146"}],"wp:attachment":[{"href":"https:\/\/ultimato.com.br\/sites\/serie-ultimato-50-anos\/wp-json\/wp\/v2\/media?parent=47"}],"curies":[{"name":"wp","href":"https:\/\/api.w.org\/{rel}","templated":true}]}}