{"id":297,"date":"2018-03-13T09:34:42","date_gmt":"2018-03-13T12:34:42","guid":{"rendered":"http:\/\/ultimato.com.br\/sites\/serie-ultimato-50-anos\/?page_id=297"},"modified":"2018-03-28T09:03:34","modified_gmt":"2018-03-28T12:03:34","slug":"para-melhor-enfrentar-o-sofrimento","status":"publish","type":"page","link":"https:\/\/ultimato.com.br\/sites\/serie-ultimato-50-anos\/para-melhor-enfrentar-o-sofrimento\/","title":{"rendered":"Para (Melhor) Enfrentar o Sofrimento"},"content":{"rendered":"<h4><strong>Para (Melhor) Enfrentar o Sofrimento<\/strong><\/h4>\n<p><a href=\"http:\/\/www.ultimato.com.br\/loja\/produtos\/para-melhor-enfrentar-o-sofrimento\" target=\"_blank\" rel=\"noopener\"><img loading=\"lazy\" decoding=\"async\" class=\"alignleft wp-image-157 size-full\" src=\"http:\/\/ultimato.com.br\/sites\/serie-ultimato-50-anos\/files\/pmes_p.jpg\" alt=\"\" width=\"215\" height=\"250\"><\/a><\/p>\n<p>&nbsp;<\/p>\n<p>Quando o assunto \u00e9 sofrimento, uns querem tomar a cruz para si; outros querem um cristianismo sem cruz. Os primeiros encaram a dor \u2013 e at\u00e9 a morte \u2013, como companheiras capazes de nos conduzir ao crescimento espiritual. Os triunfalistas, ao contr\u00e1rio, apegam-se \u00e0 sufici\u00eancia do sacrif\u00edcio de Cristo e dizem n\u00e3o admitir que mal algum os acometa.<\/p>\n<p>N\u00e3o h\u00e1 melhor resumo sobre o sofrimento humano do que o livro de J\u00f3. Ele n\u00e3o esconde a estranha desgra\u00e7a, as dores, as lutas e as perguntas de um homem em paz com Deus.<\/p>\n<p><strong>Para (Melhor) Enfrentar o Sofrimento<\/strong> traz algo novo: identifica as qualidades na personalidade de J\u00f3 que o tornaram capaz de sobreviver em meio ao sofrimento.<\/p>\n<p>&nbsp;<br \/>\n&nbsp;<strong>FICHA T\u00c9CNICA<br \/>\n<\/strong><strong>P\u00e1ginas:<\/strong>&nbsp;128<br \/>\n<strong>ISBN\u200b:<\/strong> \u200b 978-85-7779-007-4<br \/>\n<strong>Formato:<\/strong> 14&#215;21 cm<br \/>\n<strong>Pre\u00e7o:<\/strong> R$ 36,80<br \/>\n<a title=\"Compre\" href=\"http:\/\/www.ultimato.com.br\/loja\/produtos\/para-melhor-enfrentar-o-sofrimento\" target=\"_blank\" rel=\"noopener\"><img loading=\"lazy\" decoding=\"async\" class=\"alignnone\" src=\"http:\/\/www.ultimato.com.br\/image\/banners\/2011\/quero_comprar.jpg\" alt=\"Quero comprar\" width=\"113\" height=\"25\" border=\"0\"><\/a><\/p>\n<h5>&nbsp;<\/h5>\n<h5><strong>Leia um trecho:<\/strong><\/h5>\n<p><iframe loading=\"lazy\" src=\"\/\/e.issuu.com\/embed.html#1270802\/59265832\" width=\"100%\" height=\"475\" frameborder=\"0\" allowfullscreen=\"allowfullscreen\">&amp;amp;lt;span data-mce-type=&#8221;bookmark&#8221; style=&#8221;display: inline-block; width: 0px; overflow: hidden; line-height: 0;&#8221; class=&#8221;mce_SELRES_start&#8221;&amp;amp;gt;\ufeff&amp;amp;lt;\/span&amp;amp;gt;&amp;amp;amp;amp;amp;amp;amp;amp;amp;amp;amp;amp;amp;lt;span data-mce-type=&#8221;bookmark&#8221; style=&#8221;display: inline-block; width: 0px; overflow: hidden; line-height: 0;&#8221; class=&#8221;mce_SELRES_start&#8221;&amp;amp;amp;amp;amp;amp;amp;amp;amp;amp;amp;amp;amp;gt;\ufeff&amp;amp;amp;amp;amp;amp;amp;amp;amp;amp;amp;amp;amp;lt;\/span&amp;amp;amp;amp;amp;amp;amp;amp;amp;amp;amp;amp;amp;gt;<\/iframe><\/p>\n<p>&nbsp;<\/p>\n<h5><strong>Release:<\/strong><\/h5>\n<p>Aqui est\u00e1 o press-release do livro <strong>Para (Melhor) Enfrentar o Sofrimento<\/strong>&nbsp;para voc\u00ea divulgar no seu site, blog, jornal ou outro meio de comunica\u00e7\u00e3o do seu acesso. Ajude-nos a espalhar este conte\u00fado!<\/p>\n<p>\u2013 Arquivo em <a href=\"http:\/\/ultimato.com.br\/sites\/serie-ultimato-50-anos\/files\/Release_50Anos_Sofrimento.pdf\" target=\"_blank\" rel=\"noopener\">PDF<\/a>.<\/p>\n","protected":false},"excerpt":{"rendered":"<p>Para (Melhor) Enfrentar o Sofrimento &nbsp; Quando o assunto \u00e9 sofrimento, uns querem tomar a cruz para si; outros querem um cristianismo sem cruz. Os primeiros encaram a dor \u2013 e at\u00e9 a morte \u2013, como companheiras capazes de nos &hellip; <a href=\"https:\/\/ultimato.com.br\/sites\/serie-ultimato-50-anos\/para-melhor-enfrentar-o-sofrimento\/\">Conte\u00fado<\/a><\/p>\n","protected":false},"author":24,"featured_media":0,"parent":0,"menu_order":0,"comment_status":"closed","ping_status":"closed","template":"","meta":{"ngg_post_thumbnail":0,"footnotes":""},"class_list":["post-297","page","type-page","status-publish","hentry"],"_links":{"self":[{"href":"https:\/\/ultimato.com.br\/sites\/serie-ultimato-50-anos\/wp-json\/wp\/v2\/pages\/297","targetHints":{"allow":["GET"]}}],"collection":[{"href":"https:\/\/ultimato.com.br\/sites\/serie-ultimato-50-anos\/wp-json\/wp\/v2\/pages"}],"about":[{"href":"https:\/\/ultimato.com.br\/sites\/serie-ultimato-50-anos\/wp-json\/wp\/v2\/types\/page"}],"author":[{"embeddable":true,"href":"https:\/\/ultimato.com.br\/sites\/serie-ultimato-50-anos\/wp-json\/wp\/v2\/users\/24"}],"replies":[{"embeddable":true,"href":"https:\/\/ultimato.com.br\/sites\/serie-ultimato-50-anos\/wp-json\/wp\/v2\/comments?post=297"}],"version-history":[{"count":7,"href":"https:\/\/ultimato.com.br\/sites\/serie-ultimato-50-anos\/wp-json\/wp\/v2\/pages\/297\/revisions"}],"predecessor-version":[{"id":346,"href":"https:\/\/ultimato.com.br\/sites\/serie-ultimato-50-anos\/wp-json\/wp\/v2\/pages\/297\/revisions\/346"}],"wp:attachment":[{"href":"https:\/\/ultimato.com.br\/sites\/serie-ultimato-50-anos\/wp-json\/wp\/v2\/media?parent=297"}],"curies":[{"name":"wp","href":"https:\/\/api.w.org\/{rel}","templated":true}]}}