{"id":291,"date":"2018-03-13T09:24:11","date_gmt":"2018-03-13T12:24:11","guid":{"rendered":"http:\/\/ultimato.com.br\/sites\/serie-ultimato-50-anos\/?page_id=291"},"modified":"2018-03-22T08:52:30","modified_gmt":"2018-03-22T11:52:30","slug":"a-pessoa-mais-importante-do-mundo","status":"publish","type":"page","link":"https:\/\/ultimato.com.br\/sites\/serie-ultimato-50-anos\/a-pessoa-mais-importante-do-mundo\/","title":{"rendered":"A Pessoa Mais Importante do Mundo"},"content":{"rendered":"<h4><strong>A Pessoa Mais Importante do Mundo<\/strong><\/h4>\n<p><a href=\"http:\/\/www.ultimato.com.br\/loja\/produtos\/a-pessoa-mais-importante-do-mundo\" target=\"_blank\" rel=\"noopener\"><img loading=\"lazy\" decoding=\"async\" class=\"alignleft wp-image-157 size-full\" src=\"http:\/\/ultimato.com.br\/sites\/serie-ultimato-50-anos\/files\/apmidm_p.jpg\" alt=\"\" width=\"215\" height=\"250\"><\/a><\/p>\n<p>&nbsp;<\/p>\n<p>Pode parecer estranho, mas a pessoa mais importante do mundo ainda \u00e9 pouco conhecida e levada a s\u00e9rio. E, nem sempre sabemos o que dizer, qual melhor vers\u00edculo a ser lembrado ou como apresent\u00e1-lo para os que ainda n\u00e3o o conhecem.<\/p>\n<p><strong>A Pessoa Mais Importante do Mundo<\/strong> re\u00fane uma cole\u00e7\u00e3o preciosa de hist\u00f3rias da B\u00edblia que mostram, numa linguagem f\u00e1cil e atraente, o car\u00e1ter e os feitos de Jesus. Os milagres e as brigas, as curas e o perd\u00e3o \u2013 repetidas vezes dado a diferentes pessoas \u2013, o sofrimento, os \u00faltimos dias e tamb\u00e9m a ressurrei\u00e7\u00e3o de Jesus.<\/p>\n<p>Uma leitura fascinante, que nos leva a conhecer melhor e nos tornar amigos daquele que pode se tornar a pessoa mais importante das nossas vidas.<\/p>\n<p>&nbsp;<\/p>\n<p><strong>FICHA T\u00c9CNICA<br \/>\n<\/strong><strong>P\u00e1ginas:<\/strong>&nbsp;120<br \/>\n<strong>ISBN\u200b:<\/strong> 978-85-86539-45-9<br \/>\n<strong>Formato:<\/strong> 14&#215;21 cm<br \/>\n<strong>Pre\u00e7o:<\/strong> R$ 29,90<br \/>\n<a title=\"Compre\" href=\"http:\/\/www.ultimato.com.br\/loja\/produtos\/a-pessoa-mais-importante-do-mundo\" target=\"_blank\" rel=\"noopener\"><img loading=\"lazy\" decoding=\"async\" class=\"alignnone\" src=\"http:\/\/www.ultimato.com.br\/image\/banners\/2011\/quero_comprar.jpg\" alt=\"Quero comprar\" width=\"113\" height=\"25\" border=\"0\"><\/a><\/p>\n<h5>&nbsp;<\/h5>\n<h5><strong>Leia um trecho:<\/strong><\/h5>\n<p><iframe loading=\"lazy\" src=\"\/\/e.issuu.com\/embed.html#1270802\/59265753\" width=\"100%\" height=\"475\" frameborder=\"0\" allowfullscreen=\"allowfullscreen\">&amp;lt;span data-mce-type=&#8221;bookmark&#8221; style=&#8221;display: inline-block; width: 0px; overflow: hidden; line-height: 0;&#8221; class=&#8221;mce_SELRES_start&#8221;&amp;gt;\ufeff&amp;lt;\/span&amp;gt;&amp;amp;amp;amp;amp;amp;amp;amp;amp;amp;amp;lt;span data-mce-type=&#8221;bookmark&#8221; style=&#8221;display: inline-block; width: 0px; overflow: hidden; line-height: 0;&#8221; class=&#8221;mce_SELRES_start&#8221;&amp;amp;amp;amp;amp;amp;amp;amp;amp;amp;amp;gt;\ufeff&amp;amp;amp;amp;amp;amp;amp;amp;amp;amp;amp;lt;\/span&amp;amp;amp;amp;amp;amp;amp;amp;amp;amp;amp;gt;<\/iframe><\/p>\n<p>&nbsp;<\/p>\n<h5><strong>Release:<\/strong><\/h5>\n<p>Aqui est\u00e1 o press-release do livro <strong>A Pessoa Mais Importante do Mundo<\/strong> para voc\u00ea divulgar no seu site, blog, jornal ou outro meio de comunica\u00e7\u00e3o do seu acesso. Ajude-nos a espalhar este conte\u00fado!<\/p>\n<p>\u2013 Arquivo em <a href=\"http:\/\/ultimato.com.br\/sites\/serie-ultimato-50-anos\/files\/Release_50Anos_Pessoa_Mais_Importante.pdf\" target=\"_blank\" rel=\"noopener\">PDF<\/a>.<\/p>\n","protected":false},"excerpt":{"rendered":"<p>A Pessoa Mais Importante do Mundo &nbsp; Pode parecer estranho, mas a pessoa mais importante do mundo ainda \u00e9 pouco conhecida e levada a s\u00e9rio. E, nem sempre sabemos o que dizer, qual melhor vers\u00edculo a ser lembrado ou como &hellip; <a href=\"https:\/\/ultimato.com.br\/sites\/serie-ultimato-50-anos\/a-pessoa-mais-importante-do-mundo\/\">Conte\u00fado<\/a><\/p>\n","protected":false},"author":24,"featured_media":0,"parent":0,"menu_order":0,"comment_status":"closed","ping_status":"closed","template":"","meta":{"ngg_post_thumbnail":0,"footnotes":""},"class_list":["post-291","page","type-page","status-publish","hentry"],"_links":{"self":[{"href":"https:\/\/ultimato.com.br\/sites\/serie-ultimato-50-anos\/wp-json\/wp\/v2\/pages\/291","targetHints":{"allow":["GET"]}}],"collection":[{"href":"https:\/\/ultimato.com.br\/sites\/serie-ultimato-50-anos\/wp-json\/wp\/v2\/pages"}],"about":[{"href":"https:\/\/ultimato.com.br\/sites\/serie-ultimato-50-anos\/wp-json\/wp\/v2\/types\/page"}],"author":[{"embeddable":true,"href":"https:\/\/ultimato.com.br\/sites\/serie-ultimato-50-anos\/wp-json\/wp\/v2\/users\/24"}],"replies":[{"embeddable":true,"href":"https:\/\/ultimato.com.br\/sites\/serie-ultimato-50-anos\/wp-json\/wp\/v2\/comments?post=291"}],"version-history":[{"count":8,"href":"https:\/\/ultimato.com.br\/sites\/serie-ultimato-50-anos\/wp-json\/wp\/v2\/pages\/291\/revisions"}],"predecessor-version":[{"id":294,"href":"https:\/\/ultimato.com.br\/sites\/serie-ultimato-50-anos\/wp-json\/wp\/v2\/pages\/291\/revisions\/294"}],"wp:attachment":[{"href":"https:\/\/ultimato.com.br\/sites\/serie-ultimato-50-anos\/wp-json\/wp\/v2\/media?parent=291"}],"curies":[{"name":"wp","href":"https:\/\/api.w.org\/{rel}","templated":true}]}}