{"id":238,"date":"2018-01-31T12:52:23","date_gmt":"2018-01-31T14:52:23","guid":{"rendered":"http:\/\/ultimato.com.br\/sites\/serie-ultimato-50-anos\/?page_id=238"},"modified":"2018-03-22T08:53:59","modified_gmt":"2018-03-22T11:53:59","slug":"historia-da-evangelizacao-do-brasil","status":"publish","type":"page","link":"https:\/\/ultimato.com.br\/sites\/serie-ultimato-50-anos\/historia-da-evangelizacao-do-brasil\/","title":{"rendered":"Hist\u00f3ria da Evangeliza\u00e7\u00e3o do Brasil"},"content":{"rendered":"<h4>Hist\u00f3ria da Evangeliza\u00e7\u00e3o do Brasil<\/h4>\n<p><a href=\"http:\/\/www.ultimato.com.br\/loja\/produtos\/historia-da-evangelizacao-do-brasil\" target=\"_blank\" rel=\"noopener\"><img loading=\"lazy\" decoding=\"async\" class=\"alignleft wp-image-239 size-full\" src=\"http:\/\/ultimato.com.br\/sites\/serie-ultimato-50-anos\/files\/heb_p.jpg\" alt=\"\" width=\"215\" height=\"250\"><\/a><\/p>\n<p>&nbsp;<\/p>\n<p>Com quem, onde e como se iniciou a forma\u00e7\u00e3o das diferentes igrejas brasileiras?&nbsp;<\/p>\n<p>Dos jesu\u00edtas aos neopentecostais,&nbsp;<strong>Hist\u00f3ria da Evangeliza\u00e7\u00e3o do Brasil<\/strong>&nbsp;apresenta tr\u00eas momentos distintos da evangeliza\u00e7\u00e3o do Brasil: a&nbsp;<em>cristianiza\u00e7\u00e3o<\/em>&nbsp;\u2013 o que os mission\u00e1rios cat\u00f3licos portugueses e espanh\u00f3is faziam, dos s\u00e9culos 16 ao 18; a&nbsp;<em>evangeliza\u00e7\u00e3o<\/em>&nbsp;\u2013 por meio de mission\u00e1rios protestantes, quando todas as denomina\u00e7\u00f5es hist\u00f3ricas se instalaram no pa\u00eds, no s\u00e9culo 19; e a&nbsp;<em>pentecostaliza\u00e7\u00e3o<\/em>&nbsp;\u2013 da implanta\u00e7\u00e3o das Assembleias de Deus at\u00e9 a Renova\u00e7\u00e3o Carism\u00e1tica Cat\u00f3lica e a Igreja Universal do Reino de Deus, no s\u00e9culo 20.<\/p>\n<p>Erros aconteceram. No entanto, n\u00e3o podemos negar que esses mission\u00e1rios e mission\u00e1rias, amavam a Deus e trouxeram para c\u00e1 o evangelho de Jesus.<\/p>\n<p>&nbsp;<\/p>\n<p><strong>FICHA T\u00c9CNICA<br \/>\n<\/strong><strong>P\u00e1ginas: <\/strong>192<br \/>\n<strong>ISBN\u200b: <\/strong>978-85-86539-33-3<br \/>\n<strong>Formato:<\/strong> 14&#215;21 cm<br \/>\n<strong>Pre\u00e7o:<\/strong> R$ 41,90<br \/>\n<a title=\"Compre\" href=\"http:\/\/www.ultimato.com.br\/loja\/produtos\/historia-da-evangelizacao-do-brasil\" target=\"_blank\" rel=\"noopener\"><img loading=\"lazy\" decoding=\"async\" class=\"alignnone\" src=\"http:\/\/www.ultimato.com.br\/image\/banners\/2011\/quero_comprar.jpg\" alt=\"Quero comprar\" width=\"113\" height=\"25\" border=\"0\"><\/a><\/p>\n<h5>&nbsp;<\/h5>\n<h5><strong>Leia um trecho:<\/strong><\/h5>\n<p><iframe loading=\"lazy\" src=\"\/\/e.issuu.com\/embed.html#1270802\/57931293\" width=\"100%\" height=\"475\" frameborder=\"0\" allowfullscreen=\"allowfullscreen\">&amp;amp;amp;lt;span data-mce-type=&#8221;bookmark&#8221; style=&#8221;display: inline-block; width: 0px; overflow: hidden; line-height: 0;&#8221; class=&#8221;mce_SELRES_start&#8221;&amp;amp;amp;gt;\ufeff&amp;amp;amp;lt;\/span&amp;amp;amp;gt;<\/iframe><\/p>\n<p>&nbsp;<\/p>\n<h5><strong>Release:<\/strong><\/h5>\n<p>Aqui est\u00e1 o press-release do livro <strong>Hist\u00f3ria da Evangeliza\u00e7\u00e3o do Brasil<\/strong> para voc\u00ea divulgar no seu site, blog, jornal ou outro meio de comunica\u00e7\u00e3o do seu acesso. Ajude-nos a espalhar este conte\u00fado!<\/p>\n<p>\u2013 Arquivo em&nbsp;<a href=\"http:\/\/ultimato.com.br\/sites\/serie-ultimato-50-anos\/files\/Release_50Anos_Hist\u00f3ria_Evangelizacao.pdf\" target=\"_blank\" rel=\"noopener\">PDF<\/a>.<\/p>\n","protected":false},"excerpt":{"rendered":"<p>Hist\u00f3ria da Evangeliza\u00e7\u00e3o do Brasil &nbsp; Com quem, onde e como se iniciou a forma\u00e7\u00e3o das diferentes igrejas brasileiras?&nbsp; Dos jesu\u00edtas aos neopentecostais,&nbsp;Hist\u00f3ria da Evangeliza\u00e7\u00e3o do Brasil&nbsp;apresenta tr\u00eas momentos distintos da evangeliza\u00e7\u00e3o do Brasil: a&nbsp;cristianiza\u00e7\u00e3o&nbsp;\u2013 o que os mission\u00e1rios cat\u00f3licos &hellip; <a href=\"https:\/\/ultimato.com.br\/sites\/serie-ultimato-50-anos\/historia-da-evangelizacao-do-brasil\/\">Conte\u00fado<\/a><\/p>\n","protected":false},"author":24,"featured_media":0,"parent":0,"menu_order":0,"comment_status":"closed","ping_status":"closed","template":"","meta":{"ngg_post_thumbnail":0,"footnotes":""},"class_list":["post-238","page","type-page","status-publish","hentry"],"_links":{"self":[{"href":"https:\/\/ultimato.com.br\/sites\/serie-ultimato-50-anos\/wp-json\/wp\/v2\/pages\/238","targetHints":{"allow":["GET"]}}],"collection":[{"href":"https:\/\/ultimato.com.br\/sites\/serie-ultimato-50-anos\/wp-json\/wp\/v2\/pages"}],"about":[{"href":"https:\/\/ultimato.com.br\/sites\/serie-ultimato-50-anos\/wp-json\/wp\/v2\/types\/page"}],"author":[{"embeddable":true,"href":"https:\/\/ultimato.com.br\/sites\/serie-ultimato-50-anos\/wp-json\/wp\/v2\/users\/24"}],"replies":[{"embeddable":true,"href":"https:\/\/ultimato.com.br\/sites\/serie-ultimato-50-anos\/wp-json\/wp\/v2\/comments?post=238"}],"version-history":[{"count":10,"href":"https:\/\/ultimato.com.br\/sites\/serie-ultimato-50-anos\/wp-json\/wp\/v2\/pages\/238\/revisions"}],"predecessor-version":[{"id":338,"href":"https:\/\/ultimato.com.br\/sites\/serie-ultimato-50-anos\/wp-json\/wp\/v2\/pages\/238\/revisions\/338"}],"wp:attachment":[{"href":"https:\/\/ultimato.com.br\/sites\/serie-ultimato-50-anos\/wp-json\/wp\/v2\/media?parent=238"}],"curies":[{"name":"wp","href":"https:\/\/api.w.org\/{rel}","templated":true}]}}