{"id":204,"date":"2018-01-31T12:27:00","date_gmt":"2018-01-31T14:27:00","guid":{"rendered":"http:\/\/ultimato.com.br\/sites\/serie-ultimato-50-anos\/?page_id=204"},"modified":"2018-05-10T11:41:57","modified_gmt":"2018-05-10T14:41:57","slug":"por-que-sempre-faco-o-que-nao-quero","status":"publish","type":"page","link":"https:\/\/ultimato.com.br\/sites\/serie-ultimato-50-anos\/por-que-sempre-faco-o-que-nao-quero\/","title":{"rendered":"Por Que (Sempre) Fa\u00e7o o Que N\u00e3o Quero"},"content":{"rendered":"<h4>Por Que (Sempre) Fa\u00e7o o Que N\u00e3o Quero<\/h4>\n<p><a href=\"http:\/\/www.ultimato.com.br\/loja\/produtos\/por-que-sempre-faco-o-que-nao-quero\" target=\"_blank\" rel=\"noopener\"><img loading=\"lazy\" decoding=\"async\" class=\"alignleft wp-image-214 size-full\" src=\"http:\/\/ultimato.com.br\/sites\/serie-ultimato-50-anos\/files\/pqsf_p.jpg\" alt=\"\" width=\"215\" height=\"250\"><\/a><\/p>\n<p>&nbsp;<\/p>\n<p>A pergunta \u201cpor que fa\u00e7o o que n\u00e3o quero?\u201d \u00e9 quase uma confiss\u00e3o. Incomoda e tamb\u00e9m acusa.<\/p>\n<p>E n\u00e3o \u00e9 coisa de religiosos ou conversa de confession\u00e1rio. Todos carregam dentro de si duas tend\u00eancias opostas. Uma delas \u00e9 para o bem, a outra \u00e9 para o mal. E todo mundo sabe desse conflito. Est\u00e1 na boca dos intelectuais, dos psicopatas, no meio do povo e na igreja.<\/p>\n<p>A B\u00edblia responde e aponta caminhos para essa evidente contradi\u00e7\u00e3o que enfrentamos todos os dias. Por que sou eu um, hoje, e outro, amanh\u00e3? Como lidar com a repeti\u00e7\u00e3o do erro? <strong>Por Que (Sempre) Fa\u00e7o o Que N\u00e3o Quero?<\/strong> ajuda o leitor a responder a essa angustiante pergunta.<\/p>\n<p>&nbsp;<\/p>\n<p><strong>FICHA T\u00c9CNICA<br \/>\n<\/strong><strong>P\u00e1ginas:<\/strong> 136<br \/>\n<strong>ISBN\u200b:&nbsp;<\/strong>978-85-7779-047-0<br \/>\n<strong>Formato:<\/strong> 14&#215;21 cm<br \/>\n<strong>Pre\u00e7o:<\/strong> R$ 34,40<br \/>\n<a title=\"Compre\" href=\"http:\/\/www.ultimato.com.br\/loja\/produtos\/por-que-sempre-faco-o-que-nao-quero\" target=\"_blank\" rel=\"noopener\"><img loading=\"lazy\" decoding=\"async\" class=\"alignnone\" src=\"http:\/\/www.ultimato.com.br\/image\/banners\/2011\/quero_comprar.jpg\" alt=\"Quero comprar\" width=\"113\" height=\"25\" border=\"0\"><\/a><\/p>\n<h5>&nbsp;<\/h5>\n<h5><strong>Leia um trecho:<\/strong><\/h5>\n<p><iframe loading=\"lazy\" src=\"\/\/e.issuu.com\/embed.html#1270802\/57931491\" width=\"100%\" height=\"475\" frameborder=\"0\" allowfullscreen=\"allowfullscreen\">&amp;amp;amp;amp;amp;lt;span data-mce-type=&#8221;bookmark&#8221; style=&#8221;display: inline-block; width: 0px; overflow: hidden; line-height: 0;&#8221; class=&#8221;mce_SELRES_start&#8221;&amp;amp;amp;amp;amp;gt;\ufeff&amp;amp;amp;amp;amp;lt;\/span&amp;amp;amp;amp;amp;gt;<\/iframe><\/p>\n<h5>&nbsp;<\/h5>\n<h5><strong>Release:<\/strong><\/h5>\n<p>Aqui est\u00e1 o press-release do livro <strong>Por Que (Sempre) Fa\u00e7o o Que N\u00e3o Quero<\/strong>&nbsp;para voc\u00ea divulgar no seu site, blog, jornal ou outro meio de comunica\u00e7\u00e3o do seu acesso. Ajude-nos a espalhar este conte\u00fado!<\/p>\n<p>\u2013 Arquivo em <a href=\"http:\/\/ultimato.com.br\/sites\/serie-ultimato-50-anos\/files\/Release_50Anos_sempre_fa\u00e7o.pdf\" target=\"_blank\" rel=\"noopener\">PDF<\/a>.<\/p>\n<p>&nbsp;<\/p>\n<h5><strong>Frases selecionadas:<\/strong><\/h5>\n\n\t\t<style type=\"text\/css\">\n\t\t\t#gallery-1 {\n\t\t\t\tmargin: auto;\n\t\t\t}\n\t\t\t#gallery-1 .gallery-item {\n\t\t\t\tfloat: left;\n\t\t\t\tmargin-top: 10px;\n\t\t\t\ttext-align: center;\n\t\t\t\twidth: 50%;\n\t\t\t}\n\t\t\t#gallery-1 img {\n\t\t\t\tborder: 2px solid #cfcfcf;\n\t\t\t}\n\t\t\t#gallery-1 .gallery-caption {\n\t\t\t\tmargin-left: 0;\n\t\t\t}\n\t\t\t\/* see gallery_shortcode() in wp-includes\/media.php *\/\n\t\t<\/style>\n\t\t<div id='gallery-1' class='gallery galleryid-204 gallery-columns-2 gallery-size-medium'><dl class='gallery-item'>\n\t\t\t<dt class='gallery-icon landscape'>\n\t\t\t\t<a href='https:\/\/ultimato.com.br\/sites\/serie-ultimato-50-anos\/files\/frase_pqs_01.jpg' class=\"lightview\" data-lightview-group=\"group-204\" data-lightview-options=\"skin: 'dark', controls: 'relative', padding: '10', shadow: { color: '#000000', opacity: 0.08, blur: 3 }\" class=\"thumbnail\"><img loading=\"lazy\" decoding=\"async\" width=\"300\" height=\"300\" src=\"https:\/\/ultimato.com.br\/sites\/serie-ultimato-50-anos\/files\/frase_pqs_01-300x300.jpg\" class=\"attachment-medium size-medium\" alt=\"\" srcset=\"https:\/\/ultimato.com.br\/sites\/serie-ultimato-50-anos\/files\/frase_pqs_01-300x300.jpg 300w, https:\/\/ultimato.com.br\/sites\/serie-ultimato-50-anos\/files\/frase_pqs_01-150x150.jpg 150w, https:\/\/ultimato.com.br\/sites\/serie-ultimato-50-anos\/files\/frase_pqs_01.jpg 700w\" sizes=\"auto, (max-width: 300px) 100vw, 300px\" \/><\/a>\n\t\t\t<\/dt><\/dl><dl class='gallery-item'>\n\t\t\t<dt class='gallery-icon landscape'>\n\t\t\t\t<a href='https:\/\/ultimato.com.br\/sites\/serie-ultimato-50-anos\/files\/frase_pqs_02.jpg' class=\"lightview\" data-lightview-group=\"group-204\" data-lightview-options=\"skin: 'dark', controls: 'relative', padding: '10', shadow: { color: '#000000', opacity: 0.08, blur: 3 }\" class=\"thumbnail\"><img loading=\"lazy\" decoding=\"async\" width=\"300\" height=\"300\" src=\"https:\/\/ultimato.com.br\/sites\/serie-ultimato-50-anos\/files\/frase_pqs_02-300x300.jpg\" class=\"attachment-medium size-medium\" alt=\"\" srcset=\"https:\/\/ultimato.com.br\/sites\/serie-ultimato-50-anos\/files\/frase_pqs_02-300x300.jpg 300w, https:\/\/ultimato.com.br\/sites\/serie-ultimato-50-anos\/files\/frase_pqs_02-150x150.jpg 150w, https:\/\/ultimato.com.br\/sites\/serie-ultimato-50-anos\/files\/frase_pqs_02.jpg 700w\" sizes=\"auto, (max-width: 300px) 100vw, 300px\" \/><\/a>\n\t\t\t<\/dt><\/dl><br style=\"clear: both\" \/><dl class='gallery-item'>\n\t\t\t<dt class='gallery-icon landscape'>\n\t\t\t\t<a href='https:\/\/ultimato.com.br\/sites\/serie-ultimato-50-anos\/files\/frase_pqs_03.jpg' class=\"lightview\" data-lightview-group=\"group-204\" data-lightview-options=\"skin: 'dark', controls: 'relative', padding: '10', shadow: { color: '#000000', opacity: 0.08, blur: 3 }\" class=\"thumbnail\"><img loading=\"lazy\" decoding=\"async\" width=\"300\" height=\"300\" src=\"https:\/\/ultimato.com.br\/sites\/serie-ultimato-50-anos\/files\/frase_pqs_03-300x300.jpg\" class=\"attachment-medium size-medium\" alt=\"\" srcset=\"https:\/\/ultimato.com.br\/sites\/serie-ultimato-50-anos\/files\/frase_pqs_03-300x300.jpg 300w, https:\/\/ultimato.com.br\/sites\/serie-ultimato-50-anos\/files\/frase_pqs_03-150x150.jpg 150w, https:\/\/ultimato.com.br\/sites\/serie-ultimato-50-anos\/files\/frase_pqs_03.jpg 700w\" sizes=\"auto, (max-width: 300px) 100vw, 300px\" \/><\/a>\n\t\t\t<\/dt><\/dl><dl class='gallery-item'>\n\t\t\t<dt class='gallery-icon landscape'>\n\t\t\t\t<a href='https:\/\/ultimato.com.br\/sites\/serie-ultimato-50-anos\/files\/frase_pqs_04.jpg' class=\"lightview\" data-lightview-group=\"group-204\" data-lightview-options=\"skin: 'dark', controls: 'relative', padding: '10', shadow: { color: '#000000', opacity: 0.08, blur: 3 }\" class=\"thumbnail\"><img loading=\"lazy\" decoding=\"async\" width=\"300\" height=\"300\" src=\"https:\/\/ultimato.com.br\/sites\/serie-ultimato-50-anos\/files\/frase_pqs_04-300x300.jpg\" class=\"attachment-medium size-medium\" alt=\"\" srcset=\"https:\/\/ultimato.com.br\/sites\/serie-ultimato-50-anos\/files\/frase_pqs_04-300x300.jpg 300w, https:\/\/ultimato.com.br\/sites\/serie-ultimato-50-anos\/files\/frase_pqs_04-150x150.jpg 150w, https:\/\/ultimato.com.br\/sites\/serie-ultimato-50-anos\/files\/frase_pqs_04.jpg 700w\" sizes=\"auto, (max-width: 300px) 100vw, 300px\" \/><\/a>\n\t\t\t<\/dt><\/dl><br style=\"clear: both\" \/>\n\t\t<\/div>\n\n<p>&nbsp;<\/p>\n","protected":false},"excerpt":{"rendered":"<p>Por Que (Sempre) Fa\u00e7o o Que N\u00e3o Quero &nbsp; A pergunta \u201cpor que fa\u00e7o o que n\u00e3o quero?\u201d \u00e9 quase uma confiss\u00e3o. Incomoda e tamb\u00e9m acusa. E n\u00e3o \u00e9 coisa de religiosos ou conversa de confession\u00e1rio. Todos carregam dentro de &hellip; <a href=\"https:\/\/ultimato.com.br\/sites\/serie-ultimato-50-anos\/por-que-sempre-faco-o-que-nao-quero\/\">Conte\u00fado<\/a><\/p>\n","protected":false},"author":24,"featured_media":0,"parent":0,"menu_order":0,"comment_status":"closed","ping_status":"closed","template":"","meta":{"ngg_post_thumbnail":0,"footnotes":""},"class_list":["post-204","page","type-page","status-publish","hentry"],"_links":{"self":[{"href":"https:\/\/ultimato.com.br\/sites\/serie-ultimato-50-anos\/wp-json\/wp\/v2\/pages\/204","targetHints":{"allow":["GET"]}}],"collection":[{"href":"https:\/\/ultimato.com.br\/sites\/serie-ultimato-50-anos\/wp-json\/wp\/v2\/pages"}],"about":[{"href":"https:\/\/ultimato.com.br\/sites\/serie-ultimato-50-anos\/wp-json\/wp\/v2\/types\/page"}],"author":[{"embeddable":true,"href":"https:\/\/ultimato.com.br\/sites\/serie-ultimato-50-anos\/wp-json\/wp\/v2\/users\/24"}],"replies":[{"embeddable":true,"href":"https:\/\/ultimato.com.br\/sites\/serie-ultimato-50-anos\/wp-json\/wp\/v2\/comments?post=204"}],"version-history":[{"count":13,"href":"https:\/\/ultimato.com.br\/sites\/serie-ultimato-50-anos\/wp-json\/wp\/v2\/pages\/204\/revisions"}],"predecessor-version":[{"id":382,"href":"https:\/\/ultimato.com.br\/sites\/serie-ultimato-50-anos\/wp-json\/wp\/v2\/pages\/204\/revisions\/382"}],"wp:attachment":[{"href":"https:\/\/ultimato.com.br\/sites\/serie-ultimato-50-anos\/wp-json\/wp\/v2\/media?parent=204"}],"curies":[{"name":"wp","href":"https:\/\/api.w.org\/{rel}","templated":true}]}}