{"id":160,"date":"2018-01-31T11:58:52","date_gmt":"2018-01-31T13:58:52","guid":{"rendered":"http:\/\/ultimato.com.br\/sites\/serie-ultimato-50-anos\/?page_id=160"},"modified":"2018-03-22T08:54:24","modified_gmt":"2018-03-22T11:54:24","slug":"deixem-que-elas-mesmas-falem","status":"publish","type":"page","link":"https:\/\/ultimato.com.br\/sites\/serie-ultimato-50-anos\/deixem-que-elas-mesmas-falem\/","title":{"rendered":"Deixem que Elas Mesmas Falem"},"content":{"rendered":"<h4><strong>Deixem que Elas Mesmas Falem<\/strong><\/h4>\n<p><a href=\"http:\/\/www.ultimato.com.br\/loja\/produtos\/deixem-que-elas-mesmas-falem\" target=\"_blank\" rel=\"noopener\"><img loading=\"lazy\" decoding=\"async\" class=\"alignleft wp-image-157 size-full\" src=\"http:\/\/ultimato.com.br\/sites\/serie-ultimato-50-anos\/files\/dqemf_p.jpg\" alt=\"\" width=\"215\" height=\"250\"><\/a><\/p>\n<p>&nbsp;<\/p>\n<p><strong>Deixem que Elas Mesmas Falem<\/strong>&nbsp;d\u00e1 voz \u00e0s mulheres da B\u00edblia.<\/p>\n<p>Entre den\u00fancias e confiss\u00f5es, risos e l\u00e1grimas, as mulheres da B\u00edblia contam suas amarguras, seus dramas \u00edntimos, seus traumas de inf\u00e2ncia, seus deslizes, suas dificuldades com os filhos e maridos, suas experi\u00eancias religiosas e suas emo\u00e7\u00f5es mais profundas.<\/p>\n<p>Este livro n\u00e3o \u00e9 somente para mulheres. \u00c9 leitura tamb\u00e9m para toda a fam\u00edlia, para a igreja dos nossos dias. S\u00e3o 21 mulheres da B\u00edblia que, com o aux\u00edlio de outros dados hist\u00f3ricos e com criatividade, abrem a sua boca. Trata-se de uma fic\u00e7\u00e3o, de leitura agrad\u00e1vel e emocionante que, sem ferir o contexto b\u00edblico, aponta dilemas e alegrias que fazem parte da hist\u00f3ria de cada um de n\u00f3s.<\/p>\n<p>&nbsp;<\/p>\n<p><strong>FICHA T\u00c9CNICA<br \/>\n<\/strong><strong>P\u00e1ginas:<\/strong>&nbsp;112<br \/>\n<strong>ISBN\u200b:<\/strong> \u200b978-85-86539-20-6<br \/>\n<strong>Formato:<\/strong> 14&#215;21 cm<br \/>\n<strong>Pre\u00e7o:<\/strong> R$ 27,70<br \/>\n<a title=\"Compre\" href=\"http:\/\/www.ultimato.com.br\/loja\/produtos\/deixem-que-elas-mesmas-falem\" target=\"_blank\" rel=\"noopener\"><img loading=\"lazy\" decoding=\"async\" class=\"alignnone\" src=\"http:\/\/www.ultimato.com.br\/image\/banners\/2011\/quero_comprar.jpg\" alt=\"Quero comprar\" width=\"113\" height=\"25\" border=\"0\"><\/a><\/p>\n<h5>&nbsp;<\/h5>\n<h5><strong>Leia um trecho:<\/strong><\/h5>\n<p><iframe loading=\"lazy\" src=\"\/\/e.issuu.com\/embed.html#1270802\/57931250\" width=\"100%\" height=\"475\" frameborder=\"0\" allowfullscreen=\"allowfullscreen\">&amp;amp;amp;lt;span data-mce-type=&#8221;bookmark&#8221; style=&#8221;display: inline-block; width: 0px; overflow: hidden; line-height: 0;&#8221; class=&#8221;mce_SELRES_start&#8221;&amp;amp;amp;gt;\ufeff&amp;amp;amp;lt;\/span&amp;amp;amp;gt;<\/iframe><\/p>\n<p>&nbsp;<\/p>\n<h5><strong>Release:<\/strong><\/h5>\n<p>Aqui est\u00e1 o press-release do livro <strong>Deixem que Elas Mesmas Falem<\/strong> para voc\u00ea divulgar no seu site, blog, jornal ou outro meio de comunica\u00e7\u00e3o do seu acesso. Ajude-nos a espalhar este conte\u00fado!<\/p>\n<p>\u2013 Arquivo em <a href=\"http:\/\/ultimato.com.br\/sites\/serie-ultimato-50-anos\/files\/Release_50Anos_Elas_mesmas.pdf\" target=\"_blank\" rel=\"noopener\">PDF<\/a>.<\/p>\n<p>&nbsp;<\/p>\n<h5><strong>Frases selecionadas:<\/strong><\/h5>\n\n\t\t<style type=\"text\/css\">\n\t\t\t#gallery-1 {\n\t\t\t\tmargin: auto;\n\t\t\t}\n\t\t\t#gallery-1 .gallery-item {\n\t\t\t\tfloat: left;\n\t\t\t\tmargin-top: 10px;\n\t\t\t\ttext-align: center;\n\t\t\t\twidth: 50%;\n\t\t\t}\n\t\t\t#gallery-1 img {\n\t\t\t\tborder: 2px solid #cfcfcf;\n\t\t\t}\n\t\t\t#gallery-1 .gallery-caption {\n\t\t\t\tmargin-left: 0;\n\t\t\t}\n\t\t\t\/* see gallery_shortcode() in wp-includes\/media.php *\/\n\t\t<\/style>\n\t\t<div id='gallery-1' class='gallery galleryid-160 gallery-columns-2 gallery-size-medium'><dl class='gallery-item'>\n\t\t\t<dt class='gallery-icon landscape'>\n\t\t\t\t<a href='https:\/\/ultimato.com.br\/sites\/serie-ultimato-50-anos\/files\/frase_dqemf_04.jpg' class=\"lightview\" data-lightview-group=\"group-160\" data-lightview-options=\"skin: 'dark', controls: 'relative', padding: '10', shadow: { color: '#000000', opacity: 0.08, blur: 3 }\" class=\"thumbnail\"><img loading=\"lazy\" decoding=\"async\" width=\"300\" height=\"300\" src=\"https:\/\/ultimato.com.br\/sites\/serie-ultimato-50-anos\/files\/frase_dqemf_04-300x300.jpg\" class=\"attachment-medium size-medium\" alt=\"\" srcset=\"https:\/\/ultimato.com.br\/sites\/serie-ultimato-50-anos\/files\/frase_dqemf_04-300x300.jpg 300w, https:\/\/ultimato.com.br\/sites\/serie-ultimato-50-anos\/files\/frase_dqemf_04-150x150.jpg 150w, https:\/\/ultimato.com.br\/sites\/serie-ultimato-50-anos\/files\/frase_dqemf_04.jpg 700w\" sizes=\"auto, (max-width: 300px) 100vw, 300px\" \/><\/a>\n\t\t\t<\/dt><\/dl><dl class='gallery-item'>\n\t\t\t<dt class='gallery-icon landscape'>\n\t\t\t\t<a href='https:\/\/ultimato.com.br\/sites\/serie-ultimato-50-anos\/files\/frase_dqemf_03.jpg' class=\"lightview\" data-lightview-group=\"group-160\" data-lightview-options=\"skin: 'dark', controls: 'relative', padding: '10', shadow: { color: '#000000', opacity: 0.08, blur: 3 }\" class=\"thumbnail\"><img loading=\"lazy\" decoding=\"async\" width=\"300\" height=\"300\" src=\"https:\/\/ultimato.com.br\/sites\/serie-ultimato-50-anos\/files\/frase_dqemf_03-300x300.jpg\" class=\"attachment-medium size-medium\" alt=\"\" srcset=\"https:\/\/ultimato.com.br\/sites\/serie-ultimato-50-anos\/files\/frase_dqemf_03-300x300.jpg 300w, https:\/\/ultimato.com.br\/sites\/serie-ultimato-50-anos\/files\/frase_dqemf_03-150x150.jpg 150w, https:\/\/ultimato.com.br\/sites\/serie-ultimato-50-anos\/files\/frase_dqemf_03.jpg 700w\" sizes=\"auto, (max-width: 300px) 100vw, 300px\" \/><\/a>\n\t\t\t<\/dt><\/dl><br style=\"clear: both\" \/><dl class='gallery-item'>\n\t\t\t<dt class='gallery-icon landscape'>\n\t\t\t\t<a href='https:\/\/ultimato.com.br\/sites\/serie-ultimato-50-anos\/files\/frase_dqemf_02.jpg' class=\"lightview\" data-lightview-group=\"group-160\" data-lightview-options=\"skin: 'dark', controls: 'relative', padding: '10', shadow: { color: '#000000', opacity: 0.08, blur: 3 }\" class=\"thumbnail\"><img loading=\"lazy\" decoding=\"async\" width=\"300\" height=\"300\" src=\"https:\/\/ultimato.com.br\/sites\/serie-ultimato-50-anos\/files\/frase_dqemf_02-300x300.jpg\" class=\"attachment-medium size-medium\" alt=\"\" srcset=\"https:\/\/ultimato.com.br\/sites\/serie-ultimato-50-anos\/files\/frase_dqemf_02-300x300.jpg 300w, https:\/\/ultimato.com.br\/sites\/serie-ultimato-50-anos\/files\/frase_dqemf_02-150x150.jpg 150w, https:\/\/ultimato.com.br\/sites\/serie-ultimato-50-anos\/files\/frase_dqemf_02.jpg 700w\" sizes=\"auto, (max-width: 300px) 100vw, 300px\" \/><\/a>\n\t\t\t<\/dt><\/dl><dl class='gallery-item'>\n\t\t\t<dt class='gallery-icon landscape'>\n\t\t\t\t<a href='https:\/\/ultimato.com.br\/sites\/serie-ultimato-50-anos\/files\/frase_dqemf_01.jpg' class=\"lightview\" data-lightview-group=\"group-160\" data-lightview-options=\"skin: 'dark', controls: 'relative', padding: '10', shadow: { color: '#000000', opacity: 0.08, blur: 3 }\" class=\"thumbnail\"><img loading=\"lazy\" decoding=\"async\" width=\"300\" height=\"300\" src=\"https:\/\/ultimato.com.br\/sites\/serie-ultimato-50-anos\/files\/frase_dqemf_01-300x300.jpg\" class=\"attachment-medium size-medium\" alt=\"\" srcset=\"https:\/\/ultimato.com.br\/sites\/serie-ultimato-50-anos\/files\/frase_dqemf_01-300x300.jpg 300w, https:\/\/ultimato.com.br\/sites\/serie-ultimato-50-anos\/files\/frase_dqemf_01-150x150.jpg 150w, https:\/\/ultimato.com.br\/sites\/serie-ultimato-50-anos\/files\/frase_dqemf_01.jpg 700w\" sizes=\"auto, (max-width: 300px) 100vw, 300px\" \/><\/a>\n\t\t\t<\/dt><\/dl><br style=\"clear: both\" \/>\n\t\t<\/div>\n\n","protected":false},"excerpt":{"rendered":"<p>Deixem que Elas Mesmas Falem &nbsp; Deixem que Elas Mesmas Falem&nbsp;d\u00e1 voz \u00e0s mulheres da B\u00edblia. Entre den\u00fancias e confiss\u00f5es, risos e l\u00e1grimas, as mulheres da B\u00edblia contam suas amarguras, seus dramas \u00edntimos, seus traumas de inf\u00e2ncia, seus deslizes, suas &hellip; <a href=\"https:\/\/ultimato.com.br\/sites\/serie-ultimato-50-anos\/deixem-que-elas-mesmas-falem\/\">Conte\u00fado<\/a><\/p>\n","protected":false},"author":24,"featured_media":0,"parent":0,"menu_order":0,"comment_status":"closed","ping_status":"closed","template":"","meta":{"ngg_post_thumbnail":0,"footnotes":""},"class_list":["post-160","page","type-page","status-publish","hentry"],"_links":{"self":[{"href":"https:\/\/ultimato.com.br\/sites\/serie-ultimato-50-anos\/wp-json\/wp\/v2\/pages\/160","targetHints":{"allow":["GET"]}}],"collection":[{"href":"https:\/\/ultimato.com.br\/sites\/serie-ultimato-50-anos\/wp-json\/wp\/v2\/pages"}],"about":[{"href":"https:\/\/ultimato.com.br\/sites\/serie-ultimato-50-anos\/wp-json\/wp\/v2\/types\/page"}],"author":[{"embeddable":true,"href":"https:\/\/ultimato.com.br\/sites\/serie-ultimato-50-anos\/wp-json\/wp\/v2\/users\/24"}],"replies":[{"embeddable":true,"href":"https:\/\/ultimato.com.br\/sites\/serie-ultimato-50-anos\/wp-json\/wp\/v2\/comments?post=160"}],"version-history":[{"count":29,"href":"https:\/\/ultimato.com.br\/sites\/serie-ultimato-50-anos\/wp-json\/wp\/v2\/pages\/160\/revisions"}],"predecessor-version":[{"id":340,"href":"https:\/\/ultimato.com.br\/sites\/serie-ultimato-50-anos\/wp-json\/wp\/v2\/pages\/160\/revisions\/340"}],"wp:attachment":[{"href":"https:\/\/ultimato.com.br\/sites\/serie-ultimato-50-anos\/wp-json\/wp\/v2\/media?parent=160"}],"curies":[{"name":"wp","href":"https:\/\/api.w.org\/{rel}","templated":true}]}}